{"id":1679,"date":"2024-09-23T13:00:26","date_gmt":"2024-09-23T11:00:26","guid":{"rendered":"https:\/\/vanderlembloemen.nl\/produktpalette\/"},"modified":"2025-03-17T10:12:44","modified_gmt":"2025-03-17T08:12:44","slug":"produktpalette","status":"publish","type":"page","link":"https:\/\/vanderlembloemen.nl\/de\/produktpalette\/","title":{"rendered":"Produktpalette"},"content":{"rendered":"\t\t<div data-elementor-type=\"wp-page\" data-elementor-id=\"1679\" class=\"elementor elementor-1679 elementor-120\" data-elementor-post-type=\"page\">\n\t\t\t\t<div class=\"elementor-element elementor-element-e9308f8 e-con-full e-flex e-con e-parent\" data-id=\"e9308f8\" data-element_type=\"container\" data-e-type=\"container\" data-settings=\"{&quot;background_background&quot;:&quot;classic&quot;}\">\n\t\t\t\t<div class=\"elementor-element elementor-element-18497a3 elementor-widget elementor-widget-heading\" data-id=\"18497a3\" data-element_type=\"widget\" data-e-type=\"widget\" data-widget_type=\"heading.default\">\n\t\t\t\t<div class=\"elementor-widget-container\">\n\t\t\t\t\t<h2 class=\"elementor-heading-title elementor-size-default\">Produktpalette<\/h2>\t\t\t\t<\/div>\n\t\t\t\t<\/div>\n\t\t\t\t<\/div>\n\t\t<div class=\"elementor-element elementor-element-7777e72 e-flex e-con-boxed e-con e-parent\" data-id=\"7777e72\" data-element_type=\"container\" data-e-type=\"container\" data-settings=\"{&quot;background_background&quot;:&quot;classic&quot;}\">\n\t\t\t\t\t<div class=\"e-con-inner\">\n\t\t<div class=\"elementor-element elementor-element-777fd39 e-con-full e-flex e-con e-child\" data-id=\"777fd39\" data-element_type=\"container\" data-e-type=\"container\">\n\t\t<div class=\"elementor-element elementor-element-e8078bd e-con-full e-flex e-con e-child\" data-id=\"e8078bd\" data-element_type=\"container\" data-e-type=\"container\">\n\t\t\t\t<div class=\"elementor-element elementor-element-3f97823 animated-slow elementor-invisible elementor-widget elementor-widget-heading\" data-id=\"3f97823\" data-element_type=\"widget\" data-e-type=\"widget\" data-settings=\"{&quot;_animation&quot;:&quot;slideInUp&quot;}\" data-widget_type=\"heading.default\">\n\t\t\t\t<div class=\"elementor-widget-container\">\n\t\t\t\t\t<h2 class=\"elementor-heading-title elementor-size-default\">Entdecken Sie unsere <span style=\"color:#99F327\">Produktpalette<\/span><\/h2>\t\t\t\t<\/div>\n\t\t\t\t<\/div>\n\t\t\t\t<\/div>\n\t\t\t\t<\/div>\n\t\t<div class=\"elementor-element elementor-element-e03386f e-con-full e-flex e-con e-child\" data-id=\"e03386f\" data-element_type=\"container\" data-e-type=\"container\">\n\t\t\t\t<div class=\"elementor-element elementor-element-ffd19e4 elementor-cta--skin-cover elementor-cta--valign-middle elementor-widget__width-inherit elementor-widget-tablet__width-initial elementor-widget-mobile__width-inherit elementor-animated-content elementor-bg-transform elementor-bg-transform-zoom-in elementor-widget elementor-widget-call-to-action\" data-id=\"ffd19e4\" data-element_type=\"widget\" data-e-type=\"widget\" data-widget_type=\"call-to-action.default\">\n\t\t\t\t<div class=\"elementor-widget-container\">\n\t\t\t\t\t\t\t<a class=\"elementor-cta\" href=\"https:\/\/webshop.vanderlembloemen.nl\/product\/26\/bloem-groep\" target=\"_blank\">\n\t\t\t\t\t<div class=\"elementor-cta__bg-wrapper\">\n\t\t\t\t<div class=\"elementor-cta__bg elementor-bg\" style=\"background-image: url(https:\/\/vanderlembloemen.nl\/wp-content\/uploads\/2025\/01\/Assortiment-Bloemen-Aalsmeer.webp);\" role=\"img\" aria-label=\"Sortiment-Blumen-Aalsmeer\"><\/div>\n\t\t\t\t<div class=\"elementor-cta__bg-overlay\"><\/div>\n\t\t\t<\/div>\n\t\t\t\t\t\t\t<div class=\"elementor-cta__content\">\n\t\t\t\t\n\t\t\t\t\t\t\t\t\t<h2 class=\"elementor-cta__title elementor-cta__content-item elementor-content-item elementor-animated-item--grow\">\n\t\t\t\t\t\tBlumen\t\t\t\t\t<\/h2>\n\t\t\t\t\n\t\t\t\t\n\t\t\t\t\t\t\t\t\t<div class=\"elementor-cta__button-wrapper elementor-cta__content-item elementor-content-item elementor-animated-item--grow\">\n\t\t\t\t\t<span class=\"elementor-cta__button elementor-button elementor-size-\">\n\t\t\t\t\t\tSehen Sie unsere Blumen\t\t\t\t\t<\/span>\n\t\t\t\t\t<\/div>\n\t\t\t\t\t\t\t<\/div>\n\t\t\t\t\t\t<\/a>\n\t\t\t\t\t\t<\/div>\n\t\t\t\t<\/div>\n\t\t\t\t<div class=\"elementor-element elementor-element-93c1bf1 elementor-cta--skin-cover elementor-cta--valign-middle elementor-widget__width-inherit elementor-widget-tablet__width-initial elementor-widget-mobile__width-inherit elementor-animated-content elementor-bg-transform elementor-bg-transform-zoom-in elementor-widget elementor-widget-call-to-action\" data-id=\"93c1bf1\" data-element_type=\"widget\" data-e-type=\"widget\" data-widget_type=\"call-to-action.default\">\n\t\t\t\t<div class=\"elementor-widget-container\">\n\t\t\t\t\t\t\t<a class=\"elementor-cta\" href=\"https:\/\/webshop.vanderlembloemen.nl\/product\/5\/plants\" target=\"_blank\">\n\t\t\t\t\t<div class=\"elementor-cta__bg-wrapper\">\n\t\t\t\t<div class=\"elementor-cta__bg elementor-bg\" style=\"background-image: url(https:\/\/vanderlembloemen.nl\/wp-content\/uploads\/2024\/09\/Ons-assortiment-planten-768x1024.jpg);\" role=\"img\" aria-label=\"Unser-Sortiment-Pflanzen\"><\/div>\n\t\t\t\t<div class=\"elementor-cta__bg-overlay\"><\/div>\n\t\t\t<\/div>\n\t\t\t\t\t\t\t<div class=\"elementor-cta__content\">\n\t\t\t\t\n\t\t\t\t\t\t\t\t\t<h2 class=\"elementor-cta__title elementor-cta__content-item elementor-content-item elementor-animated-item--grow\">\n\t\t\t\t\t\tPflanzen\t\t\t\t\t<\/h2>\n\t\t\t\t\n\t\t\t\t\n\t\t\t\t\t\t\t\t\t<div class=\"elementor-cta__button-wrapper elementor-cta__content-item elementor-content-item elementor-animated-item--grow\">\n\t\t\t\t\t<span class=\"elementor-cta__button elementor-button elementor-size-\">\n\t\t\t\t\t\tUnsere Pflanzen ansehen\t\t\t\t\t<\/span>\n\t\t\t\t\t<\/div>\n\t\t\t\t\t\t\t<\/div>\n\t\t\t\t\t\t<\/a>\n\t\t\t\t\t\t<\/div>\n\t\t\t\t<\/div>\n\t\t\t\t<div class=\"elementor-element elementor-element-2f52608 elementor-cta--skin-cover elementor-cta--valign-middle elementor-widget__width-inherit elementor-widget-tablet__width-initial elementor-widget-mobile__width-inherit elementor-animated-content elementor-bg-transform elementor-bg-transform-zoom-in elementor-widget elementor-widget-call-to-action\" data-id=\"2f52608\" data-element_type=\"widget\" data-e-type=\"widget\" data-widget_type=\"call-to-action.default\">\n\t\t\t\t<div class=\"elementor-widget-container\">\n\t\t\t\t\t\t\t<a class=\"elementor-cta\" href=\"https:\/\/webshop.vanderlembloemen.nl\/product\/12\/deco\" target=\"_blank\">\n\t\t\t\t\t<div class=\"elementor-cta__bg-wrapper\">\n\t\t\t\t<div class=\"elementor-cta__bg elementor-bg\" style=\"background-image: url(https:\/\/vanderlembloemen.nl\/wp-content\/uploads\/2024\/09\/Ons-assortiment-decoratie-768x1024.jpg);\" role=\"img\" aria-label=\"Us-Sortiment-Dekoration\"><\/div>\n\t\t\t\t<div class=\"elementor-cta__bg-overlay\"><\/div>\n\t\t\t<\/div>\n\t\t\t\t\t\t\t<div class=\"elementor-cta__content\">\n\t\t\t\t\n\t\t\t\t\t\t\t\t\t<h2 class=\"elementor-cta__title elementor-cta__content-item elementor-content-item elementor-animated-item--grow\">\n\t\t\t\t\t\tDekoration\t\t\t\t\t<\/h2>\n\t\t\t\t\n\t\t\t\t\n\t\t\t\t\t\t\t\t\t<div class=\"elementor-cta__button-wrapper elementor-cta__content-item elementor-content-item elementor-animated-item--grow\">\n\t\t\t\t\t<span class=\"elementor-cta__button elementor-button elementor-size-\">\n\t\t\t\t\t\tSiehe unsere Dekoration\t\t\t\t\t<\/span>\n\t\t\t\t\t<\/div>\n\t\t\t\t\t\t\t<\/div>\n\t\t\t\t\t\t<\/a>\n\t\t\t\t\t\t<\/div>\n\t\t\t\t<\/div>\n\t\t\t\t<\/div>\n\t\t\t\t\t<\/div>\n\t\t\t\t<\/div>\n\t\t<div class=\"elementor-element elementor-element-b062333 e-con-full e-flex e-con e-parent\" data-id=\"b062333\" data-element_type=\"container\" data-e-type=\"container\" data-settings=\"{&quot;background_background&quot;:&quot;classic&quot;}\">\n\t\t<div class=\"elementor-element elementor-element-b16a988 e-con-full e-flex e-con e-child\" data-id=\"b16a988\" data-element_type=\"container\" data-e-type=\"container\">\n\t\t\t\t<div class=\"elementor-element elementor-element-256cfe4 elementor-widget__width-initial elementor-widget-tablet__width-inherit elementor-widget-tablet_extra__width-initial elementor-widget elementor-widget-heading\" data-id=\"256cfe4\" data-element_type=\"widget\" data-e-type=\"widget\" data-widget_type=\"heading.default\">\n\t\t\t\t<div class=\"elementor-widget-container\">\n\t\t\t\t\t<h2 class=\"elementor-heading-title elementor-size-default\">Sorglos<span style=\"color:#99F327\"> einkaufen <\/span> <\/h2>\t\t\t\t<\/div>\n\t\t\t\t<\/div>\n\t\t\t\t<div class=\"elementor-element elementor-element-1312a90 elementor-widget__width-initial elementor-widget-tablet__width-inherit elementor-widget-tablet_extra__width-initial elementor-widget elementor-widget-text-editor\" data-id=\"1312a90\" data-element_type=\"widget\" data-e-type=\"widget\" data-widget_type=\"text-editor.default\">\n\t\t\t\t<div class=\"elementor-widget-container\">\n\t\t\t\t\t\t\t\t\t<div class=\"border-borderMain\/50 ring-borderMain\/50 divide-borderMain\/50 dark:divide-borderMainDark\/50 dark:ring-borderMainDark\/50 dark:border-borderMainDark\/50 bg-transparent\">\n<div class=\"mb-md\">\n<div class=\"relative default font-sans text-base text-textMain dark:text-textMainDark selection:bg-super\/50 selection:text-textMain dark:selection:bg-superDuper\/10 dark:selection:text-superDark\">\n<div class=\"min-w-0 break-words [word-break:break-word]\">\n<div dir=\"auto\">\n<div class=\"prose dark:prose-invert inline leading-normal break-words min-w-0 [word-break:break-word]\">Van der Lem Flowers bietet verschiedene Kaufoptionen an, darunter Fernkauf (KOA), Webshop und E-Mail-Bestellung.<br \/>\nKunden k\u00f6nnen bequem von zu Hause aus Produkte zu den gew\u00fcnschten Preisen ausw\u00e4hlen.<br \/>\nDas spart Zeit, gibt Ihnen die Kontrolle \u00fcber Ihre Eink\u00e4ufe und erm\u00f6glicht eine schnelle Reaktion auf ver\u00e4nderte Bed\u00fcrfnisse.<br \/>\nAuch ohne physische Pr\u00e4senz auf der Auktion haben unsere Kunden Zugang zu einem breiten Angebot an hochwertigen Blumen, Pflanzen und Dekorationsmaterialien.   <\/div>\n<\/div>\n<\/div>\n<\/div>\n<\/div>\n<\/div>\n\t\t\t\t\t\t\t\t<\/div>\n\t\t\t\t<\/div>\n\t\t\t\t<\/div>\n\t\t\t\t<\/div>\n\t\t<div class=\"elementor-element elementor-element-4b52665 e-con-full e-flex e-con e-parent\" data-id=\"4b52665\" data-element_type=\"container\" data-e-type=\"container\" data-settings=\"{&quot;background_background&quot;:&quot;classic&quot;}\">\n\t\t\t\t<div class=\"elementor-element elementor-element-711c129 elementor-widget__width-initial elementor-widget elementor-widget-image\" data-id=\"711c129\" data-element_type=\"widget\" data-e-type=\"widget\" data-widget_type=\"image.default\">\n\t\t\t\t<div class=\"elementor-widget-container\">\n\t\t\t\t\t\t\t\t\t\t\t\t\t\t\t<img fetchpriority=\"high\" decoding=\"async\" width=\"800\" height=\"445\" src=\"https:\/\/vanderlembloemen.nl\/wp-content\/uploads\/2024\/11\/Vervoer-bloemen-aalsmeer-e1732285334163-1024x569.jpg\" class=\"attachment-large size-large wp-image-1623\" alt=\"\" srcset=\"https:\/\/vanderlembloemen.nl\/wp-content\/uploads\/2024\/11\/Vervoer-bloemen-aalsmeer-e1732285334163-1024x569.jpg 1024w, https:\/\/vanderlembloemen.nl\/wp-content\/uploads\/2024\/11\/Vervoer-bloemen-aalsmeer-e1732285334163-300x167.jpg 300w, https:\/\/vanderlembloemen.nl\/wp-content\/uploads\/2024\/11\/Vervoer-bloemen-aalsmeer-e1732285334163-768x427.jpg 768w, https:\/\/vanderlembloemen.nl\/wp-content\/uploads\/2024\/11\/Vervoer-bloemen-aalsmeer-e1732285334163-1536x854.jpg 1536w, https:\/\/vanderlembloemen.nl\/wp-content\/uploads\/2024\/11\/Vervoer-bloemen-aalsmeer-e1732285334163.jpg 1625w\" sizes=\"(max-width: 800px) 100vw, 800px\" \/>\t\t\t\t\t\t\t\t\t\t\t\t\t\t\t<\/div>\n\t\t\t\t<\/div>\n\t\t<div class=\"elementor-element elementor-element-d9a143c e-con-full e-flex e-con e-child\" data-id=\"d9a143c\" data-element_type=\"container\" data-e-type=\"container\">\n\t\t\t\t<div class=\"elementor-element elementor-element-99c1f66 elementor-widget__width-initial elementor-widget-tablet__width-inherit elementor-widget elementor-widget-heading\" data-id=\"99c1f66\" data-element_type=\"widget\" data-e-type=\"widget\" data-widget_type=\"heading.default\">\n\t\t\t\t<div class=\"elementor-widget-container\">\n\t\t\t\t\t<h2 class=\"elementor-heading-title elementor-size-default\"><span style=\"color:#99F327\"> Kaufen Sie<\/span> immer<span style=\"color:#99F327\"> alles<\/span>, kein Vorrat n\u00f6tig.<\/h2>\t\t\t\t<\/div>\n\t\t\t\t<\/div>\n\t\t\t\t<div class=\"elementor-element elementor-element-2e509ed elementor-widget__width-initial elementor-widget-tablet__width-inherit elementor-widget elementor-widget-text-editor\" data-id=\"2e509ed\" data-element_type=\"widget\" data-e-type=\"widget\" data-widget_type=\"text-editor.default\">\n\t\t\t\t<div class=\"elementor-widget-container\">\n\t\t\t\t\t\t\t\t\t<p>Van der Lem Flowers arbeitet mit einem minimalen Lagerbestand, um die ultimative Frische zu garantieren.<br \/>\nUnsere erfahrenen Eink\u00e4ufer w\u00e4hlen t\u00e4glich die besten Blumen und Pflanzen auf der Aalsmeer-Auktion und im direkten Kontakt mit den Z\u00fcchtern aus.<br \/>\nMit dem Ferneinkauf k\u00f6nnen die Kunden die Produkte selbst ausw\u00e4hlen und erhalten so vollst\u00e4ndige Flexibilit\u00e4t und Kontrolle \u00fcber ihre Eink\u00e4ufe.<br \/>\nDieser einzigartige Ansatz verbindet Kundenfreundlichkeit mit garantierter Qualit\u00e4t und erm\u00f6glicht es jedem, die perfekten Blumen zum richtigen Preis zu finden.   <\/p>\n\t\t\t\t\t\t\t\t<\/div>\n\t\t\t\t<\/div>\n\t\t\t\t<\/div>\n\t\t\t\t<\/div>\n\t\t\t\t<\/div>\n\t\t","protected":false},"excerpt":{"rendered":"<p>Produktpalette Entdecken Sie unsere Produktpalette Blumen Sehen Sie unsere Blumen Pflanzen Unsere Pflanzen ansehen Dekoration Siehe unsere Dekoration Sorglos einkaufen Van der Lem Flowers bietet verschiedene Kaufoptionen an, darunter Fernkauf (KOA), Webshop und E-Mail-Bestellung. Kunden k\u00f6nnen bequem von zu Hause aus Produkte zu den gew\u00fcnschten Preisen ausw\u00e4hlen. Das spart Zeit, gibt Ihnen die Kontrolle \u00fcber [&hellip;]<\/p>\n","protected":false},"author":1,"featured_media":0,"parent":0,"menu_order":0,"comment_status":"closed","ping_status":"closed","template":"","meta":{"footnotes":""},"class_list":["post-1679","page","type-page","status-publish","hentry"],"yoast_head":"<!-- This site is optimized with the Yoast SEO plugin v27.2 - https:\/\/yoast.com\/product\/yoast-seo-wordpress\/ -->\n<title>Angebot an Blumen und Pflanzen<\/title>\n<meta name=\"description\" content=\"Auch ohne physische Pr\u00e4senz auf der Auktion haben unsere Kunden Zugang zu einem breiten Angebot an hochwertigen Blumen, Pflanzen und Dekorationsmaterialien.\" \/>\n<meta name=\"robots\" content=\"index, follow, max-snippet:-1, max-image-preview:large, max-video-preview:-1\" \/>\n<link rel=\"canonical\" href=\"https:\/\/vanderlembloemen.nl\/de\/produktpalette\/\" \/>\n<meta property=\"og:locale\" content=\"de_DE\" \/>\n<meta property=\"og:type\" content=\"article\" \/>\n<meta property=\"og:title\" content=\"Angebot an Blumen und Pflanzen\" \/>\n<meta property=\"og:description\" content=\"Auch ohne physische Pr\u00e4senz auf der Auktion haben unsere Kunden Zugang zu einem breiten Angebot an hochwertigen Blumen, Pflanzen und Dekorationsmaterialien.\" \/>\n<meta property=\"og:url\" content=\"https:\/\/vanderlembloemen.nl\/de\/produktpalette\/\" \/>\n<meta property=\"og:site_name\" content=\"Van der Lem Bloemen\" \/>\n<meta property=\"article:modified_time\" content=\"2025-03-17T08:12:44+00:00\" \/>\n<meta property=\"og:image\" content=\"https:\/\/vanderlembloemen.nl\/wp-content\/uploads\/2024\/11\/Vervoer-bloemen-aalsmeer-e1732285334163.webp\" \/>\n\t<meta property=\"og:image:width\" content=\"1625\" \/>\n\t<meta property=\"og:image:height\" content=\"903\" \/>\n\t<meta property=\"og:image:type\" content=\"image\/jpeg\" \/>\n<meta name=\"twitter:card\" content=\"summary_large_image\" \/>\n<meta name=\"twitter:label1\" content=\"Gesch\u00e4tzte Lesezeit\" \/>\n\t<meta name=\"twitter:data1\" content=\"2\u00a0Minuten\" \/>\n<script type=\"application\/ld+json\" class=\"yoast-schema-graph\">{\"@context\":\"https:\/\/schema.org\",\"@graph\":[{\"@type\":\"WebPage\",\"@id\":\"https:\/\/vanderlembloemen.nl\/de\/produktpalette\/\",\"url\":\"https:\/\/vanderlembloemen.nl\/de\/produktpalette\/\",\"name\":\"Angebot an Blumen und Pflanzen\",\"isPartOf\":{\"@id\":\"https:\/\/vanderlembloemen.nl\/de\/#website\"},\"primaryImageOfPage\":{\"@id\":\"https:\/\/vanderlembloemen.nl\/de\/produktpalette\/#primaryimage\"},\"image\":{\"@id\":\"https:\/\/vanderlembloemen.nl\/de\/produktpalette\/#primaryimage\"},\"thumbnailUrl\":\"https:\/\/vanderlembloemen.nl\/wp-content\/uploads\/2024\/11\/Vervoer-bloemen-aalsmeer-e1732285334163-1024x569.jpg\",\"datePublished\":\"2024-09-23T11:00:26+00:00\",\"dateModified\":\"2025-03-17T08:12:44+00:00\",\"description\":\"Auch ohne physische Pr\u00e4senz auf der Auktion haben unsere Kunden Zugang zu einem breiten Angebot an hochwertigen Blumen, Pflanzen und Dekorationsmaterialien.\",\"breadcrumb\":{\"@id\":\"https:\/\/vanderlembloemen.nl\/de\/produktpalette\/#breadcrumb\"},\"inLanguage\":\"de\",\"potentialAction\":[{\"@type\":\"ReadAction\",\"target\":[\"https:\/\/vanderlembloemen.nl\/de\/produktpalette\/\"]}]},{\"@type\":\"ImageObject\",\"inLanguage\":\"de\",\"@id\":\"https:\/\/vanderlembloemen.nl\/de\/produktpalette\/#primaryimage\",\"url\":\"https:\/\/vanderlembloemen.nl\/wp-content\/uploads\/2024\/11\/Vervoer-bloemen-aalsmeer-e1732285334163-1024x569.jpg\",\"contentUrl\":\"https:\/\/vanderlembloemen.nl\/wp-content\/uploads\/2024\/11\/Vervoer-bloemen-aalsmeer-e1732285334163-1024x569.jpg\"},{\"@type\":\"BreadcrumbList\",\"@id\":\"https:\/\/vanderlembloemen.nl\/de\/produktpalette\/#breadcrumb\",\"itemListElement\":[{\"@type\":\"ListItem\",\"position\":1,\"name\":\"Home\",\"item\":\"https:\/\/vanderlembloemen.nl\/de\/homepage-2\/\"},{\"@type\":\"ListItem\",\"position\":2,\"name\":\"Produktpalette\"}]},{\"@type\":\"WebSite\",\"@id\":\"https:\/\/vanderlembloemen.nl\/de\/#website\",\"url\":\"https:\/\/vanderlembloemen.nl\/de\/\",\"name\":\"Van der Lem Bloemen\",\"description\":\"\",\"publisher\":{\"@id\":\"https:\/\/vanderlembloemen.nl\/de\/#organization\"},\"potentialAction\":[{\"@type\":\"SearchAction\",\"target\":{\"@type\":\"EntryPoint\",\"urlTemplate\":\"https:\/\/vanderlembloemen.nl\/de\/?s={search_term_string}\"},\"query-input\":{\"@type\":\"PropertyValueSpecification\",\"valueRequired\":true,\"valueName\":\"search_term_string\"}}],\"inLanguage\":\"de\"},{\"@type\":\"Organization\",\"@id\":\"https:\/\/vanderlembloemen.nl\/de\/#organization\",\"name\":\"Van der Lem Bloemen\",\"url\":\"https:\/\/vanderlembloemen.nl\/de\/\",\"logo\":{\"@type\":\"ImageObject\",\"inLanguage\":\"de\",\"@id\":\"https:\/\/vanderlembloemen.nl\/de\/#\/schema\/logo\/image\/\",\"url\":\"https:\/\/vanderlembloemen.nl\/wp-content\/uploads\/2024\/09\/Logo-Van-der-Lem-Bloemen.webp\",\"contentUrl\":\"https:\/\/vanderlembloemen.nl\/wp-content\/uploads\/2024\/09\/Logo-Van-der-Lem-Bloemen.webp\",\"width\":350,\"height\":100,\"caption\":\"Van der Lem Bloemen\"},\"image\":{\"@id\":\"https:\/\/vanderlembloemen.nl\/de\/#\/schema\/logo\/image\/\"}}]}<\/script>\n<!-- \/ Yoast SEO plugin. -->","yoast_head_json":{"title":"Angebot an Blumen und Pflanzen","description":"Auch ohne physische Pr\u00e4senz auf der Auktion haben unsere Kunden Zugang zu einem breiten Angebot an hochwertigen Blumen, Pflanzen und Dekorationsmaterialien.","robots":{"index":"index","follow":"follow","max-snippet":"max-snippet:-1","max-image-preview":"max-image-preview:large","max-video-preview":"max-video-preview:-1"},"canonical":"https:\/\/vanderlembloemen.nl\/de\/produktpalette\/","og_locale":"de_DE","og_type":"article","og_title":"Angebot an Blumen und Pflanzen","og_description":"Auch ohne physische Pr\u00e4senz auf der Auktion haben unsere Kunden Zugang zu einem breiten Angebot an hochwertigen Blumen, Pflanzen und Dekorationsmaterialien.","og_url":"https:\/\/vanderlembloemen.nl\/de\/produktpalette\/","og_site_name":"Van der Lem Bloemen","article_modified_time":"2025-03-17T08:12:44+00:00","og_image":[{"width":1625,"height":903,"url":"https:\/\/vanderlembloemen.nl\/wp-content\/uploads\/2024\/11\/Vervoer-bloemen-aalsmeer-e1732285334163.webp","type":"image\/jpeg"}],"twitter_card":"summary_large_image","twitter_misc":{"Gesch\u00e4tzte Lesezeit":"2\u00a0Minuten"},"schema":{"@context":"https:\/\/schema.org","@graph":[{"@type":"WebPage","@id":"https:\/\/vanderlembloemen.nl\/de\/produktpalette\/","url":"https:\/\/vanderlembloemen.nl\/de\/produktpalette\/","name":"Angebot an Blumen und Pflanzen","isPartOf":{"@id":"https:\/\/vanderlembloemen.nl\/de\/#website"},"primaryImageOfPage":{"@id":"https:\/\/vanderlembloemen.nl\/de\/produktpalette\/#primaryimage"},"image":{"@id":"https:\/\/vanderlembloemen.nl\/de\/produktpalette\/#primaryimage"},"thumbnailUrl":"https:\/\/vanderlembloemen.nl\/wp-content\/uploads\/2024\/11\/Vervoer-bloemen-aalsmeer-e1732285334163-1024x569.jpg","datePublished":"2024-09-23T11:00:26+00:00","dateModified":"2025-03-17T08:12:44+00:00","description":"Auch ohne physische Pr\u00e4senz auf der Auktion haben unsere Kunden Zugang zu einem breiten Angebot an hochwertigen Blumen, Pflanzen und Dekorationsmaterialien.","breadcrumb":{"@id":"https:\/\/vanderlembloemen.nl\/de\/produktpalette\/#breadcrumb"},"inLanguage":"de","potentialAction":[{"@type":"ReadAction","target":["https:\/\/vanderlembloemen.nl\/de\/produktpalette\/"]}]},{"@type":"ImageObject","inLanguage":"de","@id":"https:\/\/vanderlembloemen.nl\/de\/produktpalette\/#primaryimage","url":"https:\/\/vanderlembloemen.nl\/wp-content\/uploads\/2024\/11\/Vervoer-bloemen-aalsmeer-e1732285334163-1024x569.jpg","contentUrl":"https:\/\/vanderlembloemen.nl\/wp-content\/uploads\/2024\/11\/Vervoer-bloemen-aalsmeer-e1732285334163-1024x569.jpg"},{"@type":"BreadcrumbList","@id":"https:\/\/vanderlembloemen.nl\/de\/produktpalette\/#breadcrumb","itemListElement":[{"@type":"ListItem","position":1,"name":"Home","item":"https:\/\/vanderlembloemen.nl\/de\/homepage-2\/"},{"@type":"ListItem","position":2,"name":"Produktpalette"}]},{"@type":"WebSite","@id":"https:\/\/vanderlembloemen.nl\/de\/#website","url":"https:\/\/vanderlembloemen.nl\/de\/","name":"Van der Lem Bloemen","description":"","publisher":{"@id":"https:\/\/vanderlembloemen.nl\/de\/#organization"},"potentialAction":[{"@type":"SearchAction","target":{"@type":"EntryPoint","urlTemplate":"https:\/\/vanderlembloemen.nl\/de\/?s={search_term_string}"},"query-input":{"@type":"PropertyValueSpecification","valueRequired":true,"valueName":"search_term_string"}}],"inLanguage":"de"},{"@type":"Organization","@id":"https:\/\/vanderlembloemen.nl\/de\/#organization","name":"Van der Lem Bloemen","url":"https:\/\/vanderlembloemen.nl\/de\/","logo":{"@type":"ImageObject","inLanguage":"de","@id":"https:\/\/vanderlembloemen.nl\/de\/#\/schema\/logo\/image\/","url":"https:\/\/vanderlembloemen.nl\/wp-content\/uploads\/2024\/09\/Logo-Van-der-Lem-Bloemen.webp","contentUrl":"https:\/\/vanderlembloemen.nl\/wp-content\/uploads\/2024\/09\/Logo-Van-der-Lem-Bloemen.webp","width":350,"height":100,"caption":"Van der Lem Bloemen"},"image":{"@id":"https:\/\/vanderlembloemen.nl\/de\/#\/schema\/logo\/image\/"}}]}},"_links":{"self":[{"href":"https:\/\/vanderlembloemen.nl\/de\/wp-json\/wp\/v2\/pages\/1679","targetHints":{"allow":["GET"]}}],"collection":[{"href":"https:\/\/vanderlembloemen.nl\/de\/wp-json\/wp\/v2\/pages"}],"about":[{"href":"https:\/\/vanderlembloemen.nl\/de\/wp-json\/wp\/v2\/types\/page"}],"author":[{"embeddable":true,"href":"https:\/\/vanderlembloemen.nl\/de\/wp-json\/wp\/v2\/users\/1"}],"replies":[{"embeddable":true,"href":"https:\/\/vanderlembloemen.nl\/de\/wp-json\/wp\/v2\/comments?post=1679"}],"version-history":[{"count":18,"href":"https:\/\/vanderlembloemen.nl\/de\/wp-json\/wp\/v2\/pages\/1679\/revisions"}],"predecessor-version":[{"id":3677,"href":"https:\/\/vanderlembloemen.nl\/de\/wp-json\/wp\/v2\/pages\/1679\/revisions\/3677"}],"wp:attachment":[{"href":"https:\/\/vanderlembloemen.nl\/de\/wp-json\/wp\/v2\/media?parent=1679"}],"curies":[{"name":"wp","href":"https:\/\/api.w.org\/{rel}","templated":true}]}}