{"id":1716,"date":"2024-09-23T13:00:42","date_gmt":"2024-09-23T11:00:42","guid":{"rendered":"https:\/\/vanderlembloemen.nl\/ueber-uns\/"},"modified":"2025-01-24T15:26:12","modified_gmt":"2025-01-24T13:26:12","slug":"ueber-uns","status":"publish","type":"page","link":"https:\/\/vanderlembloemen.nl\/de\/ueber-uns\/","title":{"rendered":"\u00dcber uns"},"content":{"rendered":"\t\t<div data-elementor-type=\"wp-page\" data-elementor-id=\"1716\" class=\"elementor elementor-1716 elementor-122\" data-elementor-post-type=\"page\">\n\t\t\t\t<div class=\"elementor-element elementor-element-0d7912c e-con-full e-flex e-con e-parent\" data-id=\"0d7912c\" data-element_type=\"container\" data-e-type=\"container\" data-settings=\"{&quot;background_background&quot;:&quot;classic&quot;}\">\n\t\t\t\t<div class=\"elementor-element elementor-element-0a3bc57 elementor-widget elementor-widget-heading\" data-id=\"0a3bc57\" data-element_type=\"widget\" data-e-type=\"widget\" data-widget_type=\"heading.default\">\n\t\t\t\t<div class=\"elementor-widget-container\">\n\t\t\t\t\t<h2 class=\"elementor-heading-title elementor-size-default\">\u00dcber uns<\/h2>\t\t\t\t<\/div>\n\t\t\t\t<\/div>\n\t\t\t\t<\/div>\n\t\t<div class=\"elementor-element elementor-element-cbd9847 e-con-full e-flex e-con e-child\" data-id=\"cbd9847\" data-element_type=\"container\" data-e-type=\"container\" data-settings=\"{&quot;background_background&quot;:&quot;classic&quot;}\">\n\t\t\t\t<div class=\"elementor-element elementor-element-494697f elementor-widget__width-initial elementor-widget-tablet__width-inherit elementor-invisible elementor-widget elementor-widget-heading\" data-id=\"494697f\" data-element_type=\"widget\" data-e-type=\"widget\" data-settings=\"{&quot;_animation&quot;:&quot;fadeIn&quot;}\" data-widget_type=\"heading.default\">\n\t\t\t\t<div class=\"elementor-widget-container\">\n\t\t\t\t\t<h2 class=\"elementor-heading-title elementor-size-default\"><div> Ein echtes F<span style=\"color:#99F327\"> amilienunternehmen<\/span> <\/h2>\t\t\t\t<\/div>\n\t\t\t\t<\/div>\n\t\t\t\t<div class=\"elementor-element elementor-element-a407662 elementor-widget__width-initial elementor-widget-tablet__width-inherit elementor-widget-tablet_extra__width-initial elementor-invisible elementor-widget elementor-widget-text-editor\" data-id=\"a407662\" data-element_type=\"widget\" data-e-type=\"widget\" data-settings=\"{&quot;_animation&quot;:&quot;fadeIn&quot;}\" data-widget_type=\"text-editor.default\">\n\t\t\t\t<div class=\"elementor-widget-container\">\n\t\t\t\t\t\t\t\t\t<p>Van der Lem Flowers, 1997 als Familienunternehmen gegr\u00fcndet, legt Wert auf einen pers\u00f6nlichen Ansatz. Wir haben ein offenes Ohr f\u00fcr die W\u00fcnsche unserer Kunden und bieten ma\u00dfgeschneiderte L\u00f6sungen. Wir k\u00fcmmern uns um jede Bestellung mit Sorgfalt und Aufmerksamkeit, so dass Sie sich immer auf die beste Qualit\u00e4t der Blumen und Pflanzen verlassen k\u00f6nnen.    <\/p>\n\t\t\t\t\t\t\t\t<\/div>\n\t\t\t\t<\/div>\n\t\t\t\t<\/div>\n\t\t<div class=\"elementor-element elementor-element-506a0a0 e-con-full e-flex e-con e-parent\" data-id=\"506a0a0\" data-element_type=\"container\" data-e-type=\"container\" data-settings=\"{&quot;background_background&quot;:&quot;classic&quot;}\">\n\t\t\t\t<div class=\"elementor-element elementor-element-2bc6c0a1 elementor-widget__width-inherit elementor-invisible elementor-widget elementor-widget-image\" data-id=\"2bc6c0a1\" data-element_type=\"widget\" data-e-type=\"widget\" data-settings=\"{&quot;_animation&quot;:&quot;fadeIn&quot;}\" data-widget_type=\"image.default\">\n\t\t\t\t<div class=\"elementor-widget-container\">\n\t\t\t\t\t\t\t\t\t\t\t\t\t\t\t<img fetchpriority=\"high\" decoding=\"async\" width=\"2048\" height=\"982\" src=\"https:\/\/vanderlembloemen.nl\/wp-content\/uploads\/2025\/01\/Familiebedrijf-van-der-lem-bloemen-aalsmeer.webp\" class=\"attachment-full size-full wp-image-3230\" alt=\"\" \/>\t\t\t\t\t\t\t\t\t\t\t\t\t\t\t<\/div>\n\t\t\t\t<\/div>\n\t\t\t\t<\/div>\n\t\t<div class=\"elementor-element elementor-element-1cfd29a3 e-flex e-con-boxed e-con e-parent\" data-id=\"1cfd29a3\" data-element_type=\"container\" data-e-type=\"container\" data-settings=\"{&quot;background_background&quot;:&quot;classic&quot;}\">\n\t\t\t\t\t<div class=\"e-con-inner\">\n\t\t<div class=\"elementor-element elementor-element-e66c7a6 e-con-full e-flex e-con e-child\" data-id=\"e66c7a6\" data-element_type=\"container\" data-e-type=\"container\">\n\t\t\t\t<div class=\"elementor-element elementor-element-dc43892 elementor-widget__width-initial elementor-widget-tablet__width-inherit elementor-widget elementor-widget-heading\" data-id=\"dc43892\" data-element_type=\"widget\" data-e-type=\"widget\" data-widget_type=\"heading.default\">\n\t\t\t\t<div class=\"elementor-widget-container\">\n\t\t\t\t\t<h2 class=\"elementor-heading-title elementor-size-default\">Das ist es, wof\u00fcr<span style=\"color:#99F327\"> wir<\/span> stehen<\/h2>\t\t\t\t<\/div>\n\t\t\t\t<\/div>\n\t\t\t\t<\/div>\n\t\t<div class=\"elementor-element elementor-element-5ebcdb64 e-con-full e-flex e-con e-child\" data-id=\"5ebcdb64\" data-element_type=\"container\" data-e-type=\"container\">\n\t\t\t\t<div class=\"elementor-element elementor-element-25eb358f elementor-widget-divider--view-line elementor-widget elementor-widget-divider\" data-id=\"25eb358f\" data-element_type=\"widget\" data-e-type=\"widget\" data-widget_type=\"divider.default\">\n\t\t\t\t<div class=\"elementor-widget-container\">\n\t\t\t\t\t\t\t<div class=\"elementor-divider\">\n\t\t\t<span class=\"elementor-divider-separator\">\n\t\t\t\t\t\t<\/span>\n\t\t<\/div>\n\t\t\t\t\t\t<\/div>\n\t\t\t\t<\/div>\n\t\t\t\t<div class=\"elementor-element elementor-element-402d97f0 elementor-widget elementor-widget-icon-box\" data-id=\"402d97f0\" data-element_type=\"widget\" data-e-type=\"widget\" data-widget_type=\"icon-box.default\">\n\t\t\t\t<div class=\"elementor-widget-container\">\n\t\t\t\t\t\t\t<div class=\"elementor-icon-box-wrapper\">\n\n\t\t\t\n\t\t\t\t\t\t<div class=\"elementor-icon-box-content\">\n\n\t\t\t\t\t\t\t\t\t<h3 class=\"elementor-icon-box-title\">\n\t\t\t\t\t\t<span  >\n\t\t\t\t\t\t\tPers\u00f6nlich &amp; kundenorientiert\t\t\t\t\t\t<\/span>\n\t\t\t\t\t<\/h3>\n\t\t\t\t\n\t\t\t\t\t\t\t\t\t<p class=\"elementor-icon-box-description\">\n\t\t\t\t\t\tBei Van der Lem Flowers sind wir nah an unseren Kunden. Wir h\u00f6ren uns ihre W\u00fcnsche an und bieten individuelle L\u00f6sungen, die perfekt auf ihre Bed\u00fcrfnisse abgestimmt sind. \t\t\t\t\t<\/p>\n\t\t\t\t\n\t\t\t<\/div>\n\t\t\t\n\t\t<\/div>\n\t\t\t\t\t\t<\/div>\n\t\t\t\t<\/div>\n\t\t\t\t<\/div>\n\t\t<div class=\"elementor-element elementor-element-472eeb3 e-con-full e-flex e-con e-child\" data-id=\"472eeb3\" data-element_type=\"container\" data-e-type=\"container\">\n\t\t\t\t<div class=\"elementor-element elementor-element-c309b4c elementor-widget-divider--view-line elementor-widget elementor-widget-divider\" data-id=\"c309b4c\" data-element_type=\"widget\" data-e-type=\"widget\" data-widget_type=\"divider.default\">\n\t\t\t\t<div class=\"elementor-widget-container\">\n\t\t\t\t\t\t\t<div class=\"elementor-divider\">\n\t\t\t<span class=\"elementor-divider-separator\">\n\t\t\t\t\t\t<\/span>\n\t\t<\/div>\n\t\t\t\t\t\t<\/div>\n\t\t\t\t<\/div>\n\t\t\t\t<div class=\"elementor-element elementor-element-54425418 elementor-widget elementor-widget-icon-box\" data-id=\"54425418\" data-element_type=\"widget\" data-e-type=\"widget\" data-widget_type=\"icon-box.default\">\n\t\t\t\t<div class=\"elementor-widget-container\">\n\t\t\t\t\t\t\t<div class=\"elementor-icon-box-wrapper\">\n\n\t\t\t\n\t\t\t\t\t\t<div class=\"elementor-icon-box-content\">\n\n\t\t\t\t\t\t\t\t\t<h3 class=\"elementor-icon-box-title\">\n\t\t\t\t\t\t<span  >\n\t\t\t\t\t\t\tZuverl\u00e4ssig\t\t\t\t\t\t<\/span>\n\t\t\t\t\t<\/h3>\n\t\t\t\t\n\t\t\t\t\t\t\t\t\t<p class=\"elementor-icon-box-description\">\n\t\t\t\t\t\tVan der Lem Flowers liefert dank unserer langj\u00e4hrigen Erfahrung stets Spitzenqualit\u00e4t. Jede Bestellung wird sorgf\u00e4ltig bearbeitet, von der Auswahl der Blumen bis zur p\u00fcnktlichen Lieferung, damit alles perfekt ist. \t\t\t\t\t<\/p>\n\t\t\t\t\n\t\t\t<\/div>\n\t\t\t\n\t\t<\/div>\n\t\t\t\t\t\t<\/div>\n\t\t\t\t<\/div>\n\t\t\t\t<\/div>\n\t\t<div class=\"elementor-element elementor-element-57287030 e-con-full e-flex e-con e-child\" data-id=\"57287030\" data-element_type=\"container\" data-e-type=\"container\">\n\t\t\t\t<div class=\"elementor-element elementor-element-defad04 elementor-widget-divider--view-line elementor-widget elementor-widget-divider\" data-id=\"defad04\" data-element_type=\"widget\" data-e-type=\"widget\" data-widget_type=\"divider.default\">\n\t\t\t\t<div class=\"elementor-widget-container\">\n\t\t\t\t\t\t\t<div class=\"elementor-divider\">\n\t\t\t<span class=\"elementor-divider-separator\">\n\t\t\t\t\t\t<\/span>\n\t\t<\/div>\n\t\t\t\t\t\t<\/div>\n\t\t\t\t<\/div>\n\t\t\t\t<div class=\"elementor-element elementor-element-cfbf862 elementor-widget elementor-widget-icon-box\" data-id=\"cfbf862\" data-element_type=\"widget\" data-e-type=\"widget\" data-widget_type=\"icon-box.default\">\n\t\t\t\t<div class=\"elementor-widget-container\">\n\t\t\t\t\t\t\t<div class=\"elementor-icon-box-wrapper\">\n\n\t\t\t\n\t\t\t\t\t\t<div class=\"elementor-icon-box-content\">\n\n\t\t\t\t\t\t\t\t\t<h3 class=\"elementor-icon-box-title\">\n\t\t\t\t\t\t<span  >\n\t\t\t\t\t\t\tInnovation und Wachstum\t\t\t\t\t\t<\/span>\n\t\t\t\t\t<\/h3>\n\t\t\t\t\n\t\t\t\t\t\t\t\t\t<p class=\"elementor-icon-box-description\">\n\t\t\t\t\t\tVan der Lem Flowers ist st\u00e4ndig auf der Suche nach innovativen M\u00f6glichkeiten zur Verbesserung von Prozessen und Angeboten, damit wir unseren Kunden stets die besten Produkte liefern k\u00f6nnen.  \t\t\t\t\t<\/p>\n\t\t\t\t\n\t\t\t<\/div>\n\t\t\t\n\t\t<\/div>\n\t\t\t\t\t\t<\/div>\n\t\t\t\t<\/div>\n\t\t\t\t<\/div>\n\t\t\t\t\t<\/div>\n\t\t\t\t<\/div>\n\t\t<div class=\"elementor-element elementor-element-11a21a0b e-con-full e-flex e-con e-parent\" data-id=\"11a21a0b\" data-element_type=\"container\" data-e-type=\"container\" data-settings=\"{&quot;background_background&quot;:&quot;classic&quot;}\">\n\t\t\t\t<div class=\"elementor-element elementor-element-7046f68e elementor-widget__width-initial elementor-invisible elementor-widget elementor-widget-image\" data-id=\"7046f68e\" data-element_type=\"widget\" data-e-type=\"widget\" data-settings=\"{&quot;_animation&quot;:&quot;fadeIn&quot;}\" data-widget_type=\"image.default\">\n\t\t\t\t<div class=\"elementor-widget-container\">\n\t\t\t\t\t\t\t\t\t\t\t\t\t\t\t<img decoding=\"async\" width=\"800\" height=\"534\" src=\"https:\/\/vanderlembloemen.nl\/wp-content\/uploads\/2025\/01\/Aalsmeer-bloemenveiling-1024x683.jpeg\" class=\"attachment-large size-large wp-image-3031\" alt=\"\" srcset=\"https:\/\/vanderlembloemen.nl\/wp-content\/uploads\/2025\/01\/Aalsmeer-bloemenveiling-1024x683.jpeg 1024w, https:\/\/vanderlembloemen.nl\/wp-content\/uploads\/2025\/01\/Aalsmeer-bloemenveiling-300x200.jpeg 300w, https:\/\/vanderlembloemen.nl\/wp-content\/uploads\/2025\/01\/Aalsmeer-bloemenveiling-768x512.jpeg 768w, https:\/\/vanderlembloemen.nl\/wp-content\/uploads\/2025\/01\/Aalsmeer-bloemenveiling-1536x1025.jpeg 1536w, https:\/\/vanderlembloemen.nl\/wp-content\/uploads\/2025\/01\/Aalsmeer-bloemenveiling.jpeg 2048w\" sizes=\"(max-width: 800px) 100vw, 800px\" \/>\t\t\t\t\t\t\t\t\t\t\t\t\t\t\t<\/div>\n\t\t\t\t<\/div>\n\t\t<div class=\"elementor-element elementor-element-1058b36d e-con-full e-flex elementor-invisible e-con e-child\" data-id=\"1058b36d\" data-element_type=\"container\" data-e-type=\"container\" data-settings=\"{&quot;animation&quot;:&quot;fadeIn&quot;}\">\n\t\t\t\t<div class=\"elementor-element elementor-element-c95a1cf elementor-widget__width-initial elementor-widget-tablet__width-inherit elementor-widget elementor-widget-heading\" data-id=\"c95a1cf\" data-element_type=\"widget\" data-e-type=\"widget\" data-widget_type=\"heading.default\">\n\t\t\t\t<div class=\"elementor-widget-container\">\n\t\t\t\t\t<h2 class=\"elementor-heading-title elementor-size-default\">Unser<span style=\"color:#99F327\"> Auftrag <\/span> <\/h2>\t\t\t\t<\/div>\n\t\t\t\t<\/div>\n\t\t\t\t<div class=\"elementor-element elementor-element-3d292a1 elementor-widget__width-initial elementor-widget-tablet__width-inherit elementor-widget elementor-widget-text-editor\" data-id=\"3d292a1\" data-element_type=\"widget\" data-e-type=\"widget\" data-widget_type=\"text-editor.default\">\n\t\t\t\t<div class=\"elementor-widget-container\">\n\t\t\t\t\t\t\t\t\t<p><span style=\"font-weight: 400;\">Unser Ziel ist es, unseren Kunden Blumen und Pflanzen von h\u00f6chster Qualit\u00e4t zu liefern und dabei R\u00fccksicht auf Mensch und Umwelt zu nehmen.  <\/span><span style=\"font-weight: 400;\"><br \/><\/span><span style=\"font-weight: 400;\"><br \/><\/span><span style=\"font-weight: 400;\">Bei Van der Lem Flowers wollen wir mehr als nur Blumen und Pflanzen anbieten &#8211; wir liefern Qualit\u00e4t mit Bedeutung. Die Auswahl der hochwertigsten Produkte ist nur der Anfang. Wir w\u00e4hlen unsere Blumen und Pflanzen mit Sorgfalt aus, damit sich unsere Kunden stets auf Frische, Sch\u00f6nheit und Haltbarkeit verlassen k\u00f6nnen.  <\/span><\/p>\n\t\t\t\t\t\t\t\t<\/div>\n\t\t\t\t<\/div>\n\t\t\t\t<\/div>\n\t\t\t\t<\/div>\n\t\t\t\t<\/div>\n\t\t","protected":false},"excerpt":{"rendered":"<p>\u00dcber uns Ein echtes F amilienunternehmen Van der Lem Flowers, 1997 als Familienunternehmen gegr\u00fcndet, legt Wert auf einen pers\u00f6nlichen Ansatz. Wir haben ein offenes Ohr f\u00fcr die W\u00fcnsche unserer Kunden und bieten ma\u00dfgeschneiderte L\u00f6sungen. Wir k\u00fcmmern uns um jede Bestellung mit Sorgfalt und Aufmerksamkeit, so dass Sie sich immer auf die beste Qualit\u00e4t der Blumen [&hellip;]<\/p>\n","protected":false},"author":1,"featured_media":0,"parent":0,"menu_order":0,"comment_status":"closed","ping_status":"closed","template":"","meta":{"footnotes":""},"class_list":["post-1716","page","type-page","status-publish","hentry"],"yoast_head":"<!-- This site is optimized with the Yoast SEO plugin v27.2 - https:\/\/yoast.com\/product\/yoast-seo-wordpress\/ -->\n<title>Blumengro\u00dfh\u00e4ndler Van der Lem<\/title>\n<meta name=\"description\" content=\"Das Familienunternehmen Van der Lem Flowers ist seit 1997 ein Blumengro\u00dfh\u00e4ndler. Wir bieten einen pers\u00f6nlichen Service und ma\u00dfgeschneiderte L\u00f6sungen f\u00fcr Blumen und Pflanzen von bester Qualit\u00e4t.\" \/>\n<meta name=\"robots\" content=\"index, follow, max-snippet:-1, max-image-preview:large, max-video-preview:-1\" \/>\n<link rel=\"canonical\" href=\"https:\/\/vanderlembloemen.nl\/de\/ueber-uns\/\" \/>\n<meta property=\"og:locale\" content=\"de_DE\" \/>\n<meta property=\"og:type\" content=\"article\" \/>\n<meta property=\"og:title\" content=\"Blumengro\u00dfh\u00e4ndler Van der Lem\" \/>\n<meta property=\"og:description\" content=\"Das Familienunternehmen Van der Lem Flowers ist seit 1997 ein Blumengro\u00dfh\u00e4ndler. Wir bieten einen pers\u00f6nlichen Service und ma\u00dfgeschneiderte L\u00f6sungen f\u00fcr Blumen und Pflanzen von bester Qualit\u00e4t.\" \/>\n<meta property=\"og:url\" content=\"https:\/\/vanderlembloemen.nl\/de\/ueber-uns\/\" \/>\n<meta property=\"og:site_name\" content=\"Van der Lem Bloemen\" \/>\n<meta property=\"article:modified_time\" content=\"2025-01-24T13:26:12+00:00\" \/>\n<meta property=\"og:image\" content=\"https:\/\/vanderlembloemen.nl\/wp-content\/uploads\/2025\/01\/Familiebedrijf-van-der-lem-bloemen-aalsmeer.webp\" \/>\n<meta name=\"twitter:card\" content=\"summary_large_image\" \/>\n<meta name=\"twitter:label1\" content=\"Gesch\u00e4tzte Lesezeit\" \/>\n\t<meta name=\"twitter:data1\" content=\"1\u00a0Minute\" \/>\n<script type=\"application\/ld+json\" class=\"yoast-schema-graph\">{\"@context\":\"https:\/\/schema.org\",\"@graph\":[{\"@type\":\"WebPage\",\"@id\":\"https:\/\/vanderlembloemen.nl\/de\/ueber-uns\/\",\"url\":\"https:\/\/vanderlembloemen.nl\/de\/ueber-uns\/\",\"name\":\"Blumengro\u00dfh\u00e4ndler Van der Lem\",\"isPartOf\":{\"@id\":\"https:\/\/vanderlembloemen.nl\/de\/#website\"},\"primaryImageOfPage\":{\"@id\":\"https:\/\/vanderlembloemen.nl\/de\/ueber-uns\/#primaryimage\"},\"image\":{\"@id\":\"https:\/\/vanderlembloemen.nl\/de\/ueber-uns\/#primaryimage\"},\"thumbnailUrl\":\"https:\/\/vanderlembloemen.nl\/wp-content\/uploads\/2025\/01\/Familiebedrijf-van-der-lem-bloemen-aalsmeer.webp\",\"datePublished\":\"2024-09-23T11:00:42+00:00\",\"dateModified\":\"2025-01-24T13:26:12+00:00\",\"description\":\"Das Familienunternehmen Van der Lem Flowers ist seit 1997 ein Blumengro\u00dfh\u00e4ndler. Wir bieten einen pers\u00f6nlichen Service und ma\u00dfgeschneiderte L\u00f6sungen f\u00fcr Blumen und Pflanzen von bester Qualit\u00e4t.\",\"breadcrumb\":{\"@id\":\"https:\/\/vanderlembloemen.nl\/de\/ueber-uns\/#breadcrumb\"},\"inLanguage\":\"de\",\"potentialAction\":[{\"@type\":\"ReadAction\",\"target\":[\"https:\/\/vanderlembloemen.nl\/de\/ueber-uns\/\"]}]},{\"@type\":\"ImageObject\",\"inLanguage\":\"de\",\"@id\":\"https:\/\/vanderlembloemen.nl\/de\/ueber-uns\/#primaryimage\",\"url\":\"https:\/\/vanderlembloemen.nl\/wp-content\/uploads\/2025\/01\/Familiebedrijf-van-der-lem-bloemen-aalsmeer.webp\",\"contentUrl\":\"https:\/\/vanderlembloemen.nl\/wp-content\/uploads\/2025\/01\/Familiebedrijf-van-der-lem-bloemen-aalsmeer.webp\"},{\"@type\":\"BreadcrumbList\",\"@id\":\"https:\/\/vanderlembloemen.nl\/de\/ueber-uns\/#breadcrumb\",\"itemListElement\":[{\"@type\":\"ListItem\",\"position\":1,\"name\":\"Home\",\"item\":\"https:\/\/vanderlembloemen.nl\/de\/homepage-2\/\"},{\"@type\":\"ListItem\",\"position\":2,\"name\":\"\u00dcber uns\"}]},{\"@type\":\"WebSite\",\"@id\":\"https:\/\/vanderlembloemen.nl\/de\/#website\",\"url\":\"https:\/\/vanderlembloemen.nl\/de\/\",\"name\":\"Van der Lem Bloemen\",\"description\":\"\",\"publisher\":{\"@id\":\"https:\/\/vanderlembloemen.nl\/de\/#organization\"},\"potentialAction\":[{\"@type\":\"SearchAction\",\"target\":{\"@type\":\"EntryPoint\",\"urlTemplate\":\"https:\/\/vanderlembloemen.nl\/de\/?s={search_term_string}\"},\"query-input\":{\"@type\":\"PropertyValueSpecification\",\"valueRequired\":true,\"valueName\":\"search_term_string\"}}],\"inLanguage\":\"de\"},{\"@type\":\"Organization\",\"@id\":\"https:\/\/vanderlembloemen.nl\/de\/#organization\",\"name\":\"Van der Lem Bloemen\",\"url\":\"https:\/\/vanderlembloemen.nl\/de\/\",\"logo\":{\"@type\":\"ImageObject\",\"inLanguage\":\"de\",\"@id\":\"https:\/\/vanderlembloemen.nl\/de\/#\/schema\/logo\/image\/\",\"url\":\"https:\/\/vanderlembloemen.nl\/wp-content\/uploads\/2024\/09\/Logo-Van-der-Lem-Bloemen.webp\",\"contentUrl\":\"https:\/\/vanderlembloemen.nl\/wp-content\/uploads\/2024\/09\/Logo-Van-der-Lem-Bloemen.webp\",\"width\":350,\"height\":100,\"caption\":\"Van der Lem Bloemen\"},\"image\":{\"@id\":\"https:\/\/vanderlembloemen.nl\/de\/#\/schema\/logo\/image\/\"}}]}<\/script>\n<!-- \/ Yoast SEO plugin. -->","yoast_head_json":{"title":"Blumengro\u00dfh\u00e4ndler Van der Lem","description":"Das Familienunternehmen Van der Lem Flowers ist seit 1997 ein Blumengro\u00dfh\u00e4ndler. Wir bieten einen pers\u00f6nlichen Service und ma\u00dfgeschneiderte L\u00f6sungen f\u00fcr Blumen und Pflanzen von bester Qualit\u00e4t.","robots":{"index":"index","follow":"follow","max-snippet":"max-snippet:-1","max-image-preview":"max-image-preview:large","max-video-preview":"max-video-preview:-1"},"canonical":"https:\/\/vanderlembloemen.nl\/de\/ueber-uns\/","og_locale":"de_DE","og_type":"article","og_title":"Blumengro\u00dfh\u00e4ndler Van der Lem","og_description":"Das Familienunternehmen Van der Lem Flowers ist seit 1997 ein Blumengro\u00dfh\u00e4ndler. Wir bieten einen pers\u00f6nlichen Service und ma\u00dfgeschneiderte L\u00f6sungen f\u00fcr Blumen und Pflanzen von bester Qualit\u00e4t.","og_url":"https:\/\/vanderlembloemen.nl\/de\/ueber-uns\/","og_site_name":"Van der Lem Bloemen","article_modified_time":"2025-01-24T13:26:12+00:00","og_image":[{"url":"https:\/\/vanderlembloemen.nl\/wp-content\/uploads\/2025\/01\/Familiebedrijf-van-der-lem-bloemen-aalsmeer.webp","type":"","width":"","height":""}],"twitter_card":"summary_large_image","twitter_misc":{"Gesch\u00e4tzte Lesezeit":"1\u00a0Minute"},"schema":{"@context":"https:\/\/schema.org","@graph":[{"@type":"WebPage","@id":"https:\/\/vanderlembloemen.nl\/de\/ueber-uns\/","url":"https:\/\/vanderlembloemen.nl\/de\/ueber-uns\/","name":"Blumengro\u00dfh\u00e4ndler Van der Lem","isPartOf":{"@id":"https:\/\/vanderlembloemen.nl\/de\/#website"},"primaryImageOfPage":{"@id":"https:\/\/vanderlembloemen.nl\/de\/ueber-uns\/#primaryimage"},"image":{"@id":"https:\/\/vanderlembloemen.nl\/de\/ueber-uns\/#primaryimage"},"thumbnailUrl":"https:\/\/vanderlembloemen.nl\/wp-content\/uploads\/2025\/01\/Familiebedrijf-van-der-lem-bloemen-aalsmeer.webp","datePublished":"2024-09-23T11:00:42+00:00","dateModified":"2025-01-24T13:26:12+00:00","description":"Das Familienunternehmen Van der Lem Flowers ist seit 1997 ein Blumengro\u00dfh\u00e4ndler. Wir bieten einen pers\u00f6nlichen Service und ma\u00dfgeschneiderte L\u00f6sungen f\u00fcr Blumen und Pflanzen von bester Qualit\u00e4t.","breadcrumb":{"@id":"https:\/\/vanderlembloemen.nl\/de\/ueber-uns\/#breadcrumb"},"inLanguage":"de","potentialAction":[{"@type":"ReadAction","target":["https:\/\/vanderlembloemen.nl\/de\/ueber-uns\/"]}]},{"@type":"ImageObject","inLanguage":"de","@id":"https:\/\/vanderlembloemen.nl\/de\/ueber-uns\/#primaryimage","url":"https:\/\/vanderlembloemen.nl\/wp-content\/uploads\/2025\/01\/Familiebedrijf-van-der-lem-bloemen-aalsmeer.webp","contentUrl":"https:\/\/vanderlembloemen.nl\/wp-content\/uploads\/2025\/01\/Familiebedrijf-van-der-lem-bloemen-aalsmeer.webp"},{"@type":"BreadcrumbList","@id":"https:\/\/vanderlembloemen.nl\/de\/ueber-uns\/#breadcrumb","itemListElement":[{"@type":"ListItem","position":1,"name":"Home","item":"https:\/\/vanderlembloemen.nl\/de\/homepage-2\/"},{"@type":"ListItem","position":2,"name":"\u00dcber uns"}]},{"@type":"WebSite","@id":"https:\/\/vanderlembloemen.nl\/de\/#website","url":"https:\/\/vanderlembloemen.nl\/de\/","name":"Van der Lem Bloemen","description":"","publisher":{"@id":"https:\/\/vanderlembloemen.nl\/de\/#organization"},"potentialAction":[{"@type":"SearchAction","target":{"@type":"EntryPoint","urlTemplate":"https:\/\/vanderlembloemen.nl\/de\/?s={search_term_string}"},"query-input":{"@type":"PropertyValueSpecification","valueRequired":true,"valueName":"search_term_string"}}],"inLanguage":"de"},{"@type":"Organization","@id":"https:\/\/vanderlembloemen.nl\/de\/#organization","name":"Van der Lem Bloemen","url":"https:\/\/vanderlembloemen.nl\/de\/","logo":{"@type":"ImageObject","inLanguage":"de","@id":"https:\/\/vanderlembloemen.nl\/de\/#\/schema\/logo\/image\/","url":"https:\/\/vanderlembloemen.nl\/wp-content\/uploads\/2024\/09\/Logo-Van-der-Lem-Bloemen.webp","contentUrl":"https:\/\/vanderlembloemen.nl\/wp-content\/uploads\/2024\/09\/Logo-Van-der-Lem-Bloemen.webp","width":350,"height":100,"caption":"Van der Lem Bloemen"},"image":{"@id":"https:\/\/vanderlembloemen.nl\/de\/#\/schema\/logo\/image\/"}}]}},"_links":{"self":[{"href":"https:\/\/vanderlembloemen.nl\/de\/wp-json\/wp\/v2\/pages\/1716","targetHints":{"allow":["GET"]}}],"collection":[{"href":"https:\/\/vanderlembloemen.nl\/de\/wp-json\/wp\/v2\/pages"}],"about":[{"href":"https:\/\/vanderlembloemen.nl\/de\/wp-json\/wp\/v2\/types\/page"}],"author":[{"embeddable":true,"href":"https:\/\/vanderlembloemen.nl\/de\/wp-json\/wp\/v2\/users\/1"}],"replies":[{"embeddable":true,"href":"https:\/\/vanderlembloemen.nl\/de\/wp-json\/wp\/v2\/comments?post=1716"}],"version-history":[{"count":24,"href":"https:\/\/vanderlembloemen.nl\/de\/wp-json\/wp\/v2\/pages\/1716\/revisions"}],"predecessor-version":[{"id":3443,"href":"https:\/\/vanderlembloemen.nl\/de\/wp-json\/wp\/v2\/pages\/1716\/revisions\/3443"}],"wp:attachment":[{"href":"https:\/\/vanderlembloemen.nl\/de\/wp-json\/wp\/v2\/media?parent=1716"}],"curies":[{"name":"wp","href":"https:\/\/api.w.org\/{rel}","templated":true}]}}