{"id":3510,"date":"2024-09-23T13:00:42","date_gmt":"2024-09-23T11:00:42","guid":{"rendered":"https:\/\/vanderlembloemen.nl\/sobre-nosotros\/"},"modified":"2025-01-31T10:38:36","modified_gmt":"2025-01-31T08:38:36","slug":"sobre-nosotros","status":"publish","type":"page","link":"https:\/\/vanderlembloemen.nl\/es\/sobre-nosotros\/","title":{"rendered":"Sobre nosotros"},"content":{"rendered":"\t\t<div data-elementor-type=\"wp-page\" data-elementor-id=\"3510\" class=\"elementor elementor-3510 elementor-122\" data-elementor-post-type=\"page\">\n\t\t\t\t<div class=\"elementor-element elementor-element-0d7912c e-con-full e-flex e-con e-parent\" data-id=\"0d7912c\" data-element_type=\"container\" data-e-type=\"container\" data-settings=\"{&quot;background_background&quot;:&quot;classic&quot;}\">\n\t\t\t\t<div class=\"elementor-element elementor-element-0a3bc57 elementor-widget elementor-widget-heading\" data-id=\"0a3bc57\" data-element_type=\"widget\" data-e-type=\"widget\" data-widget_type=\"heading.default\">\n\t\t\t\t<div class=\"elementor-widget-container\">\n\t\t\t\t\t<h2 class=\"elementor-heading-title elementor-size-default\">Sobre nosotros<\/h2>\t\t\t\t<\/div>\n\t\t\t\t<\/div>\n\t\t\t\t<\/div>\n\t\t<div class=\"elementor-element elementor-element-cbd9847 e-con-full e-flex e-con e-child\" data-id=\"cbd9847\" data-element_type=\"container\" data-e-type=\"container\" data-settings=\"{&quot;background_background&quot;:&quot;classic&quot;}\">\n\t\t\t\t<div class=\"elementor-element elementor-element-494697f elementor-widget__width-initial elementor-widget-tablet__width-inherit elementor-invisible elementor-widget elementor-widget-heading\" data-id=\"494697f\" data-element_type=\"widget\" data-e-type=\"widget\" data-settings=\"{&quot;_animation&quot;:&quot;fadeIn&quot;}\" data-widget_type=\"heading.default\">\n\t\t\t\t<div class=\"elementor-widget-container\">\n\t\t\t\t\t<h2 class=\"elementor-heading-title elementor-size-default\"><div> Una verdadera empresa <span style=\"color:#99F327\"> familiar<\/span> <\/h2>\t\t\t\t<\/div>\n\t\t\t\t<\/div>\n\t\t\t\t<div class=\"elementor-element elementor-element-a407662 elementor-widget__width-initial elementor-widget-tablet__width-inherit elementor-widget-tablet_extra__width-initial elementor-invisible elementor-widget elementor-widget-text-editor\" data-id=\"a407662\" data-element_type=\"widget\" data-e-type=\"widget\" data-settings=\"{&quot;_animation&quot;:&quot;fadeIn&quot;}\" data-widget_type=\"text-editor.default\">\n\t\t\t\t<div class=\"elementor-widget-container\">\n\t\t\t\t\t\t\t\t\t<p>Van der Lem Flowers, fundada en 1997 como empresa familiar, valora el enfoque personal. Escuchamos atentamente los deseos de nuestros clientes y ofrecemos soluciones a medida. Nos ocupamos de cada pedido con esmero y atenci\u00f3n, para que siempre puedas contar con flores y plantas de la mejor calidad.    <\/p>\n\t\t\t\t\t\t\t\t<\/div>\n\t\t\t\t<\/div>\n\t\t\t\t<\/div>\n\t\t<div class=\"elementor-element elementor-element-506a0a0 e-con-full e-flex e-con e-parent\" data-id=\"506a0a0\" data-element_type=\"container\" data-e-type=\"container\" data-settings=\"{&quot;background_background&quot;:&quot;classic&quot;}\">\n\t\t\t\t<div class=\"elementor-element elementor-element-2bc6c0a1 elementor-widget__width-inherit elementor-invisible elementor-widget elementor-widget-image\" data-id=\"2bc6c0a1\" data-element_type=\"widget\" data-e-type=\"widget\" data-settings=\"{&quot;_animation&quot;:&quot;fadeIn&quot;}\" data-widget_type=\"image.default\">\n\t\t\t\t<div class=\"elementor-widget-container\">\n\t\t\t\t\t\t\t\t\t\t\t\t\t\t\t<img fetchpriority=\"high\" decoding=\"async\" width=\"1920\" height=\"921\" src=\"https:\/\/vanderlembloemen.nl\/wp-content\/uploads\/2025\/01\/Familiebedrijf-van-der-lem-bloemen-aalsmeer.webp\" class=\"attachment-full size-full wp-image-3518\" alt=\"\" srcset=\"https:\/\/vanderlembloemen.nl\/wp-content\/uploads\/2025\/01\/Familiebedrijf-van-der-lem-bloemen-aalsmeer.webp 1920w, https:\/\/vanderlembloemen.nl\/wp-content\/uploads\/2025\/01\/Familiebedrijf-van-der-lem-bloemen-aalsmeer-300x144.webp 300w, https:\/\/vanderlembloemen.nl\/wp-content\/uploads\/2025\/01\/Familiebedrijf-van-der-lem-bloemen-aalsmeer-1024x491.jpg 1024w, https:\/\/vanderlembloemen.nl\/wp-content\/uploads\/2025\/01\/Familiebedrijf-van-der-lem-bloemen-aalsmeer-768x368.jpg 768w, https:\/\/vanderlembloemen.nl\/wp-content\/uploads\/2025\/01\/Familiebedrijf-van-der-lem-bloemen-aalsmeer-1536x737.jpg 1536w\" sizes=\"(max-width: 1920px) 100vw, 1920px\" \/>\t\t\t\t\t\t\t\t\t\t\t\t\t\t\t<\/div>\n\t\t\t\t<\/div>\n\t\t\t\t<\/div>\n\t\t<div class=\"elementor-element elementor-element-1cfd29a3 e-flex e-con-boxed e-con e-parent\" data-id=\"1cfd29a3\" data-element_type=\"container\" data-e-type=\"container\" data-settings=\"{&quot;background_background&quot;:&quot;classic&quot;}\">\n\t\t\t\t\t<div class=\"e-con-inner\">\n\t\t<div class=\"elementor-element elementor-element-e66c7a6 e-con-full e-flex e-con e-child\" data-id=\"e66c7a6\" data-element_type=\"container\" data-e-type=\"container\">\n\t\t\t\t<div class=\"elementor-element elementor-element-dc43892 elementor-widget__width-initial elementor-widget-tablet__width-inherit elementor-widget elementor-widget-heading\" data-id=\"dc43892\" data-element_type=\"widget\" data-e-type=\"widget\" data-widget_type=\"heading.default\">\n\t\t\t\t<div class=\"elementor-widget-container\">\n\t\t\t\t\t<h2 class=\"elementor-heading-title elementor-size-default\">Esto es lo<span style=\"color:#99F327\"> que<\/span> defendemos<\/h2>\t\t\t\t<\/div>\n\t\t\t\t<\/div>\n\t\t\t\t<\/div>\n\t\t<div class=\"elementor-element elementor-element-5ebcdb64 e-con-full e-flex e-con e-child\" data-id=\"5ebcdb64\" data-element_type=\"container\" data-e-type=\"container\">\n\t\t\t\t<div class=\"elementor-element elementor-element-25eb358f elementor-widget-divider--view-line elementor-widget elementor-widget-divider\" data-id=\"25eb358f\" data-element_type=\"widget\" data-e-type=\"widget\" data-widget_type=\"divider.default\">\n\t\t\t\t<div class=\"elementor-widget-container\">\n\t\t\t\t\t\t\t<div class=\"elementor-divider\">\n\t\t\t<span class=\"elementor-divider-separator\">\n\t\t\t\t\t\t<\/span>\n\t\t<\/div>\n\t\t\t\t\t\t<\/div>\n\t\t\t\t<\/div>\n\t\t\t\t<div class=\"elementor-element elementor-element-402d97f0 elementor-widget elementor-widget-icon-box\" data-id=\"402d97f0\" data-element_type=\"widget\" data-e-type=\"widget\" data-widget_type=\"icon-box.default\">\n\t\t\t\t<div class=\"elementor-widget-container\">\n\t\t\t\t\t\t\t<div class=\"elementor-icon-box-wrapper\">\n\n\t\t\t\n\t\t\t\t\t\t<div class=\"elementor-icon-box-content\">\n\n\t\t\t\t\t\t\t\t\t<h3 class=\"elementor-icon-box-title\">\n\t\t\t\t\t\t<span  >\n\t\t\t\t\t\t\tPersonal y orientado al cliente\t\t\t\t\t\t<\/span>\n\t\t\t\t\t<\/h3>\n\t\t\t\t\n\t\t\t\t\t\t\t\t\t<p class=\"elementor-icon-box-description\">\n\t\t\t\t\t\tEn Van der Lem Flowers, estamos cerca de nuestros clientes. Escuchamos sus deseos y ofrecemos soluciones personalizadas que se adaptan perfectamente a sus necesidades. \t\t\t\t\t<\/p>\n\t\t\t\t\n\t\t\t<\/div>\n\t\t\t\n\t\t<\/div>\n\t\t\t\t\t\t<\/div>\n\t\t\t\t<\/div>\n\t\t\t\t<\/div>\n\t\t<div class=\"elementor-element elementor-element-472eeb3 e-con-full e-flex e-con e-child\" data-id=\"472eeb3\" data-element_type=\"container\" data-e-type=\"container\">\n\t\t\t\t<div class=\"elementor-element elementor-element-c309b4c elementor-widget-divider--view-line elementor-widget elementor-widget-divider\" data-id=\"c309b4c\" data-element_type=\"widget\" data-e-type=\"widget\" data-widget_type=\"divider.default\">\n\t\t\t\t<div class=\"elementor-widget-container\">\n\t\t\t\t\t\t\t<div class=\"elementor-divider\">\n\t\t\t<span class=\"elementor-divider-separator\">\n\t\t\t\t\t\t<\/span>\n\t\t<\/div>\n\t\t\t\t\t\t<\/div>\n\t\t\t\t<\/div>\n\t\t\t\t<div class=\"elementor-element elementor-element-54425418 elementor-widget elementor-widget-icon-box\" data-id=\"54425418\" data-element_type=\"widget\" data-e-type=\"widget\" data-widget_type=\"icon-box.default\">\n\t\t\t\t<div class=\"elementor-widget-container\">\n\t\t\t\t\t\t\t<div class=\"elementor-icon-box-wrapper\">\n\n\t\t\t\n\t\t\t\t\t\t<div class=\"elementor-icon-box-content\">\n\n\t\t\t\t\t\t\t\t\t<h3 class=\"elementor-icon-box-title\">\n\t\t\t\t\t\t<span  >\n\t\t\t\t\t\t\tFiable\t\t\t\t\t\t<\/span>\n\t\t\t\t\t<\/h3>\n\t\t\t\t\n\t\t\t\t\t\t\t\t\t<p class=\"elementor-icon-box-description\">\n\t\t\t\t\t\tVan der Lem Flowers ofrece constantemente la m\u00e1xima calidad gracias a nuestros a\u00f1os de experiencia. Cada pedido se gestiona cuidadosamente, desde la selecci\u00f3n de las flores hasta la entrega puntual, garantizando que todo sea perfecto. \t\t\t\t\t<\/p>\n\t\t\t\t\n\t\t\t<\/div>\n\t\t\t\n\t\t<\/div>\n\t\t\t\t\t\t<\/div>\n\t\t\t\t<\/div>\n\t\t\t\t<\/div>\n\t\t<div class=\"elementor-element elementor-element-57287030 e-con-full e-flex e-con e-child\" data-id=\"57287030\" data-element_type=\"container\" data-e-type=\"container\">\n\t\t\t\t<div class=\"elementor-element elementor-element-defad04 elementor-widget-divider--view-line elementor-widget elementor-widget-divider\" data-id=\"defad04\" data-element_type=\"widget\" data-e-type=\"widget\" data-widget_type=\"divider.default\">\n\t\t\t\t<div class=\"elementor-widget-container\">\n\t\t\t\t\t\t\t<div class=\"elementor-divider\">\n\t\t\t<span class=\"elementor-divider-separator\">\n\t\t\t\t\t\t<\/span>\n\t\t<\/div>\n\t\t\t\t\t\t<\/div>\n\t\t\t\t<\/div>\n\t\t\t\t<div class=\"elementor-element elementor-element-cfbf862 elementor-widget elementor-widget-icon-box\" data-id=\"cfbf862\" data-element_type=\"widget\" data-e-type=\"widget\" data-widget_type=\"icon-box.default\">\n\t\t\t\t<div class=\"elementor-widget-container\">\n\t\t\t\t\t\t\t<div class=\"elementor-icon-box-wrapper\">\n\n\t\t\t\n\t\t\t\t\t\t<div class=\"elementor-icon-box-content\">\n\n\t\t\t\t\t\t\t\t\t<h3 class=\"elementor-icon-box-title\">\n\t\t\t\t\t\t<span  >\n\t\t\t\t\t\t\tInnovaci\u00f3n y crecimiento\t\t\t\t\t\t<\/span>\n\t\t\t\t\t<\/h3>\n\t\t\t\t\n\t\t\t\t\t\t\t\t\t<p class=\"elementor-icon-box-description\">\n\t\t\t\t\t\tVan der Lem Flowers busca constantemente formas innovadoras de mejorar los procesos y las ofertas para poder ofrecer siempre los mejores productos a nuestros clientes.  \t\t\t\t\t<\/p>\n\t\t\t\t\n\t\t\t<\/div>\n\t\t\t\n\t\t<\/div>\n\t\t\t\t\t\t<\/div>\n\t\t\t\t<\/div>\n\t\t\t\t<\/div>\n\t\t\t\t\t<\/div>\n\t\t\t\t<\/div>\n\t\t<div class=\"elementor-element elementor-element-11a21a0b e-con-full e-flex e-con e-parent\" data-id=\"11a21a0b\" data-element_type=\"container\" data-e-type=\"container\" data-settings=\"{&quot;background_background&quot;:&quot;classic&quot;}\">\n\t\t\t\t<div class=\"elementor-element elementor-element-7046f68e elementor-widget__width-initial elementor-invisible elementor-widget elementor-widget-image\" data-id=\"7046f68e\" data-element_type=\"widget\" data-e-type=\"widget\" data-settings=\"{&quot;_animation&quot;:&quot;fadeIn&quot;}\" data-widget_type=\"image.default\">\n\t\t\t\t<div class=\"elementor-widget-container\">\n\t\t\t\t\t\t\t\t\t\t\t\t\t\t\t<img decoding=\"async\" width=\"800\" height=\"534\" src=\"https:\/\/vanderlembloemen.nl\/wp-content\/uploads\/2025\/01\/Aalsmeer-bloemenveiling-1024x683.webp\" class=\"attachment-large size-large wp-image-3028\" alt=\"\" srcset=\"https:\/\/vanderlembloemen.nl\/wp-content\/uploads\/2025\/01\/Aalsmeer-bloemenveiling-1024x683.webp 1024w, https:\/\/vanderlembloemen.nl\/wp-content\/uploads\/2025\/01\/Aalsmeer-bloemenveiling-300x200.webp 300w, https:\/\/vanderlembloemen.nl\/wp-content\/uploads\/2025\/01\/Aalsmeer-bloemenveiling-768x512.webp 768w, https:\/\/vanderlembloemen.nl\/wp-content\/uploads\/2025\/01\/Aalsmeer-bloemenveiling-1536x1025.webp 1536w, https:\/\/vanderlembloemen.nl\/wp-content\/uploads\/2025\/01\/Aalsmeer-bloemenveiling.webp 1920w\" sizes=\"(max-width: 800px) 100vw, 800px\" \/>\t\t\t\t\t\t\t\t\t\t\t\t\t\t\t<\/div>\n\t\t\t\t<\/div>\n\t\t<div class=\"elementor-element elementor-element-1058b36d e-con-full e-flex elementor-invisible e-con e-child\" data-id=\"1058b36d\" data-element_type=\"container\" data-e-type=\"container\" data-settings=\"{&quot;animation&quot;:&quot;fadeIn&quot;}\">\n\t\t\t\t<div class=\"elementor-element elementor-element-c95a1cf elementor-widget__width-initial elementor-widget-tablet__width-inherit elementor-widget elementor-widget-heading\" data-id=\"c95a1cf\" data-element_type=\"widget\" data-e-type=\"widget\" data-widget_type=\"heading.default\">\n\t\t\t\t<div class=\"elementor-widget-container\">\n\t\t\t\t\t<h2 class=\"elementor-heading-title elementor-size-default\">Nuestra<span style=\"color:#99F327\"> misi\u00f3n <\/span> <\/h2>\t\t\t\t<\/div>\n\t\t\t\t<\/div>\n\t\t\t\t<div class=\"elementor-element elementor-element-3d292a1 elementor-widget__width-initial elementor-widget-tablet__width-inherit elementor-widget elementor-widget-text-editor\" data-id=\"3d292a1\" data-element_type=\"widget\" data-e-type=\"widget\" data-widget_type=\"text-editor.default\">\n\t\t\t\t<div class=\"elementor-widget-container\">\n\t\t\t\t\t\t\t\t\t<p><span style=\"font-weight: 400;\">Nuestra misi\u00f3n es proporcionar a nuestros clientes flores y plantas de la m\u00e1xima calidad, teniendo en cuenta a las personas y el medio ambiente.  <\/span><span style=\"font-weight: 400;\"><br \/><\/span><span style=\"font-weight: 400;\"><br \/><\/span><span style=\"font-weight: 400;\">En Van der Lem Flowers, nos esforzamos por ofrecer algo m\u00e1s que flores y plantas: ofrecemos calidad con significado. Seleccionar los productos de mayor calidad es s\u00f3lo el principio. Elegimos nuestras flores y plantas con cuidado para que nuestros clientes puedan contar siempre con frescura, belleza y durabilidad.  <\/span><\/p>\n\t\t\t\t\t\t\t\t<\/div>\n\t\t\t\t<\/div>\n\t\t\t\t<\/div>\n\t\t\t\t<\/div>\n\t\t\t\t<\/div>\n\t\t","protected":false},"excerpt":{"rendered":"<p>Sobre nosotros Una verdadera empresa familiar Van der Lem Flowers, fundada en 1997 como empresa familiar, valora el enfoque personal. Escuchamos atentamente los deseos de nuestros clientes y ofrecemos soluciones a medida. Nos ocupamos de cada pedido con esmero y atenci\u00f3n, para que siempre puedas contar con flores y plantas de la mejor calidad. Esto [&hellip;]<\/p>\n","protected":false},"author":1,"featured_media":0,"parent":0,"menu_order":0,"comment_status":"closed","ping_status":"closed","template":"","meta":{"footnotes":""},"class_list":["post-3510","page","type-page","status-publish","hentry"],"yoast_head":"<!-- This site is optimized with the Yoast SEO plugin v27.2 - https:\/\/yoast.com\/product\/yoast-seo-wordpress\/ -->\n<title>Mayorista de flores Van der Lem<\/title>\n<meta name=\"description\" content=\"La empresa familiar Van der Lem Flowers es una florister\u00eda mayorista desde 1997. Ofrecemos un servicio personalizado y soluciones a medida para flores y plantas de la mejor calidad.\" \/>\n<meta name=\"robots\" content=\"index, follow, max-snippet:-1, max-image-preview:large, max-video-preview:-1\" \/>\n<link rel=\"canonical\" href=\"https:\/\/vanderlembloemen.nl\/es\/sobre-nosotros\/\" \/>\n<meta property=\"og:locale\" content=\"es_ES\" \/>\n<meta property=\"og:type\" content=\"article\" \/>\n<meta property=\"og:title\" content=\"Mayorista de flores Van der Lem\" \/>\n<meta property=\"og:description\" content=\"La empresa familiar Van der Lem Flowers es una florister\u00eda mayorista desde 1997. Ofrecemos un servicio personalizado y soluciones a medida para flores y plantas de la mejor calidad.\" \/>\n<meta property=\"og:url\" content=\"https:\/\/vanderlembloemen.nl\/es\/sobre-nosotros\/\" \/>\n<meta property=\"og:site_name\" content=\"Van der Lem Bloemen\" \/>\n<meta property=\"article:modified_time\" content=\"2025-01-31T08:38:36+00:00\" \/>\n<meta property=\"og:image\" content=\"https:\/\/vanderlembloemen.nl\/wp-content\/uploads\/2025\/01\/Familiebedrijf-van-der-lem-bloemen-aalsmeer.webp\" \/>\n\t<meta property=\"og:image:width\" content=\"1920\" \/>\n\t<meta property=\"og:image:height\" content=\"921\" \/>\n\t<meta property=\"og:image:type\" content=\"image\/webp\" \/>\n<meta name=\"twitter:card\" content=\"summary_large_image\" \/>\n<meta name=\"twitter:label1\" content=\"Tiempo de lectura\" \/>\n\t<meta name=\"twitter:data1\" content=\"1 minuto\" \/>\n<script type=\"application\/ld+json\" class=\"yoast-schema-graph\">{\"@context\":\"https:\/\/schema.org\",\"@graph\":[{\"@type\":\"WebPage\",\"@id\":\"https:\/\/vanderlembloemen.nl\/es\/sobre-nosotros\/\",\"url\":\"https:\/\/vanderlembloemen.nl\/es\/sobre-nosotros\/\",\"name\":\"Mayorista de flores Van der Lem\",\"isPartOf\":{\"@id\":\"https:\/\/vanderlembloemen.nl\/es\/#website\"},\"primaryImageOfPage\":{\"@id\":\"https:\/\/vanderlembloemen.nl\/es\/sobre-nosotros\/#primaryimage\"},\"image\":{\"@id\":\"https:\/\/vanderlembloemen.nl\/es\/sobre-nosotros\/#primaryimage\"},\"thumbnailUrl\":\"https:\/\/vanderlembloemen.nl\/wp-content\/uploads\/2025\/01\/Familiebedrijf-van-der-lem-bloemen-aalsmeer.webp\",\"datePublished\":\"2024-09-23T11:00:42+00:00\",\"dateModified\":\"2025-01-31T08:38:36+00:00\",\"description\":\"La empresa familiar Van der Lem Flowers es una florister\u00eda mayorista desde 1997. Ofrecemos un servicio personalizado y soluciones a medida para flores y plantas de la mejor calidad.\",\"breadcrumb\":{\"@id\":\"https:\/\/vanderlembloemen.nl\/es\/sobre-nosotros\/#breadcrumb\"},\"inLanguage\":\"es\",\"potentialAction\":[{\"@type\":\"ReadAction\",\"target\":[\"https:\/\/vanderlembloemen.nl\/es\/sobre-nosotros\/\"]}]},{\"@type\":\"ImageObject\",\"inLanguage\":\"es\",\"@id\":\"https:\/\/vanderlembloemen.nl\/es\/sobre-nosotros\/#primaryimage\",\"url\":\"https:\/\/vanderlembloemen.nl\/wp-content\/uploads\/2025\/01\/Familiebedrijf-van-der-lem-bloemen-aalsmeer.webp\",\"contentUrl\":\"https:\/\/vanderlembloemen.nl\/wp-content\/uploads\/2025\/01\/Familiebedrijf-van-der-lem-bloemen-aalsmeer.webp\"},{\"@type\":\"BreadcrumbList\",\"@id\":\"https:\/\/vanderlembloemen.nl\/es\/sobre-nosotros\/#breadcrumb\",\"itemListElement\":[{\"@type\":\"ListItem\",\"position\":1,\"name\":\"Home\",\"item\":\"https:\/\/vanderlembloemen.nl\/es\/pagina-de-inicio-2\/\"},{\"@type\":\"ListItem\",\"position\":2,\"name\":\"Sobre nosotros\"}]},{\"@type\":\"WebSite\",\"@id\":\"https:\/\/vanderlembloemen.nl\/es\/#website\",\"url\":\"https:\/\/vanderlembloemen.nl\/es\/\",\"name\":\"Van der Lem Bloemen\",\"description\":\"\",\"publisher\":{\"@id\":\"https:\/\/vanderlembloemen.nl\/es\/#organization\"},\"potentialAction\":[{\"@type\":\"SearchAction\",\"target\":{\"@type\":\"EntryPoint\",\"urlTemplate\":\"https:\/\/vanderlembloemen.nl\/es\/?s={search_term_string}\"},\"query-input\":{\"@type\":\"PropertyValueSpecification\",\"valueRequired\":true,\"valueName\":\"search_term_string\"}}],\"inLanguage\":\"es\"},{\"@type\":\"Organization\",\"@id\":\"https:\/\/vanderlembloemen.nl\/es\/#organization\",\"name\":\"Van der Lem Bloemen\",\"url\":\"https:\/\/vanderlembloemen.nl\/es\/\",\"logo\":{\"@type\":\"ImageObject\",\"inLanguage\":\"es\",\"@id\":\"https:\/\/vanderlembloemen.nl\/es\/#\/schema\/logo\/image\/\",\"url\":\"https:\/\/vanderlembloemen.nl\/wp-content\/uploads\/2024\/09\/Logo-Van-der-Lem-Bloemen.webp\",\"contentUrl\":\"https:\/\/vanderlembloemen.nl\/wp-content\/uploads\/2024\/09\/Logo-Van-der-Lem-Bloemen.webp\",\"width\":350,\"height\":100,\"caption\":\"Van der Lem Bloemen\"},\"image\":{\"@id\":\"https:\/\/vanderlembloemen.nl\/es\/#\/schema\/logo\/image\/\"}}]}<\/script>\n<!-- \/ Yoast SEO plugin. -->","yoast_head_json":{"title":"Mayorista de flores Van der Lem","description":"La empresa familiar Van der Lem Flowers es una florister\u00eda mayorista desde 1997. Ofrecemos un servicio personalizado y soluciones a medida para flores y plantas de la mejor calidad.","robots":{"index":"index","follow":"follow","max-snippet":"max-snippet:-1","max-image-preview":"max-image-preview:large","max-video-preview":"max-video-preview:-1"},"canonical":"https:\/\/vanderlembloemen.nl\/es\/sobre-nosotros\/","og_locale":"es_ES","og_type":"article","og_title":"Mayorista de flores Van der Lem","og_description":"La empresa familiar Van der Lem Flowers es una florister\u00eda mayorista desde 1997. Ofrecemos un servicio personalizado y soluciones a medida para flores y plantas de la mejor calidad.","og_url":"https:\/\/vanderlembloemen.nl\/es\/sobre-nosotros\/","og_site_name":"Van der Lem Bloemen","article_modified_time":"2025-01-31T08:38:36+00:00","og_image":[{"width":1920,"height":921,"url":"https:\/\/vanderlembloemen.nl\/wp-content\/uploads\/2025\/01\/Familiebedrijf-van-der-lem-bloemen-aalsmeer.webp","type":"image\/webp"}],"twitter_card":"summary_large_image","twitter_misc":{"Tiempo de lectura":"1 minuto"},"schema":{"@context":"https:\/\/schema.org","@graph":[{"@type":"WebPage","@id":"https:\/\/vanderlembloemen.nl\/es\/sobre-nosotros\/","url":"https:\/\/vanderlembloemen.nl\/es\/sobre-nosotros\/","name":"Mayorista de flores Van der Lem","isPartOf":{"@id":"https:\/\/vanderlembloemen.nl\/es\/#website"},"primaryImageOfPage":{"@id":"https:\/\/vanderlembloemen.nl\/es\/sobre-nosotros\/#primaryimage"},"image":{"@id":"https:\/\/vanderlembloemen.nl\/es\/sobre-nosotros\/#primaryimage"},"thumbnailUrl":"https:\/\/vanderlembloemen.nl\/wp-content\/uploads\/2025\/01\/Familiebedrijf-van-der-lem-bloemen-aalsmeer.webp","datePublished":"2024-09-23T11:00:42+00:00","dateModified":"2025-01-31T08:38:36+00:00","description":"La empresa familiar Van der Lem Flowers es una florister\u00eda mayorista desde 1997. Ofrecemos un servicio personalizado y soluciones a medida para flores y plantas de la mejor calidad.","breadcrumb":{"@id":"https:\/\/vanderlembloemen.nl\/es\/sobre-nosotros\/#breadcrumb"},"inLanguage":"es","potentialAction":[{"@type":"ReadAction","target":["https:\/\/vanderlembloemen.nl\/es\/sobre-nosotros\/"]}]},{"@type":"ImageObject","inLanguage":"es","@id":"https:\/\/vanderlembloemen.nl\/es\/sobre-nosotros\/#primaryimage","url":"https:\/\/vanderlembloemen.nl\/wp-content\/uploads\/2025\/01\/Familiebedrijf-van-der-lem-bloemen-aalsmeer.webp","contentUrl":"https:\/\/vanderlembloemen.nl\/wp-content\/uploads\/2025\/01\/Familiebedrijf-van-der-lem-bloemen-aalsmeer.webp"},{"@type":"BreadcrumbList","@id":"https:\/\/vanderlembloemen.nl\/es\/sobre-nosotros\/#breadcrumb","itemListElement":[{"@type":"ListItem","position":1,"name":"Home","item":"https:\/\/vanderlembloemen.nl\/es\/pagina-de-inicio-2\/"},{"@type":"ListItem","position":2,"name":"Sobre nosotros"}]},{"@type":"WebSite","@id":"https:\/\/vanderlembloemen.nl\/es\/#website","url":"https:\/\/vanderlembloemen.nl\/es\/","name":"Van der Lem Bloemen","description":"","publisher":{"@id":"https:\/\/vanderlembloemen.nl\/es\/#organization"},"potentialAction":[{"@type":"SearchAction","target":{"@type":"EntryPoint","urlTemplate":"https:\/\/vanderlembloemen.nl\/es\/?s={search_term_string}"},"query-input":{"@type":"PropertyValueSpecification","valueRequired":true,"valueName":"search_term_string"}}],"inLanguage":"es"},{"@type":"Organization","@id":"https:\/\/vanderlembloemen.nl\/es\/#organization","name":"Van der Lem Bloemen","url":"https:\/\/vanderlembloemen.nl\/es\/","logo":{"@type":"ImageObject","inLanguage":"es","@id":"https:\/\/vanderlembloemen.nl\/es\/#\/schema\/logo\/image\/","url":"https:\/\/vanderlembloemen.nl\/wp-content\/uploads\/2024\/09\/Logo-Van-der-Lem-Bloemen.webp","contentUrl":"https:\/\/vanderlembloemen.nl\/wp-content\/uploads\/2024\/09\/Logo-Van-der-Lem-Bloemen.webp","width":350,"height":100,"caption":"Van der Lem Bloemen"},"image":{"@id":"https:\/\/vanderlembloemen.nl\/es\/#\/schema\/logo\/image\/"}}]}},"_links":{"self":[{"href":"https:\/\/vanderlembloemen.nl\/es\/wp-json\/wp\/v2\/pages\/3510","targetHints":{"allow":["GET"]}}],"collection":[{"href":"https:\/\/vanderlembloemen.nl\/es\/wp-json\/wp\/v2\/pages"}],"about":[{"href":"https:\/\/vanderlembloemen.nl\/es\/wp-json\/wp\/v2\/types\/page"}],"author":[{"embeddable":true,"href":"https:\/\/vanderlembloemen.nl\/es\/wp-json\/wp\/v2\/users\/1"}],"replies":[{"embeddable":true,"href":"https:\/\/vanderlembloemen.nl\/es\/wp-json\/wp\/v2\/comments?post=3510"}],"version-history":[{"count":1,"href":"https:\/\/vanderlembloemen.nl\/es\/wp-json\/wp\/v2\/pages\/3510\/revisions"}],"predecessor-version":[{"id":3519,"href":"https:\/\/vanderlembloemen.nl\/es\/wp-json\/wp\/v2\/pages\/3510\/revisions\/3519"}],"wp:attachment":[{"href":"https:\/\/vanderlembloemen.nl\/es\/wp-json\/wp\/v2\/media?parent=3510"}],"curies":[{"name":"wp","href":"https:\/\/api.w.org\/{rel}","templated":true}]}}