{"id":1671,"date":"2024-09-16T09:27:22","date_gmt":"2024-09-16T07:27:22","guid":{"rendered":"https:\/\/vanderlembloemen.nl\/exemple-de-page\/"},"modified":"2025-01-20T14:56:45","modified_gmt":"2025-01-20T12:56:45","slug":"exemple-de-page","status":"publish","type":"page","link":"https:\/\/vanderlembloemen.nl\/fr\/exemple-de-page\/","title":{"rendered":"Exemple de page"},"content":{"rendered":"\n<p>Il s&rsquo;agit d&rsquo;une page d&rsquo;exemple. Il est diff\u00e9rent d&rsquo;un article de blog car il reste \u00e0 un seul endroit et appara\u00eet dans la navigation de votre site (dans la plupart des th\u00e8mes). La plupart des gens commencent par une page \u00ab\u00a0\u00c0 propos\u00a0\u00bb qui les pr\u00e9sente aux visiteurs potentiels du site. Elle pourrait dire quelque chose comme ceci :<\/p>\n\n<blockquote class=\"wp-block-quote is-layout-flow wp-block-quote-is-layout-flow\"><p>Bonjour ! Je suis coursier \u00e0 v\u00e9lo le jour, com\u00e9dien en herbe la nuit, et voici mon site web. Je vis \u00e0 Los Angeles, j&rsquo;ai un super chien qui s&rsquo;appelle Jack et j&rsquo;aime les pi\u00f1a coladas. (Et se faire surprendre par la pluie.)<\/p><\/blockquote>\n\n<p>&#8230;ou quelque chose comme \u00e7a :<\/p>\n\n<blockquote class=\"wp-block-quote is-layout-flow wp-block-quote-is-layout-flow\"><p>La soci\u00e9t\u00e9 XYZ Doohickey Company a \u00e9t\u00e9 fond\u00e9e en 1971 et fournit depuis lors des doohickeys de qualit\u00e9 au public. Situ\u00e9e \u00e0 Gotham City, XYZ emploie plus de 2 000 personnes et accomplit toutes sortes de choses extraordinaires pour la communaut\u00e9 de Gotham.<\/p><\/blockquote>\n\n<p>En tant que nouvel utilisateur de WordPress, vous devez vous rendre dans <a href=\"http:\/\/vanderlembloemen.nl\/wp-admin\/\">votre tableau de bord<\/a> pour supprimer cette page et cr\u00e9er de nouvelles pages pour votre contenu. Amusez-vous bien !<\/p>\n","protected":false},"excerpt":{"rendered":"<p>Il s&rsquo;agit d&rsquo;une page d&rsquo;exemple. Il est diff\u00e9rent d&rsquo;un article de blog car il reste \u00e0 un seul endroit et appara\u00eet dans la navigation de votre site (dans la plupart des th\u00e8mes). La plupart des gens commencent par une page \u00ab\u00a0\u00c0 propos\u00a0\u00bb qui les pr\u00e9sente aux visiteurs potentiels du site. Elle pourrait dire quelque chose [&hellip;]<\/p>\n","protected":false},"author":1,"featured_media":0,"parent":0,"menu_order":0,"comment_status":"closed","ping_status":"open","template":"","meta":{"footnotes":""},"class_list":["post-1671","page","type-page","status-publish","hentry"],"yoast_head":"<!-- This site is optimized with the Yoast SEO plugin v27.2 - https:\/\/yoast.com\/product\/yoast-seo-wordpress\/ -->\n<title>Exemple de page - Van der Lem Bloemen<\/title>\n<meta name=\"robots\" content=\"index, follow, max-snippet:-1, max-image-preview:large, max-video-preview:-1\" \/>\n<link rel=\"canonical\" href=\"https:\/\/vanderlembloemen.nl\/fr\/exemple-de-page\/\" \/>\n<meta property=\"og:locale\" content=\"fr_FR\" \/>\n<meta property=\"og:type\" content=\"article\" \/>\n<meta property=\"og:title\" content=\"Exemple de page - Van der Lem Bloemen\" \/>\n<meta property=\"og:description\" content=\"Il s&rsquo;agit d&rsquo;une page d&rsquo;exemple. Il est diff\u00e9rent d&rsquo;un article de blog car il reste \u00e0 un seul endroit et appara\u00eet dans la navigation de votre site (dans la plupart des th\u00e8mes). La plupart des gens commencent par une page \u00ab\u00a0\u00c0 propos\u00a0\u00bb qui les pr\u00e9sente aux visiteurs potentiels du site. Elle pourrait dire quelque chose [&hellip;]\" \/>\n<meta property=\"og:url\" content=\"https:\/\/vanderlembloemen.nl\/fr\/exemple-de-page\/\" \/>\n<meta property=\"og:site_name\" content=\"Van der Lem Bloemen\" \/>\n<meta property=\"article:modified_time\" content=\"2025-01-20T12:56:45+00:00\" \/>\n<meta name=\"twitter:card\" content=\"summary_large_image\" \/>\n<meta name=\"twitter:label1\" content=\"Dur\u00e9e de lecture estim\u00e9e\" \/>\n\t<meta name=\"twitter:data1\" content=\"1 minute\" \/>\n<script type=\"application\/ld+json\" class=\"yoast-schema-graph\">{\"@context\":\"https:\/\/schema.org\",\"@graph\":[{\"@type\":\"WebPage\",\"@id\":\"https:\/\/vanderlembloemen.nl\/fr\/exemple-de-page\/\",\"url\":\"https:\/\/vanderlembloemen.nl\/fr\/exemple-de-page\/\",\"name\":\"Exemple de page - Van der Lem Bloemen\",\"isPartOf\":{\"@id\":\"https:\/\/vanderlembloemen.nl\/fr\/#website\"},\"datePublished\":\"2024-09-16T07:27:22+00:00\",\"dateModified\":\"2025-01-20T12:56:45+00:00\",\"breadcrumb\":{\"@id\":\"https:\/\/vanderlembloemen.nl\/fr\/exemple-de-page\/#breadcrumb\"},\"inLanguage\":\"fr-FR\",\"potentialAction\":[{\"@type\":\"ReadAction\",\"target\":[\"https:\/\/vanderlembloemen.nl\/fr\/exemple-de-page\/\"]}]},{\"@type\":\"BreadcrumbList\",\"@id\":\"https:\/\/vanderlembloemen.nl\/fr\/exemple-de-page\/#breadcrumb\",\"itemListElement\":[{\"@type\":\"ListItem\",\"position\":1,\"name\":\"Home\",\"item\":\"https:\/\/vanderlembloemen.nl\/fr\/page-daccueil-2\/\"},{\"@type\":\"ListItem\",\"position\":2,\"name\":\"Exemple de page\"}]},{\"@type\":\"WebSite\",\"@id\":\"https:\/\/vanderlembloemen.nl\/fr\/#website\",\"url\":\"https:\/\/vanderlembloemen.nl\/fr\/\",\"name\":\"Van der Lem Bloemen\",\"description\":\"\",\"publisher\":{\"@id\":\"https:\/\/vanderlembloemen.nl\/fr\/#organization\"},\"potentialAction\":[{\"@type\":\"SearchAction\",\"target\":{\"@type\":\"EntryPoint\",\"urlTemplate\":\"https:\/\/vanderlembloemen.nl\/fr\/?s={search_term_string}\"},\"query-input\":{\"@type\":\"PropertyValueSpecification\",\"valueRequired\":true,\"valueName\":\"search_term_string\"}}],\"inLanguage\":\"fr-FR\"},{\"@type\":\"Organization\",\"@id\":\"https:\/\/vanderlembloemen.nl\/fr\/#organization\",\"name\":\"Van der Lem Bloemen\",\"url\":\"https:\/\/vanderlembloemen.nl\/fr\/\",\"logo\":{\"@type\":\"ImageObject\",\"inLanguage\":\"fr-FR\",\"@id\":\"https:\/\/vanderlembloemen.nl\/fr\/#\/schema\/logo\/image\/\",\"url\":\"https:\/\/vanderlembloemen.nl\/wp-content\/uploads\/2024\/09\/Logo-Van-der-Lem-Bloemen.webp\",\"contentUrl\":\"https:\/\/vanderlembloemen.nl\/wp-content\/uploads\/2024\/09\/Logo-Van-der-Lem-Bloemen.webp\",\"width\":350,\"height\":100,\"caption\":\"Van der Lem Bloemen\"},\"image\":{\"@id\":\"https:\/\/vanderlembloemen.nl\/fr\/#\/schema\/logo\/image\/\"}}]}<\/script>\n<!-- \/ Yoast SEO plugin. -->","yoast_head_json":{"title":"Exemple de page - Van der Lem Bloemen","robots":{"index":"index","follow":"follow","max-snippet":"max-snippet:-1","max-image-preview":"max-image-preview:large","max-video-preview":"max-video-preview:-1"},"canonical":"https:\/\/vanderlembloemen.nl\/fr\/exemple-de-page\/","og_locale":"fr_FR","og_type":"article","og_title":"Exemple de page - Van der Lem Bloemen","og_description":"Il s&rsquo;agit d&rsquo;une page d&rsquo;exemple. Il est diff\u00e9rent d&rsquo;un article de blog car il reste \u00e0 un seul endroit et appara\u00eet dans la navigation de votre site (dans la plupart des th\u00e8mes). La plupart des gens commencent par une page \u00ab\u00a0\u00c0 propos\u00a0\u00bb qui les pr\u00e9sente aux visiteurs potentiels du site. Elle pourrait dire quelque chose [&hellip;]","og_url":"https:\/\/vanderlembloemen.nl\/fr\/exemple-de-page\/","og_site_name":"Van der Lem Bloemen","article_modified_time":"2025-01-20T12:56:45+00:00","twitter_card":"summary_large_image","twitter_misc":{"Dur\u00e9e de lecture estim\u00e9e":"1 minute"},"schema":{"@context":"https:\/\/schema.org","@graph":[{"@type":"WebPage","@id":"https:\/\/vanderlembloemen.nl\/fr\/exemple-de-page\/","url":"https:\/\/vanderlembloemen.nl\/fr\/exemple-de-page\/","name":"Exemple de page - Van der Lem Bloemen","isPartOf":{"@id":"https:\/\/vanderlembloemen.nl\/fr\/#website"},"datePublished":"2024-09-16T07:27:22+00:00","dateModified":"2025-01-20T12:56:45+00:00","breadcrumb":{"@id":"https:\/\/vanderlembloemen.nl\/fr\/exemple-de-page\/#breadcrumb"},"inLanguage":"fr-FR","potentialAction":[{"@type":"ReadAction","target":["https:\/\/vanderlembloemen.nl\/fr\/exemple-de-page\/"]}]},{"@type":"BreadcrumbList","@id":"https:\/\/vanderlembloemen.nl\/fr\/exemple-de-page\/#breadcrumb","itemListElement":[{"@type":"ListItem","position":1,"name":"Home","item":"https:\/\/vanderlembloemen.nl\/fr\/page-daccueil-2\/"},{"@type":"ListItem","position":2,"name":"Exemple de page"}]},{"@type":"WebSite","@id":"https:\/\/vanderlembloemen.nl\/fr\/#website","url":"https:\/\/vanderlembloemen.nl\/fr\/","name":"Van der Lem Bloemen","description":"","publisher":{"@id":"https:\/\/vanderlembloemen.nl\/fr\/#organization"},"potentialAction":[{"@type":"SearchAction","target":{"@type":"EntryPoint","urlTemplate":"https:\/\/vanderlembloemen.nl\/fr\/?s={search_term_string}"},"query-input":{"@type":"PropertyValueSpecification","valueRequired":true,"valueName":"search_term_string"}}],"inLanguage":"fr-FR"},{"@type":"Organization","@id":"https:\/\/vanderlembloemen.nl\/fr\/#organization","name":"Van der Lem Bloemen","url":"https:\/\/vanderlembloemen.nl\/fr\/","logo":{"@type":"ImageObject","inLanguage":"fr-FR","@id":"https:\/\/vanderlembloemen.nl\/fr\/#\/schema\/logo\/image\/","url":"https:\/\/vanderlembloemen.nl\/wp-content\/uploads\/2024\/09\/Logo-Van-der-Lem-Bloemen.webp","contentUrl":"https:\/\/vanderlembloemen.nl\/wp-content\/uploads\/2024\/09\/Logo-Van-der-Lem-Bloemen.webp","width":350,"height":100,"caption":"Van der Lem Bloemen"},"image":{"@id":"https:\/\/vanderlembloemen.nl\/fr\/#\/schema\/logo\/image\/"}}]}},"_links":{"self":[{"href":"https:\/\/vanderlembloemen.nl\/fr\/wp-json\/wp\/v2\/pages\/1671","targetHints":{"allow":["GET"]}}],"collection":[{"href":"https:\/\/vanderlembloemen.nl\/fr\/wp-json\/wp\/v2\/pages"}],"about":[{"href":"https:\/\/vanderlembloemen.nl\/fr\/wp-json\/wp\/v2\/types\/page"}],"author":[{"embeddable":true,"href":"https:\/\/vanderlembloemen.nl\/fr\/wp-json\/wp\/v2\/users\/1"}],"replies":[{"embeddable":true,"href":"https:\/\/vanderlembloemen.nl\/fr\/wp-json\/wp\/v2\/comments?post=1671"}],"version-history":[{"count":2,"href":"https:\/\/vanderlembloemen.nl\/fr\/wp-json\/wp\/v2\/pages\/1671\/revisions"}],"predecessor-version":[{"id":1674,"href":"https:\/\/vanderlembloemen.nl\/fr\/wp-json\/wp\/v2\/pages\/1671\/revisions\/1674"}],"wp:attachment":[{"href":"https:\/\/vanderlembloemen.nl\/fr\/wp-json\/wp\/v2\/media?parent=1671"}],"curies":[{"name":"wp","href":"https:\/\/api.w.org\/{rel}","templated":true}]}}