{"id":1688,"date":"2024-09-23T13:00:26","date_gmt":"2024-09-23T11:00:26","guid":{"rendered":"https:\/\/vanderlembloemen.nl\/gamme-de-produits\/"},"modified":"2025-03-17T10:09:28","modified_gmt":"2025-03-17T08:09:28","slug":"gamme-de-produits","status":"publish","type":"page","link":"https:\/\/vanderlembloemen.nl\/fr\/gamme-de-produits\/","title":{"rendered":"Gamme de produits"},"content":{"rendered":"\t\t<div data-elementor-type=\"wp-page\" data-elementor-id=\"1688\" class=\"elementor elementor-1688 elementor-120\" data-elementor-post-type=\"page\">\n\t\t\t\t<div class=\"elementor-element elementor-element-e9308f8 e-con-full e-flex e-con e-parent\" data-id=\"e9308f8\" data-element_type=\"container\" data-e-type=\"container\" data-settings=\"{&quot;background_background&quot;:&quot;classic&quot;}\">\n\t\t\t\t<div class=\"elementor-element elementor-element-18497a3 elementor-widget elementor-widget-heading\" data-id=\"18497a3\" data-element_type=\"widget\" data-e-type=\"widget\" data-widget_type=\"heading.default\">\n\t\t\t\t<div class=\"elementor-widget-container\">\n\t\t\t\t\t<h2 class=\"elementor-heading-title elementor-size-default\">Gamme de produits<\/h2>\t\t\t\t<\/div>\n\t\t\t\t<\/div>\n\t\t\t\t<\/div>\n\t\t<div class=\"elementor-element elementor-element-7777e72 e-flex e-con-boxed e-con e-parent\" data-id=\"7777e72\" data-element_type=\"container\" data-e-type=\"container\" data-settings=\"{&quot;background_background&quot;:&quot;classic&quot;}\">\n\t\t\t\t\t<div class=\"e-con-inner\">\n\t\t<div class=\"elementor-element elementor-element-777fd39 e-con-full e-flex e-con e-child\" data-id=\"777fd39\" data-element_type=\"container\" data-e-type=\"container\">\n\t\t<div class=\"elementor-element elementor-element-e8078bd e-con-full e-flex e-con e-child\" data-id=\"e8078bd\" data-element_type=\"container\" data-e-type=\"container\">\n\t\t\t\t<div class=\"elementor-element elementor-element-3f97823 animated-slow elementor-invisible elementor-widget elementor-widget-heading\" data-id=\"3f97823\" data-element_type=\"widget\" data-e-type=\"widget\" data-settings=\"{&quot;_animation&quot;:&quot;slideInUp&quot;}\" data-widget_type=\"heading.default\">\n\t\t\t\t<div class=\"elementor-widget-container\">\n\t\t\t\t\t<h2 class=\"elementor-heading-title elementor-size-default\">D\u00e9couvrez notre <span style=\"color:#99F327\">gamme de produits<\/span><\/h2>\t\t\t\t<\/div>\n\t\t\t\t<\/div>\n\t\t\t\t<\/div>\n\t\t\t\t<\/div>\n\t\t<div class=\"elementor-element elementor-element-e03386f e-con-full e-flex e-con e-child\" data-id=\"e03386f\" data-element_type=\"container\" data-e-type=\"container\">\n\t\t\t\t<div class=\"elementor-element elementor-element-ffd19e4 elementor-cta--skin-cover elementor-cta--valign-middle elementor-widget__width-inherit elementor-widget-tablet__width-initial elementor-widget-mobile__width-inherit elementor-animated-content elementor-bg-transform elementor-bg-transform-zoom-in elementor-widget elementor-widget-call-to-action\" data-id=\"ffd19e4\" data-element_type=\"widget\" data-e-type=\"widget\" data-widget_type=\"call-to-action.default\">\n\t\t\t\t<div class=\"elementor-widget-container\">\n\t\t\t\t\t\t\t<a class=\"elementor-cta\" href=\"https:\/\/webshop.vanderlembloemen.nl\/product\/26\/bloem-groep\" target=\"_blank\">\n\t\t\t\t\t<div class=\"elementor-cta__bg-wrapper\">\n\t\t\t\t<div class=\"elementor-cta__bg elementor-bg\" style=\"background-image: url(https:\/\/vanderlembloemen.nl\/wp-content\/uploads\/2025\/01\/Assortiment-Bloemen-Aalsmeer.webp);\" role=\"img\" aria-label=\"Assortiment-Fleurs-Aalsmeer\"><\/div>\n\t\t\t\t<div class=\"elementor-cta__bg-overlay\"><\/div>\n\t\t\t<\/div>\n\t\t\t\t\t\t\t<div class=\"elementor-cta__content\">\n\t\t\t\t\n\t\t\t\t\t\t\t\t\t<h2 class=\"elementor-cta__title elementor-cta__content-item elementor-content-item elementor-animated-item--grow\">\n\t\t\t\t\t\tFleurs\t\t\t\t\t<\/h2>\n\t\t\t\t\n\t\t\t\t\n\t\t\t\t\t\t\t\t\t<div class=\"elementor-cta__button-wrapper elementor-cta__content-item elementor-content-item elementor-animated-item--grow\">\n\t\t\t\t\t<span class=\"elementor-cta__button elementor-button elementor-size-\">\n\t\t\t\t\t\tVoir nos fleurs\t\t\t\t\t<\/span>\n\t\t\t\t\t<\/div>\n\t\t\t\t\t\t\t<\/div>\n\t\t\t\t\t\t<\/a>\n\t\t\t\t\t\t<\/div>\n\t\t\t\t<\/div>\n\t\t\t\t<div class=\"elementor-element elementor-element-93c1bf1 elementor-cta--skin-cover elementor-cta--valign-middle elementor-widget__width-inherit elementor-widget-tablet__width-initial elementor-widget-mobile__width-inherit elementor-animated-content elementor-bg-transform elementor-bg-transform-zoom-in elementor-widget elementor-widget-call-to-action\" data-id=\"93c1bf1\" data-element_type=\"widget\" data-e-type=\"widget\" data-widget_type=\"call-to-action.default\">\n\t\t\t\t<div class=\"elementor-widget-container\">\n\t\t\t\t\t\t\t<a class=\"elementor-cta\" href=\"https:\/\/webshop.vanderlembloemen.nl\/product\/5\/plants\" target=\"_blank\">\n\t\t\t\t\t<div class=\"elementor-cta__bg-wrapper\">\n\t\t\t\t<div class=\"elementor-cta__bg elementor-bg\" style=\"background-image: url(https:\/\/vanderlembloemen.nl\/wp-content\/uploads\/2024\/09\/Ons-assortiment-planten-768x1024.jpg);\" role=\"img\" aria-label=\"Nos plantes d&#039;appartement\"><\/div>\n\t\t\t\t<div class=\"elementor-cta__bg-overlay\"><\/div>\n\t\t\t<\/div>\n\t\t\t\t\t\t\t<div class=\"elementor-cta__content\">\n\t\t\t\t\n\t\t\t\t\t\t\t\t\t<h2 class=\"elementor-cta__title elementor-cta__content-item elementor-content-item elementor-animated-item--grow\">\n\t\t\t\t\t\tPlantes\t\t\t\t\t<\/h2>\n\t\t\t\t\n\t\t\t\t\n\t\t\t\t\t\t\t\t\t<div class=\"elementor-cta__button-wrapper elementor-cta__content-item elementor-content-item elementor-animated-item--grow\">\n\t\t\t\t\t<span class=\"elementor-cta__button elementor-button elementor-size-\">\n\t\t\t\t\t\tVoir nos plantes\t\t\t\t\t<\/span>\n\t\t\t\t\t<\/div>\n\t\t\t\t\t\t\t<\/div>\n\t\t\t\t\t\t<\/a>\n\t\t\t\t\t\t<\/div>\n\t\t\t\t<\/div>\n\t\t\t\t<div class=\"elementor-element elementor-element-2f52608 elementor-cta--skin-cover elementor-cta--valign-middle elementor-widget__width-inherit elementor-widget-tablet__width-initial elementor-widget-mobile__width-inherit elementor-animated-content elementor-bg-transform elementor-bg-transform-zoom-in elementor-widget elementor-widget-call-to-action\" data-id=\"2f52608\" data-element_type=\"widget\" data-e-type=\"widget\" data-widget_type=\"call-to-action.default\">\n\t\t\t\t<div class=\"elementor-widget-container\">\n\t\t\t\t\t\t\t<a class=\"elementor-cta\" href=\"https:\/\/webshop.vanderlembloemen.nl\/product\/12\/deco\" target=\"_blank\">\n\t\t\t\t\t<div class=\"elementor-cta__bg-wrapper\">\n\t\t\t\t<div class=\"elementor-cta__bg elementor-bg\" style=\"background-image: url(https:\/\/vanderlembloemen.nl\/wp-content\/uploads\/2024\/09\/Ons-assortiment-decoratie-768x1024.jpg);\" role=\"img\" aria-label=\"Us-assortiment-d\u00e9coration\"><\/div>\n\t\t\t\t<div class=\"elementor-cta__bg-overlay\"><\/div>\n\t\t\t<\/div>\n\t\t\t\t\t\t\t<div class=\"elementor-cta__content\">\n\t\t\t\t\n\t\t\t\t\t\t\t\t\t<h2 class=\"elementor-cta__title elementor-cta__content-item elementor-content-item elementor-animated-item--grow\">\n\t\t\t\t\t\tD\u00e9coration\t\t\t\t\t<\/h2>\n\t\t\t\t\n\t\t\t\t\n\t\t\t\t\t\t\t\t\t<div class=\"elementor-cta__button-wrapper elementor-cta__content-item elementor-content-item elementor-animated-item--grow\">\n\t\t\t\t\t<span class=\"elementor-cta__button elementor-button elementor-size-\">\n\t\t\t\t\t\tVoir notre d\u00e9coration\t\t\t\t\t<\/span>\n\t\t\t\t\t<\/div>\n\t\t\t\t\t\t\t<\/div>\n\t\t\t\t\t\t<\/a>\n\t\t\t\t\t\t<\/div>\n\t\t\t\t<\/div>\n\t\t\t\t<\/div>\n\t\t\t\t\t<\/div>\n\t\t\t\t<\/div>\n\t\t<div class=\"elementor-element elementor-element-b062333 e-con-full e-flex e-con e-parent\" data-id=\"b062333\" data-element_type=\"container\" data-e-type=\"container\" data-settings=\"{&quot;background_background&quot;:&quot;classic&quot;}\">\n\t\t<div class=\"elementor-element elementor-element-b16a988 e-con-full e-flex e-con e-child\" data-id=\"b16a988\" data-element_type=\"container\" data-e-type=\"container\">\n\t\t\t\t<div class=\"elementor-element elementor-element-256cfe4 elementor-widget__width-initial elementor-widget-tablet__width-inherit elementor-widget-tablet_extra__width-initial elementor-widget elementor-widget-heading\" data-id=\"256cfe4\" data-element_type=\"widget\" data-e-type=\"widget\" data-widget_type=\"heading.default\">\n\t\t\t\t<div class=\"elementor-widget-container\">\n\t\t\t\t\t<h2 class=\"elementor-heading-title elementor-size-default\"><span style=\"color:#99F327\"> Achat <\/span> sans souci  <\/h2>\t\t\t\t<\/div>\n\t\t\t\t<\/div>\n\t\t\t\t<div class=\"elementor-element elementor-element-1312a90 elementor-widget__width-initial elementor-widget-tablet__width-inherit elementor-widget-tablet_extra__width-initial elementor-widget elementor-widget-text-editor\" data-id=\"1312a90\" data-element_type=\"widget\" data-e-type=\"widget\" data-widget_type=\"text-editor.default\">\n\t\t\t\t<div class=\"elementor-widget-container\">\n\t\t\t\t\t\t\t\t\t<div class=\"border-borderMain\/50 ring-borderMain\/50 divide-borderMain\/50 dark:divide-borderMainDark\/50 dark:ring-borderMainDark\/50 dark:border-borderMainDark\/50 bg-transparent\">\n<div class=\"mb-md\">\n<div class=\"relative default font-sans text-base text-textMain dark:text-textMainDark selection:bg-super\/50 selection:text-textMain dark:selection:bg-superDuper\/10 dark:selection:text-superDark\">\n<div class=\"min-w-0 break-words [word-break:break-word]\">\n<div dir=\"auto\">\n<div class=\"prose dark:prose-invert inline leading-normal break-words min-w-0 [word-break:break-word]\">Van der Lem Flowers propose plusieurs options d&rsquo;achat, notamment l&rsquo;achat \u00e0 distance (KOA), la boutique en ligne et la commande par courrier \u00e9lectronique. Les clients peuvent facilement s\u00e9lectionner des produits aux prix souhait\u00e9s depuis leur domicile.  Cela permet de gagner du temps, de contr\u00f4ler les achats et de r\u00e9pondre rapidement \u00e0 l&rsquo;\u00e9volution des besoins. Sans pr\u00e9sence physique \u00e0 la vente aux ench\u00e8res, nos clients ont acc\u00e8s \u00e0 un large \u00e9ventail de fleurs, de plantes et de mat\u00e9riaux de d\u00e9coration de qualit\u00e9. <\/div>\n<\/div>\n<\/div>\n<\/div>\n<\/div>\n<\/div>\n\t\t\t\t\t\t\t\t<\/div>\n\t\t\t\t<\/div>\n\t\t\t\t<\/div>\n\t\t\t\t<\/div>\n\t\t<div class=\"elementor-element elementor-element-4b52665 e-con-full e-flex e-con e-parent\" data-id=\"4b52665\" data-element_type=\"container\" data-e-type=\"container\" data-settings=\"{&quot;background_background&quot;:&quot;classic&quot;}\">\n\t\t\t\t<div class=\"elementor-element elementor-element-711c129 elementor-widget__width-initial elementor-widget elementor-widget-image\" data-id=\"711c129\" data-element_type=\"widget\" data-e-type=\"widget\" data-widget_type=\"image.default\">\n\t\t\t\t<div class=\"elementor-widget-container\">\n\t\t\t\t\t\t\t\t\t\t\t\t\t\t\t<img fetchpriority=\"high\" decoding=\"async\" width=\"800\" height=\"445\" src=\"https:\/\/vanderlembloemen.nl\/wp-content\/uploads\/2024\/11\/Vervoer-bloemen-aalsmeer-e1732285334163-1024x569.jpg\" class=\"attachment-large size-large wp-image-1622\" alt=\"\" srcset=\"https:\/\/vanderlembloemen.nl\/wp-content\/uploads\/2024\/11\/Vervoer-bloemen-aalsmeer-e1732285334163-1024x569.jpg 1024w, https:\/\/vanderlembloemen.nl\/wp-content\/uploads\/2024\/11\/Vervoer-bloemen-aalsmeer-e1732285334163-300x167.jpg 300w, https:\/\/vanderlembloemen.nl\/wp-content\/uploads\/2024\/11\/Vervoer-bloemen-aalsmeer-e1732285334163-768x427.jpg 768w, https:\/\/vanderlembloemen.nl\/wp-content\/uploads\/2024\/11\/Vervoer-bloemen-aalsmeer-e1732285334163-1536x854.jpg 1536w, https:\/\/vanderlembloemen.nl\/wp-content\/uploads\/2024\/11\/Vervoer-bloemen-aalsmeer-e1732285334163.jpg 1625w\" sizes=\"(max-width: 800px) 100vw, 800px\" \/>\t\t\t\t\t\t\t\t\t\t\t\t\t\t\t<\/div>\n\t\t\t\t<\/div>\n\t\t<div class=\"elementor-element elementor-element-d9a143c e-con-full e-flex e-con e-child\" data-id=\"d9a143c\" data-element_type=\"container\" data-e-type=\"container\">\n\t\t\t\t<div class=\"elementor-element elementor-element-99c1f66 elementor-widget__width-initial elementor-widget-tablet__width-inherit elementor-widget elementor-widget-heading\" data-id=\"99c1f66\" data-element_type=\"widget\" data-e-type=\"widget\" data-widget_type=\"heading.default\">\n\t\t\t\t<div class=\"elementor-widget-container\">\n\t\t\t\t\t<h2 class=\"elementor-heading-title elementor-size-default\"><span style=\"color:#99F327\"> Achetez<\/span> toujours<span style=\"color:#99F327\"> tout<\/span>, sans stock.<\/h2>\t\t\t\t<\/div>\n\t\t\t\t<\/div>\n\t\t\t\t<div class=\"elementor-element elementor-element-2e509ed elementor-widget__width-initial elementor-widget-tablet__width-inherit elementor-widget elementor-widget-text-editor\" data-id=\"2e509ed\" data-element_type=\"widget\" data-e-type=\"widget\" data-widget_type=\"text-editor.default\">\n\t\t\t\t<div class=\"elementor-widget-container\">\n\t\t\t\t\t\t\t\t\t<p>Van der Lem Flowers travaille avec un stock minimum pour garantir une fra\u00eecheur optimale. Nos acheteurs exp\u00e9riment\u00e9s s\u00e9lectionnent quotidiennement les meilleures fleurs et plantes par le biais de la vente aux ench\u00e8res d&rsquo;Aalsmeer et de contacts directs avec les producteurs. Les clients peuvent s\u00e9lectionner eux-m\u00eames les produits par le biais de l&rsquo;achat \u00e0 distance, ce qui leur donne une flexibilit\u00e9 et un contr\u00f4le complets sur leurs achats. Cette approche unique combine la convivialit\u00e9 avec la garantie de qualit\u00e9, ce qui permet \u00e0 chacun de trouver les fleurs parfaites au bon prix.   <\/p>\n\t\t\t\t\t\t\t\t<\/div>\n\t\t\t\t<\/div>\n\t\t\t\t<\/div>\n\t\t\t\t<\/div>\n\t\t\t\t<\/div>\n\t\t","protected":false},"excerpt":{"rendered":"<p>Gamme de produits D\u00e9couvrez notre gamme de produits Fleurs Voir nos fleurs Plantes Voir nos plantes D\u00e9coration Voir notre d\u00e9coration Achat sans souci Van der Lem Flowers propose plusieurs options d&rsquo;achat, notamment l&rsquo;achat \u00e0 distance (KOA), la boutique en ligne et la commande par courrier \u00e9lectronique. Les clients peuvent facilement s\u00e9lectionner des produits aux prix [&hellip;]<\/p>\n","protected":false},"author":1,"featured_media":0,"parent":0,"menu_order":0,"comment_status":"closed","ping_status":"closed","template":"","meta":{"footnotes":""},"class_list":["post-1688","page","type-page","status-publish","hentry"],"yoast_head":"<!-- This site is optimized with the Yoast SEO plugin v27.2 - https:\/\/yoast.com\/product\/yoast-seo-wordpress\/ -->\n<title>Gamme de fleurs et de plantes<\/title>\n<meta name=\"description\" content=\"Sans avoir de pr\u00e9sence physique \u00e0 la vente aux ench\u00e8res, nos clients ont acc\u00e8s \u00e0 un large \u00e9ventail de fleurs, de plantes et de mat\u00e9riaux de d\u00e9coration de qualit\u00e9.\" \/>\n<meta name=\"robots\" content=\"index, follow, max-snippet:-1, max-image-preview:large, max-video-preview:-1\" \/>\n<link rel=\"canonical\" href=\"https:\/\/vanderlembloemen.nl\/fr\/gamme-de-produits\/\" \/>\n<meta property=\"og:locale\" content=\"fr_FR\" \/>\n<meta property=\"og:type\" content=\"article\" \/>\n<meta property=\"og:title\" content=\"Gamme de fleurs et de plantes\" \/>\n<meta property=\"og:description\" content=\"Sans avoir de pr\u00e9sence physique \u00e0 la vente aux ench\u00e8res, nos clients ont acc\u00e8s \u00e0 un large \u00e9ventail de fleurs, de plantes et de mat\u00e9riaux de d\u00e9coration de qualit\u00e9.\" \/>\n<meta property=\"og:url\" content=\"https:\/\/vanderlembloemen.nl\/fr\/gamme-de-produits\/\" \/>\n<meta property=\"og:site_name\" content=\"Van der Lem Bloemen\" \/>\n<meta property=\"article:modified_time\" content=\"2025-03-17T08:09:28+00:00\" \/>\n<meta property=\"og:image\" content=\"https:\/\/vanderlembloemen.nl\/wp-content\/uploads\/2024\/11\/Vervoer-bloemen-aalsmeer-e1732285334163.webp\" \/>\n\t<meta property=\"og:image:width\" content=\"1625\" \/>\n\t<meta property=\"og:image:height\" content=\"903\" \/>\n\t<meta property=\"og:image:type\" content=\"image\/jpeg\" \/>\n<meta name=\"twitter:card\" content=\"summary_large_image\" \/>\n<meta name=\"twitter:label1\" content=\"Dur\u00e9e de lecture estim\u00e9e\" \/>\n\t<meta name=\"twitter:data1\" content=\"2 minutes\" \/>\n<script type=\"application\/ld+json\" class=\"yoast-schema-graph\">{\"@context\":\"https:\/\/schema.org\",\"@graph\":[{\"@type\":\"WebPage\",\"@id\":\"https:\/\/vanderlembloemen.nl\/fr\/gamme-de-produits\/\",\"url\":\"https:\/\/vanderlembloemen.nl\/fr\/gamme-de-produits\/\",\"name\":\"Gamme de fleurs et de plantes\",\"isPartOf\":{\"@id\":\"https:\/\/vanderlembloemen.nl\/fr\/#website\"},\"primaryImageOfPage\":{\"@id\":\"https:\/\/vanderlembloemen.nl\/fr\/gamme-de-produits\/#primaryimage\"},\"image\":{\"@id\":\"https:\/\/vanderlembloemen.nl\/fr\/gamme-de-produits\/#primaryimage\"},\"thumbnailUrl\":\"https:\/\/vanderlembloemen.nl\/wp-content\/uploads\/2024\/11\/Vervoer-bloemen-aalsmeer-e1732285334163-1024x569.jpg\",\"datePublished\":\"2024-09-23T11:00:26+00:00\",\"dateModified\":\"2025-03-17T08:09:28+00:00\",\"description\":\"Sans avoir de pr\u00e9sence physique \u00e0 la vente aux ench\u00e8res, nos clients ont acc\u00e8s \u00e0 un large \u00e9ventail de fleurs, de plantes et de mat\u00e9riaux de d\u00e9coration de qualit\u00e9.\",\"breadcrumb\":{\"@id\":\"https:\/\/vanderlembloemen.nl\/fr\/gamme-de-produits\/#breadcrumb\"},\"inLanguage\":\"fr-FR\",\"potentialAction\":[{\"@type\":\"ReadAction\",\"target\":[\"https:\/\/vanderlembloemen.nl\/fr\/gamme-de-produits\/\"]}]},{\"@type\":\"ImageObject\",\"inLanguage\":\"fr-FR\",\"@id\":\"https:\/\/vanderlembloemen.nl\/fr\/gamme-de-produits\/#primaryimage\",\"url\":\"https:\/\/vanderlembloemen.nl\/wp-content\/uploads\/2024\/11\/Vervoer-bloemen-aalsmeer-e1732285334163-1024x569.jpg\",\"contentUrl\":\"https:\/\/vanderlembloemen.nl\/wp-content\/uploads\/2024\/11\/Vervoer-bloemen-aalsmeer-e1732285334163-1024x569.jpg\"},{\"@type\":\"BreadcrumbList\",\"@id\":\"https:\/\/vanderlembloemen.nl\/fr\/gamme-de-produits\/#breadcrumb\",\"itemListElement\":[{\"@type\":\"ListItem\",\"position\":1,\"name\":\"Home\",\"item\":\"https:\/\/vanderlembloemen.nl\/fr\/page-daccueil-2\/\"},{\"@type\":\"ListItem\",\"position\":2,\"name\":\"Gamme de produits\"}]},{\"@type\":\"WebSite\",\"@id\":\"https:\/\/vanderlembloemen.nl\/fr\/#website\",\"url\":\"https:\/\/vanderlembloemen.nl\/fr\/\",\"name\":\"Van der Lem Bloemen\",\"description\":\"\",\"publisher\":{\"@id\":\"https:\/\/vanderlembloemen.nl\/fr\/#organization\"},\"potentialAction\":[{\"@type\":\"SearchAction\",\"target\":{\"@type\":\"EntryPoint\",\"urlTemplate\":\"https:\/\/vanderlembloemen.nl\/fr\/?s={search_term_string}\"},\"query-input\":{\"@type\":\"PropertyValueSpecification\",\"valueRequired\":true,\"valueName\":\"search_term_string\"}}],\"inLanguage\":\"fr-FR\"},{\"@type\":\"Organization\",\"@id\":\"https:\/\/vanderlembloemen.nl\/fr\/#organization\",\"name\":\"Van der Lem Bloemen\",\"url\":\"https:\/\/vanderlembloemen.nl\/fr\/\",\"logo\":{\"@type\":\"ImageObject\",\"inLanguage\":\"fr-FR\",\"@id\":\"https:\/\/vanderlembloemen.nl\/fr\/#\/schema\/logo\/image\/\",\"url\":\"https:\/\/vanderlembloemen.nl\/wp-content\/uploads\/2024\/09\/Logo-Van-der-Lem-Bloemen.webp\",\"contentUrl\":\"https:\/\/vanderlembloemen.nl\/wp-content\/uploads\/2024\/09\/Logo-Van-der-Lem-Bloemen.webp\",\"width\":350,\"height\":100,\"caption\":\"Van der Lem Bloemen\"},\"image\":{\"@id\":\"https:\/\/vanderlembloemen.nl\/fr\/#\/schema\/logo\/image\/\"}}]}<\/script>\n<!-- \/ Yoast SEO plugin. -->","yoast_head_json":{"title":"Gamme de fleurs et de plantes","description":"Sans avoir de pr\u00e9sence physique \u00e0 la vente aux ench\u00e8res, nos clients ont acc\u00e8s \u00e0 un large \u00e9ventail de fleurs, de plantes et de mat\u00e9riaux de d\u00e9coration de qualit\u00e9.","robots":{"index":"index","follow":"follow","max-snippet":"max-snippet:-1","max-image-preview":"max-image-preview:large","max-video-preview":"max-video-preview:-1"},"canonical":"https:\/\/vanderlembloemen.nl\/fr\/gamme-de-produits\/","og_locale":"fr_FR","og_type":"article","og_title":"Gamme de fleurs et de plantes","og_description":"Sans avoir de pr\u00e9sence physique \u00e0 la vente aux ench\u00e8res, nos clients ont acc\u00e8s \u00e0 un large \u00e9ventail de fleurs, de plantes et de mat\u00e9riaux de d\u00e9coration de qualit\u00e9.","og_url":"https:\/\/vanderlembloemen.nl\/fr\/gamme-de-produits\/","og_site_name":"Van der Lem Bloemen","article_modified_time":"2025-03-17T08:09:28+00:00","og_image":[{"width":1625,"height":903,"url":"https:\/\/vanderlembloemen.nl\/wp-content\/uploads\/2024\/11\/Vervoer-bloemen-aalsmeer-e1732285334163.webp","type":"image\/jpeg"}],"twitter_card":"summary_large_image","twitter_misc":{"Dur\u00e9e de lecture estim\u00e9e":"2 minutes"},"schema":{"@context":"https:\/\/schema.org","@graph":[{"@type":"WebPage","@id":"https:\/\/vanderlembloemen.nl\/fr\/gamme-de-produits\/","url":"https:\/\/vanderlembloemen.nl\/fr\/gamme-de-produits\/","name":"Gamme de fleurs et de plantes","isPartOf":{"@id":"https:\/\/vanderlembloemen.nl\/fr\/#website"},"primaryImageOfPage":{"@id":"https:\/\/vanderlembloemen.nl\/fr\/gamme-de-produits\/#primaryimage"},"image":{"@id":"https:\/\/vanderlembloemen.nl\/fr\/gamme-de-produits\/#primaryimage"},"thumbnailUrl":"https:\/\/vanderlembloemen.nl\/wp-content\/uploads\/2024\/11\/Vervoer-bloemen-aalsmeer-e1732285334163-1024x569.jpg","datePublished":"2024-09-23T11:00:26+00:00","dateModified":"2025-03-17T08:09:28+00:00","description":"Sans avoir de pr\u00e9sence physique \u00e0 la vente aux ench\u00e8res, nos clients ont acc\u00e8s \u00e0 un large \u00e9ventail de fleurs, de plantes et de mat\u00e9riaux de d\u00e9coration de qualit\u00e9.","breadcrumb":{"@id":"https:\/\/vanderlembloemen.nl\/fr\/gamme-de-produits\/#breadcrumb"},"inLanguage":"fr-FR","potentialAction":[{"@type":"ReadAction","target":["https:\/\/vanderlembloemen.nl\/fr\/gamme-de-produits\/"]}]},{"@type":"ImageObject","inLanguage":"fr-FR","@id":"https:\/\/vanderlembloemen.nl\/fr\/gamme-de-produits\/#primaryimage","url":"https:\/\/vanderlembloemen.nl\/wp-content\/uploads\/2024\/11\/Vervoer-bloemen-aalsmeer-e1732285334163-1024x569.jpg","contentUrl":"https:\/\/vanderlembloemen.nl\/wp-content\/uploads\/2024\/11\/Vervoer-bloemen-aalsmeer-e1732285334163-1024x569.jpg"},{"@type":"BreadcrumbList","@id":"https:\/\/vanderlembloemen.nl\/fr\/gamme-de-produits\/#breadcrumb","itemListElement":[{"@type":"ListItem","position":1,"name":"Home","item":"https:\/\/vanderlembloemen.nl\/fr\/page-daccueil-2\/"},{"@type":"ListItem","position":2,"name":"Gamme de produits"}]},{"@type":"WebSite","@id":"https:\/\/vanderlembloemen.nl\/fr\/#website","url":"https:\/\/vanderlembloemen.nl\/fr\/","name":"Van der Lem Bloemen","description":"","publisher":{"@id":"https:\/\/vanderlembloemen.nl\/fr\/#organization"},"potentialAction":[{"@type":"SearchAction","target":{"@type":"EntryPoint","urlTemplate":"https:\/\/vanderlembloemen.nl\/fr\/?s={search_term_string}"},"query-input":{"@type":"PropertyValueSpecification","valueRequired":true,"valueName":"search_term_string"}}],"inLanguage":"fr-FR"},{"@type":"Organization","@id":"https:\/\/vanderlembloemen.nl\/fr\/#organization","name":"Van der Lem Bloemen","url":"https:\/\/vanderlembloemen.nl\/fr\/","logo":{"@type":"ImageObject","inLanguage":"fr-FR","@id":"https:\/\/vanderlembloemen.nl\/fr\/#\/schema\/logo\/image\/","url":"https:\/\/vanderlembloemen.nl\/wp-content\/uploads\/2024\/09\/Logo-Van-der-Lem-Bloemen.webp","contentUrl":"https:\/\/vanderlembloemen.nl\/wp-content\/uploads\/2024\/09\/Logo-Van-der-Lem-Bloemen.webp","width":350,"height":100,"caption":"Van der Lem Bloemen"},"image":{"@id":"https:\/\/vanderlembloemen.nl\/fr\/#\/schema\/logo\/image\/"}}]}},"_links":{"self":[{"href":"https:\/\/vanderlembloemen.nl\/fr\/wp-json\/wp\/v2\/pages\/1688","targetHints":{"allow":["GET"]}}],"collection":[{"href":"https:\/\/vanderlembloemen.nl\/fr\/wp-json\/wp\/v2\/pages"}],"about":[{"href":"https:\/\/vanderlembloemen.nl\/fr\/wp-json\/wp\/v2\/types\/page"}],"author":[{"embeddable":true,"href":"https:\/\/vanderlembloemen.nl\/fr\/wp-json\/wp\/v2\/users\/1"}],"replies":[{"embeddable":true,"href":"https:\/\/vanderlembloemen.nl\/fr\/wp-json\/wp\/v2\/comments?post=1688"}],"version-history":[{"count":18,"href":"https:\/\/vanderlembloemen.nl\/fr\/wp-json\/wp\/v2\/pages\/1688\/revisions"}],"predecessor-version":[{"id":3668,"href":"https:\/\/vanderlembloemen.nl\/fr\/wp-json\/wp\/v2\/pages\/1688\/revisions\/3668"}],"wp:attachment":[{"href":"https:\/\/vanderlembloemen.nl\/fr\/wp-json\/wp\/v2\/media?parent=1688"}],"curies":[{"name":"wp","href":"https:\/\/api.w.org\/{rel}","templated":true}]}}