{"id":1718,"date":"2024-09-23T13:00:42","date_gmt":"2024-09-23T11:00:42","guid":{"rendered":"https:\/\/vanderlembloemen.nl\/a-propos-de-nous\/"},"modified":"2025-01-24T15:26:13","modified_gmt":"2025-01-24T13:26:13","slug":"a-propos-de-nous","status":"publish","type":"page","link":"https:\/\/vanderlembloemen.nl\/fr\/a-propos-de-nous\/","title":{"rendered":"A propos de nous"},"content":{"rendered":"\t\t<div data-elementor-type=\"wp-page\" data-elementor-id=\"1718\" class=\"elementor elementor-1718 elementor-122\" data-elementor-post-type=\"page\">\n\t\t\t\t<div class=\"elementor-element elementor-element-0d7912c e-con-full e-flex e-con e-parent\" data-id=\"0d7912c\" data-element_type=\"container\" data-e-type=\"container\" data-settings=\"{&quot;background_background&quot;:&quot;classic&quot;}\">\n\t\t\t\t<div class=\"elementor-element elementor-element-0a3bc57 elementor-widget elementor-widget-heading\" data-id=\"0a3bc57\" data-element_type=\"widget\" data-e-type=\"widget\" data-widget_type=\"heading.default\">\n\t\t\t\t<div class=\"elementor-widget-container\">\n\t\t\t\t\t<h2 class=\"elementor-heading-title elementor-size-default\">A propos de nous<\/h2>\t\t\t\t<\/div>\n\t\t\t\t<\/div>\n\t\t\t\t<\/div>\n\t\t<div class=\"elementor-element elementor-element-cbd9847 e-con-full e-flex e-con e-child\" data-id=\"cbd9847\" data-element_type=\"container\" data-e-type=\"container\" data-settings=\"{&quot;background_background&quot;:&quot;classic&quot;}\">\n\t\t\t\t<div class=\"elementor-element elementor-element-494697f elementor-widget__width-initial elementor-widget-tablet__width-inherit elementor-invisible elementor-widget elementor-widget-heading\" data-id=\"494697f\" data-element_type=\"widget\" data-e-type=\"widget\" data-settings=\"{&quot;_animation&quot;:&quot;fadeIn&quot;}\" data-widget_type=\"heading.default\">\n\t\t\t\t<div class=\"elementor-widget-container\">\n\t\t\t\t\t<h2 class=\"elementor-heading-title elementor-size-default\"><div> Une v\u00e9ritable entreprise <span style=\"color:#99F327\"> familiale<\/span> <\/h2>\t\t\t\t<\/div>\n\t\t\t\t<\/div>\n\t\t\t\t<div class=\"elementor-element elementor-element-a407662 elementor-widget__width-initial elementor-widget-tablet__width-inherit elementor-widget-tablet_extra__width-initial elementor-invisible elementor-widget elementor-widget-text-editor\" data-id=\"a407662\" data-element_type=\"widget\" data-e-type=\"widget\" data-settings=\"{&quot;_animation&quot;:&quot;fadeIn&quot;}\" data-widget_type=\"text-editor.default\">\n\t\t\t\t<div class=\"elementor-widget-container\">\n\t\t\t\t\t\t\t\t\t<p>Van der Lem Flowers, entreprise familiale fond\u00e9e en 1997, privil\u00e9gie une approche personnelle.<br \/>\nNous sommes \u00e0 l&rsquo;\u00e9coute des besoins de nos clients et proposons des solutions sur mesure.<br \/>\nNous traitons chaque commande avec soin et attention, de sorte que vous pouvez toujours compter sur des fleurs et des plantes de la meilleure qualit\u00e9.    <\/p>\n\t\t\t\t\t\t\t\t<\/div>\n\t\t\t\t<\/div>\n\t\t\t\t<\/div>\n\t\t<div class=\"elementor-element elementor-element-506a0a0 e-con-full e-flex e-con e-parent\" data-id=\"506a0a0\" data-element_type=\"container\" data-e-type=\"container\" data-settings=\"{&quot;background_background&quot;:&quot;classic&quot;}\">\n\t\t\t\t<div class=\"elementor-element elementor-element-2bc6c0a1 elementor-widget__width-inherit elementor-invisible elementor-widget elementor-widget-image\" data-id=\"2bc6c0a1\" data-element_type=\"widget\" data-e-type=\"widget\" data-settings=\"{&quot;_animation&quot;:&quot;fadeIn&quot;}\" data-widget_type=\"image.default\">\n\t\t\t\t<div class=\"elementor-widget-container\">\n\t\t\t\t\t\t\t\t\t\t\t\t\t\t\t<img fetchpriority=\"high\" decoding=\"async\" width=\"2048\" height=\"982\" src=\"https:\/\/vanderlembloemen.nl\/wp-content\/uploads\/2025\/01\/Familiebedrijf-van-der-lem-bloemen-aalsmeer.webp\" class=\"attachment-full size-full wp-image-3229\" alt=\"\" \/>\t\t\t\t\t\t\t\t\t\t\t\t\t\t\t<\/div>\n\t\t\t\t<\/div>\n\t\t\t\t<\/div>\n\t\t<div class=\"elementor-element elementor-element-1cfd29a3 e-flex e-con-boxed e-con e-parent\" data-id=\"1cfd29a3\" data-element_type=\"container\" data-e-type=\"container\" data-settings=\"{&quot;background_background&quot;:&quot;classic&quot;}\">\n\t\t\t\t\t<div class=\"e-con-inner\">\n\t\t<div class=\"elementor-element elementor-element-e66c7a6 e-con-full e-flex e-con e-child\" data-id=\"e66c7a6\" data-element_type=\"container\" data-e-type=\"container\">\n\t\t\t\t<div class=\"elementor-element elementor-element-dc43892 elementor-widget__width-initial elementor-widget-tablet__width-inherit elementor-widget elementor-widget-heading\" data-id=\"dc43892\" data-element_type=\"widget\" data-e-type=\"widget\" data-widget_type=\"heading.default\">\n\t\t\t\t<div class=\"elementor-widget-container\">\n\t\t\t\t\t<h2 class=\"elementor-heading-title elementor-size-default\">Voici ce que<span style=\"color:#99F327\"> nous<\/span> d\u00e9fendons<\/h2>\t\t\t\t<\/div>\n\t\t\t\t<\/div>\n\t\t\t\t<\/div>\n\t\t<div class=\"elementor-element elementor-element-5ebcdb64 e-con-full e-flex e-con e-child\" data-id=\"5ebcdb64\" data-element_type=\"container\" data-e-type=\"container\">\n\t\t\t\t<div class=\"elementor-element elementor-element-25eb358f elementor-widget-divider--view-line elementor-widget elementor-widget-divider\" data-id=\"25eb358f\" data-element_type=\"widget\" data-e-type=\"widget\" data-widget_type=\"divider.default\">\n\t\t\t\t<div class=\"elementor-widget-container\">\n\t\t\t\t\t\t\t<div class=\"elementor-divider\">\n\t\t\t<span class=\"elementor-divider-separator\">\n\t\t\t\t\t\t<\/span>\n\t\t<\/div>\n\t\t\t\t\t\t<\/div>\n\t\t\t\t<\/div>\n\t\t\t\t<div class=\"elementor-element elementor-element-402d97f0 elementor-widget elementor-widget-icon-box\" data-id=\"402d97f0\" data-element_type=\"widget\" data-e-type=\"widget\" data-widget_type=\"icon-box.default\">\n\t\t\t\t<div class=\"elementor-widget-container\">\n\t\t\t\t\t\t\t<div class=\"elementor-icon-box-wrapper\">\n\n\t\t\t\n\t\t\t\t\t\t<div class=\"elementor-icon-box-content\">\n\n\t\t\t\t\t\t\t\t\t<h3 class=\"elementor-icon-box-title\">\n\t\t\t\t\t\t<span  >\n\t\t\t\t\t\t\tPersonnelle et orient\u00e9e vers le client\t\t\t\t\t\t<\/span>\n\t\t\t\t\t<\/h3>\n\t\t\t\t\n\t\t\t\t\t\t\t\t\t<p class=\"elementor-icon-box-description\">\n\t\t\t\t\t\tChez Van der Lem Flowers, nous sommes proches de nos clients.\nNous sommes \u00e0 l'\u00e9coute de leurs souhaits et leur proposons des solutions personnalis\u00e9es qui r\u00e9pondent parfaitement \u00e0 leurs besoins. \t\t\t\t\t<\/p>\n\t\t\t\t\n\t\t\t<\/div>\n\t\t\t\n\t\t<\/div>\n\t\t\t\t\t\t<\/div>\n\t\t\t\t<\/div>\n\t\t\t\t<\/div>\n\t\t<div class=\"elementor-element elementor-element-472eeb3 e-con-full e-flex e-con e-child\" data-id=\"472eeb3\" data-element_type=\"container\" data-e-type=\"container\">\n\t\t\t\t<div class=\"elementor-element elementor-element-c309b4c elementor-widget-divider--view-line elementor-widget elementor-widget-divider\" data-id=\"c309b4c\" data-element_type=\"widget\" data-e-type=\"widget\" data-widget_type=\"divider.default\">\n\t\t\t\t<div class=\"elementor-widget-container\">\n\t\t\t\t\t\t\t<div class=\"elementor-divider\">\n\t\t\t<span class=\"elementor-divider-separator\">\n\t\t\t\t\t\t<\/span>\n\t\t<\/div>\n\t\t\t\t\t\t<\/div>\n\t\t\t\t<\/div>\n\t\t\t\t<div class=\"elementor-element elementor-element-54425418 elementor-widget elementor-widget-icon-box\" data-id=\"54425418\" data-element_type=\"widget\" data-e-type=\"widget\" data-widget_type=\"icon-box.default\">\n\t\t\t\t<div class=\"elementor-widget-container\">\n\t\t\t\t\t\t\t<div class=\"elementor-icon-box-wrapper\">\n\n\t\t\t\n\t\t\t\t\t\t<div class=\"elementor-icon-box-content\">\n\n\t\t\t\t\t\t\t\t\t<h3 class=\"elementor-icon-box-title\">\n\t\t\t\t\t\t<span  >\n\t\t\t\t\t\t\tFiable\t\t\t\t\t\t<\/span>\n\t\t\t\t\t<\/h3>\n\t\t\t\t\n\t\t\t\t\t\t\t\t\t<p class=\"elementor-icon-box-description\">\n\t\t\t\t\t\tGr\u00e2ce \u00e0 ses ann\u00e9es d'exp\u00e9rience, Van der Lem Flowers offre toujours une qualit\u00e9 sup\u00e9rieure.\nChaque commande est trait\u00e9e avec soin, de la s\u00e9lection des fleurs \u00e0 la livraison en temps voulu, afin de garantir que tout soit parfait. \t\t\t\t\t<\/p>\n\t\t\t\t\n\t\t\t<\/div>\n\t\t\t\n\t\t<\/div>\n\t\t\t\t\t\t<\/div>\n\t\t\t\t<\/div>\n\t\t\t\t<\/div>\n\t\t<div class=\"elementor-element elementor-element-57287030 e-con-full e-flex e-con e-child\" data-id=\"57287030\" data-element_type=\"container\" data-e-type=\"container\">\n\t\t\t\t<div class=\"elementor-element elementor-element-defad04 elementor-widget-divider--view-line elementor-widget elementor-widget-divider\" data-id=\"defad04\" data-element_type=\"widget\" data-e-type=\"widget\" data-widget_type=\"divider.default\">\n\t\t\t\t<div class=\"elementor-widget-container\">\n\t\t\t\t\t\t\t<div class=\"elementor-divider\">\n\t\t\t<span class=\"elementor-divider-separator\">\n\t\t\t\t\t\t<\/span>\n\t\t<\/div>\n\t\t\t\t\t\t<\/div>\n\t\t\t\t<\/div>\n\t\t\t\t<div class=\"elementor-element elementor-element-cfbf862 elementor-widget elementor-widget-icon-box\" data-id=\"cfbf862\" data-element_type=\"widget\" data-e-type=\"widget\" data-widget_type=\"icon-box.default\">\n\t\t\t\t<div class=\"elementor-widget-container\">\n\t\t\t\t\t\t\t<div class=\"elementor-icon-box-wrapper\">\n\n\t\t\t\n\t\t\t\t\t\t<div class=\"elementor-icon-box-content\">\n\n\t\t\t\t\t\t\t\t\t<h3 class=\"elementor-icon-box-title\">\n\t\t\t\t\t\t<span  >\n\t\t\t\t\t\t\tInnovation et croissance\t\t\t\t\t\t<\/span>\n\t\t\t\t\t<\/h3>\n\t\t\t\t\n\t\t\t\t\t\t\t\t\t<p class=\"elementor-icon-box-description\">\n\t\t\t\t\t\tVan der Lem Flowers est constamment \u00e0 la recherche de moyens innovants pour am\u00e9liorer les processus et les offres afin de toujours fournir les meilleurs produits \u00e0 nos clients.  \t\t\t\t\t<\/p>\n\t\t\t\t\n\t\t\t<\/div>\n\t\t\t\n\t\t<\/div>\n\t\t\t\t\t\t<\/div>\n\t\t\t\t<\/div>\n\t\t\t\t<\/div>\n\t\t\t\t\t<\/div>\n\t\t\t\t<\/div>\n\t\t<div class=\"elementor-element elementor-element-11a21a0b e-con-full e-flex e-con e-parent\" data-id=\"11a21a0b\" data-element_type=\"container\" data-e-type=\"container\" data-settings=\"{&quot;background_background&quot;:&quot;classic&quot;}\">\n\t\t\t\t<div class=\"elementor-element elementor-element-7046f68e elementor-widget__width-initial elementor-invisible elementor-widget elementor-widget-image\" data-id=\"7046f68e\" data-element_type=\"widget\" data-e-type=\"widget\" data-settings=\"{&quot;_animation&quot;:&quot;fadeIn&quot;}\" data-widget_type=\"image.default\">\n\t\t\t\t<div class=\"elementor-widget-container\">\n\t\t\t\t\t\t\t\t\t\t\t\t\t\t\t<img decoding=\"async\" width=\"800\" height=\"534\" src=\"https:\/\/vanderlembloemen.nl\/wp-content\/uploads\/2025\/01\/Aalsmeer-bloemenveiling-1024x683.jpeg\" class=\"attachment-large size-large wp-image-3030\" alt=\"\" srcset=\"https:\/\/vanderlembloemen.nl\/wp-content\/uploads\/2025\/01\/Aalsmeer-bloemenveiling-1024x683.jpeg 1024w, https:\/\/vanderlembloemen.nl\/wp-content\/uploads\/2025\/01\/Aalsmeer-bloemenveiling-300x200.jpeg 300w, https:\/\/vanderlembloemen.nl\/wp-content\/uploads\/2025\/01\/Aalsmeer-bloemenveiling-768x512.jpeg 768w, https:\/\/vanderlembloemen.nl\/wp-content\/uploads\/2025\/01\/Aalsmeer-bloemenveiling-1536x1025.jpeg 1536w, https:\/\/vanderlembloemen.nl\/wp-content\/uploads\/2025\/01\/Aalsmeer-bloemenveiling.jpeg 2048w\" sizes=\"(max-width: 800px) 100vw, 800px\" \/>\t\t\t\t\t\t\t\t\t\t\t\t\t\t\t<\/div>\n\t\t\t\t<\/div>\n\t\t<div class=\"elementor-element elementor-element-1058b36d e-con-full e-flex elementor-invisible e-con e-child\" data-id=\"1058b36d\" data-element_type=\"container\" data-e-type=\"container\" data-settings=\"{&quot;animation&quot;:&quot;fadeIn&quot;}\">\n\t\t\t\t<div class=\"elementor-element elementor-element-c95a1cf elementor-widget__width-initial elementor-widget-tablet__width-inherit elementor-widget elementor-widget-heading\" data-id=\"c95a1cf\" data-element_type=\"widget\" data-e-type=\"widget\" data-widget_type=\"heading.default\">\n\t\t\t\t<div class=\"elementor-widget-container\">\n\t\t\t\t\t<h2 class=\"elementor-heading-title elementor-size-default\">Notre<span style=\"color:#99F327\"> mission <\/span> <\/h2>\t\t\t\t<\/div>\n\t\t\t\t<\/div>\n\t\t\t\t<div class=\"elementor-element elementor-element-3d292a1 elementor-widget__width-initial elementor-widget-tablet__width-inherit elementor-widget elementor-widget-text-editor\" data-id=\"3d292a1\" data-element_type=\"widget\" data-e-type=\"widget\" data-widget_type=\"text-editor.default\">\n\t\t\t\t<div class=\"elementor-widget-container\">\n\t\t\t\t\t\t\t\t\t<p><span style=\"font-weight: 400;\">Notre mission est de fournir \u00e0 nos clients des fleurs et des plantes de la plus haute qualit\u00e9, dans le respect des personnes et de l&rsquo;environnement.  <\/span><span style=\"font-weight: 400;\"><br \/><\/span><span style=\"font-weight: 400;\"><br \/><\/span><span style=\"font-weight: 400;\">Chez Van der Lem Flowers, nous nous effor\u00e7ons d&rsquo;offrir plus que des fleurs et des plantes &#8211; nous offrons une qualit\u00e9 qui a du sens.<br \/>\nLa s\u00e9lection de produits de la plus haute qualit\u00e9 n&rsquo;est qu&rsquo;un d\u00e9but.<br \/>\nNous choisissons nos fleurs et nos plantes avec soin afin que nos clients puissent toujours compter sur la fra\u00eecheur, la beaut\u00e9 et la durabilit\u00e9.  <\/span><\/p>\n\t\t\t\t\t\t\t\t<\/div>\n\t\t\t\t<\/div>\n\t\t\t\t<\/div>\n\t\t\t\t<\/div>\n\t\t\t\t<\/div>\n\t\t","protected":false},"excerpt":{"rendered":"<p>A propos de nous Une v\u00e9ritable entreprise familiale Van der Lem Flowers, entreprise familiale fond\u00e9e en 1997, privil\u00e9gie une approche personnelle. Nous sommes \u00e0 l&rsquo;\u00e9coute des besoins de nos clients et proposons des solutions sur mesure. Nous traitons chaque commande avec soin et attention, de sorte que vous pouvez toujours compter sur des fleurs et [&hellip;]<\/p>\n","protected":false},"author":1,"featured_media":0,"parent":0,"menu_order":0,"comment_status":"closed","ping_status":"closed","template":"","meta":{"footnotes":""},"class_list":["post-1718","page","type-page","status-publish","hentry"],"yoast_head":"<!-- This site is optimized with the Yoast SEO plugin v27.2 - https:\/\/yoast.com\/product\/yoast-seo-wordpress\/ -->\n<title>Grossiste en fleurs Van der Lem<\/title>\n<meta name=\"description\" content=\"L&#039;entreprise familiale Van der Lem Flowers est un fleuriste en gros depuis 1997. Nous vous proposons un service personnalis\u00e9 et des solutions sur mesure pour des fleurs et des plantes de la meilleure qualit\u00e9.\" \/>\n<meta name=\"robots\" content=\"index, follow, max-snippet:-1, max-image-preview:large, max-video-preview:-1\" \/>\n<link rel=\"canonical\" href=\"https:\/\/vanderlembloemen.nl\/fr\/a-propos-de-nous\/\" \/>\n<meta property=\"og:locale\" content=\"fr_FR\" \/>\n<meta property=\"og:type\" content=\"article\" \/>\n<meta property=\"og:title\" content=\"Grossiste en fleurs Van der Lem\" \/>\n<meta property=\"og:description\" content=\"L&#039;entreprise familiale Van der Lem Flowers est un fleuriste en gros depuis 1997. Nous vous proposons un service personnalis\u00e9 et des solutions sur mesure pour des fleurs et des plantes de la meilleure qualit\u00e9.\" \/>\n<meta property=\"og:url\" content=\"https:\/\/vanderlembloemen.nl\/fr\/a-propos-de-nous\/\" \/>\n<meta property=\"og:site_name\" content=\"Van der Lem Bloemen\" \/>\n<meta property=\"article:modified_time\" content=\"2025-01-24T13:26:13+00:00\" \/>\n<meta property=\"og:image\" content=\"https:\/\/vanderlembloemen.nl\/wp-content\/uploads\/2025\/01\/Familiebedrijf-van-der-lem-bloemen-aalsmeer.webp\" \/>\n<meta name=\"twitter:card\" content=\"summary_large_image\" \/>\n<meta name=\"twitter:label1\" content=\"Dur\u00e9e de lecture estim\u00e9e\" \/>\n\t<meta name=\"twitter:data1\" content=\"1 minute\" \/>\n<script type=\"application\/ld+json\" class=\"yoast-schema-graph\">{\"@context\":\"https:\/\/schema.org\",\"@graph\":[{\"@type\":\"WebPage\",\"@id\":\"https:\/\/vanderlembloemen.nl\/fr\/a-propos-de-nous\/\",\"url\":\"https:\/\/vanderlembloemen.nl\/fr\/a-propos-de-nous\/\",\"name\":\"Grossiste en fleurs Van der Lem\",\"isPartOf\":{\"@id\":\"https:\/\/vanderlembloemen.nl\/fr\/#website\"},\"primaryImageOfPage\":{\"@id\":\"https:\/\/vanderlembloemen.nl\/fr\/a-propos-de-nous\/#primaryimage\"},\"image\":{\"@id\":\"https:\/\/vanderlembloemen.nl\/fr\/a-propos-de-nous\/#primaryimage\"},\"thumbnailUrl\":\"https:\/\/vanderlembloemen.nl\/wp-content\/uploads\/2025\/01\/Familiebedrijf-van-der-lem-bloemen-aalsmeer.webp\",\"datePublished\":\"2024-09-23T11:00:42+00:00\",\"dateModified\":\"2025-01-24T13:26:13+00:00\",\"description\":\"L'entreprise familiale Van der Lem Flowers est un fleuriste en gros depuis 1997. Nous vous proposons un service personnalis\u00e9 et des solutions sur mesure pour des fleurs et des plantes de la meilleure qualit\u00e9.\",\"breadcrumb\":{\"@id\":\"https:\/\/vanderlembloemen.nl\/fr\/a-propos-de-nous\/#breadcrumb\"},\"inLanguage\":\"fr-FR\",\"potentialAction\":[{\"@type\":\"ReadAction\",\"target\":[\"https:\/\/vanderlembloemen.nl\/fr\/a-propos-de-nous\/\"]}]},{\"@type\":\"ImageObject\",\"inLanguage\":\"fr-FR\",\"@id\":\"https:\/\/vanderlembloemen.nl\/fr\/a-propos-de-nous\/#primaryimage\",\"url\":\"https:\/\/vanderlembloemen.nl\/wp-content\/uploads\/2025\/01\/Familiebedrijf-van-der-lem-bloemen-aalsmeer.webp\",\"contentUrl\":\"https:\/\/vanderlembloemen.nl\/wp-content\/uploads\/2025\/01\/Familiebedrijf-van-der-lem-bloemen-aalsmeer.webp\"},{\"@type\":\"BreadcrumbList\",\"@id\":\"https:\/\/vanderlembloemen.nl\/fr\/a-propos-de-nous\/#breadcrumb\",\"itemListElement\":[{\"@type\":\"ListItem\",\"position\":1,\"name\":\"Home\",\"item\":\"https:\/\/vanderlembloemen.nl\/fr\/page-daccueil-2\/\"},{\"@type\":\"ListItem\",\"position\":2,\"name\":\"A propos de nous\"}]},{\"@type\":\"WebSite\",\"@id\":\"https:\/\/vanderlembloemen.nl\/fr\/#website\",\"url\":\"https:\/\/vanderlembloemen.nl\/fr\/\",\"name\":\"Van der Lem Bloemen\",\"description\":\"\",\"publisher\":{\"@id\":\"https:\/\/vanderlembloemen.nl\/fr\/#organization\"},\"potentialAction\":[{\"@type\":\"SearchAction\",\"target\":{\"@type\":\"EntryPoint\",\"urlTemplate\":\"https:\/\/vanderlembloemen.nl\/fr\/?s={search_term_string}\"},\"query-input\":{\"@type\":\"PropertyValueSpecification\",\"valueRequired\":true,\"valueName\":\"search_term_string\"}}],\"inLanguage\":\"fr-FR\"},{\"@type\":\"Organization\",\"@id\":\"https:\/\/vanderlembloemen.nl\/fr\/#organization\",\"name\":\"Van der Lem Bloemen\",\"url\":\"https:\/\/vanderlembloemen.nl\/fr\/\",\"logo\":{\"@type\":\"ImageObject\",\"inLanguage\":\"fr-FR\",\"@id\":\"https:\/\/vanderlembloemen.nl\/fr\/#\/schema\/logo\/image\/\",\"url\":\"https:\/\/vanderlembloemen.nl\/wp-content\/uploads\/2024\/09\/Logo-Van-der-Lem-Bloemen.webp\",\"contentUrl\":\"https:\/\/vanderlembloemen.nl\/wp-content\/uploads\/2024\/09\/Logo-Van-der-Lem-Bloemen.webp\",\"width\":350,\"height\":100,\"caption\":\"Van der Lem Bloemen\"},\"image\":{\"@id\":\"https:\/\/vanderlembloemen.nl\/fr\/#\/schema\/logo\/image\/\"}}]}<\/script>\n<!-- \/ Yoast SEO plugin. -->","yoast_head_json":{"title":"Grossiste en fleurs Van der Lem","description":"L'entreprise familiale Van der Lem Flowers est un fleuriste en gros depuis 1997. Nous vous proposons un service personnalis\u00e9 et des solutions sur mesure pour des fleurs et des plantes de la meilleure qualit\u00e9.","robots":{"index":"index","follow":"follow","max-snippet":"max-snippet:-1","max-image-preview":"max-image-preview:large","max-video-preview":"max-video-preview:-1"},"canonical":"https:\/\/vanderlembloemen.nl\/fr\/a-propos-de-nous\/","og_locale":"fr_FR","og_type":"article","og_title":"Grossiste en fleurs Van der Lem","og_description":"L'entreprise familiale Van der Lem Flowers est un fleuriste en gros depuis 1997. Nous vous proposons un service personnalis\u00e9 et des solutions sur mesure pour des fleurs et des plantes de la meilleure qualit\u00e9.","og_url":"https:\/\/vanderlembloemen.nl\/fr\/a-propos-de-nous\/","og_site_name":"Van der Lem Bloemen","article_modified_time":"2025-01-24T13:26:13+00:00","og_image":[{"url":"https:\/\/vanderlembloemen.nl\/wp-content\/uploads\/2025\/01\/Familiebedrijf-van-der-lem-bloemen-aalsmeer.webp","type":"","width":"","height":""}],"twitter_card":"summary_large_image","twitter_misc":{"Dur\u00e9e de lecture estim\u00e9e":"1 minute"},"schema":{"@context":"https:\/\/schema.org","@graph":[{"@type":"WebPage","@id":"https:\/\/vanderlembloemen.nl\/fr\/a-propos-de-nous\/","url":"https:\/\/vanderlembloemen.nl\/fr\/a-propos-de-nous\/","name":"Grossiste en fleurs Van der Lem","isPartOf":{"@id":"https:\/\/vanderlembloemen.nl\/fr\/#website"},"primaryImageOfPage":{"@id":"https:\/\/vanderlembloemen.nl\/fr\/a-propos-de-nous\/#primaryimage"},"image":{"@id":"https:\/\/vanderlembloemen.nl\/fr\/a-propos-de-nous\/#primaryimage"},"thumbnailUrl":"https:\/\/vanderlembloemen.nl\/wp-content\/uploads\/2025\/01\/Familiebedrijf-van-der-lem-bloemen-aalsmeer.webp","datePublished":"2024-09-23T11:00:42+00:00","dateModified":"2025-01-24T13:26:13+00:00","description":"L'entreprise familiale Van der Lem Flowers est un fleuriste en gros depuis 1997. Nous vous proposons un service personnalis\u00e9 et des solutions sur mesure pour des fleurs et des plantes de la meilleure qualit\u00e9.","breadcrumb":{"@id":"https:\/\/vanderlembloemen.nl\/fr\/a-propos-de-nous\/#breadcrumb"},"inLanguage":"fr-FR","potentialAction":[{"@type":"ReadAction","target":["https:\/\/vanderlembloemen.nl\/fr\/a-propos-de-nous\/"]}]},{"@type":"ImageObject","inLanguage":"fr-FR","@id":"https:\/\/vanderlembloemen.nl\/fr\/a-propos-de-nous\/#primaryimage","url":"https:\/\/vanderlembloemen.nl\/wp-content\/uploads\/2025\/01\/Familiebedrijf-van-der-lem-bloemen-aalsmeer.webp","contentUrl":"https:\/\/vanderlembloemen.nl\/wp-content\/uploads\/2025\/01\/Familiebedrijf-van-der-lem-bloemen-aalsmeer.webp"},{"@type":"BreadcrumbList","@id":"https:\/\/vanderlembloemen.nl\/fr\/a-propos-de-nous\/#breadcrumb","itemListElement":[{"@type":"ListItem","position":1,"name":"Home","item":"https:\/\/vanderlembloemen.nl\/fr\/page-daccueil-2\/"},{"@type":"ListItem","position":2,"name":"A propos de nous"}]},{"@type":"WebSite","@id":"https:\/\/vanderlembloemen.nl\/fr\/#website","url":"https:\/\/vanderlembloemen.nl\/fr\/","name":"Van der Lem Bloemen","description":"","publisher":{"@id":"https:\/\/vanderlembloemen.nl\/fr\/#organization"},"potentialAction":[{"@type":"SearchAction","target":{"@type":"EntryPoint","urlTemplate":"https:\/\/vanderlembloemen.nl\/fr\/?s={search_term_string}"},"query-input":{"@type":"PropertyValueSpecification","valueRequired":true,"valueName":"search_term_string"}}],"inLanguage":"fr-FR"},{"@type":"Organization","@id":"https:\/\/vanderlembloemen.nl\/fr\/#organization","name":"Van der Lem Bloemen","url":"https:\/\/vanderlembloemen.nl\/fr\/","logo":{"@type":"ImageObject","inLanguage":"fr-FR","@id":"https:\/\/vanderlembloemen.nl\/fr\/#\/schema\/logo\/image\/","url":"https:\/\/vanderlembloemen.nl\/wp-content\/uploads\/2024\/09\/Logo-Van-der-Lem-Bloemen.webp","contentUrl":"https:\/\/vanderlembloemen.nl\/wp-content\/uploads\/2024\/09\/Logo-Van-der-Lem-Bloemen.webp","width":350,"height":100,"caption":"Van der Lem Bloemen"},"image":{"@id":"https:\/\/vanderlembloemen.nl\/fr\/#\/schema\/logo\/image\/"}}]}},"_links":{"self":[{"href":"https:\/\/vanderlembloemen.nl\/fr\/wp-json\/wp\/v2\/pages\/1718","targetHints":{"allow":["GET"]}}],"collection":[{"href":"https:\/\/vanderlembloemen.nl\/fr\/wp-json\/wp\/v2\/pages"}],"about":[{"href":"https:\/\/vanderlembloemen.nl\/fr\/wp-json\/wp\/v2\/types\/page"}],"author":[{"embeddable":true,"href":"https:\/\/vanderlembloemen.nl\/fr\/wp-json\/wp\/v2\/users\/1"}],"replies":[{"embeddable":true,"href":"https:\/\/vanderlembloemen.nl\/fr\/wp-json\/wp\/v2\/comments?post=1718"}],"version-history":[{"count":24,"href":"https:\/\/vanderlembloemen.nl\/fr\/wp-json\/wp\/v2\/pages\/1718\/revisions"}],"predecessor-version":[{"id":3445,"href":"https:\/\/vanderlembloemen.nl\/fr\/wp-json\/wp\/v2\/pages\/1718\/revisions\/3445"}],"wp:attachment":[{"href":"https:\/\/vanderlembloemen.nl\/fr\/wp-json\/wp\/v2\/media?parent=1718"}],"curies":[{"name":"wp","href":"https:\/\/api.w.org\/{rel}","templated":true}]}}