{"id":1725,"date":"2024-09-23T13:00:42","date_gmt":"2024-09-23T11:00:42","guid":{"rendered":"https:\/\/vanderlembloemen.nl\/chi-siamo\/"},"modified":"2025-01-24T15:26:13","modified_gmt":"2025-01-24T13:26:13","slug":"chi-siamo","status":"publish","type":"page","link":"https:\/\/vanderlembloemen.nl\/it\/chi-siamo\/","title":{"rendered":"Chi siamo"},"content":{"rendered":"\t\t<div data-elementor-type=\"wp-page\" data-elementor-id=\"1725\" class=\"elementor elementor-1725 elementor-122\" data-elementor-post-type=\"page\">\n\t\t\t\t<div class=\"elementor-element elementor-element-0d7912c e-con-full e-flex e-con e-parent\" data-id=\"0d7912c\" data-element_type=\"container\" data-e-type=\"container\" data-settings=\"{&quot;background_background&quot;:&quot;classic&quot;}\">\n\t\t\t\t<div class=\"elementor-element elementor-element-0a3bc57 elementor-widget elementor-widget-heading\" data-id=\"0a3bc57\" data-element_type=\"widget\" data-e-type=\"widget\" data-widget_type=\"heading.default\">\n\t\t\t\t<div class=\"elementor-widget-container\">\n\t\t\t\t\t<h2 class=\"elementor-heading-title elementor-size-default\">Chi siamo<\/h2>\t\t\t\t<\/div>\n\t\t\t\t<\/div>\n\t\t\t\t<\/div>\n\t\t<div class=\"elementor-element elementor-element-cbd9847 e-con-full e-flex e-con e-child\" data-id=\"cbd9847\" data-element_type=\"container\" data-e-type=\"container\" data-settings=\"{&quot;background_background&quot;:&quot;classic&quot;}\">\n\t\t\t\t<div class=\"elementor-element elementor-element-494697f elementor-widget__width-initial elementor-widget-tablet__width-inherit elementor-invisible elementor-widget elementor-widget-heading\" data-id=\"494697f\" data-element_type=\"widget\" data-e-type=\"widget\" data-settings=\"{&quot;_animation&quot;:&quot;fadeIn&quot;}\" data-widget_type=\"heading.default\">\n\t\t\t\t<div class=\"elementor-widget-container\">\n\t\t\t\t\t<h2 class=\"elementor-heading-title elementor-size-default\"><div> Una vera azienda <span style=\"color:#99F327\"> familiare<\/span> <\/h2>\t\t\t\t<\/div>\n\t\t\t\t<\/div>\n\t\t\t\t<div class=\"elementor-element elementor-element-a407662 elementor-widget__width-initial elementor-widget-tablet__width-inherit elementor-widget-tablet_extra__width-initial elementor-invisible elementor-widget elementor-widget-text-editor\" data-id=\"a407662\" data-element_type=\"widget\" data-e-type=\"widget\" data-settings=\"{&quot;_animation&quot;:&quot;fadeIn&quot;}\" data-widget_type=\"text-editor.default\">\n\t\t\t\t<div class=\"elementor-widget-container\">\n\t\t\t\t\t\t\t\t\t<p>Van der Lem Flowers, fondata nel 1997 come azienda a conduzione familiare, d\u00e0 valore a un approccio personale. Ascoltiamo attentamente i desideri dei nostri clienti e offriamo soluzioni su misura. Ci occupiamo di ogni ordine con cura e attenzione, in modo che tu possa sempre contare su fiori e piante della migliore qualit\u00e0.    <\/p>\n\t\t\t\t\t\t\t\t<\/div>\n\t\t\t\t<\/div>\n\t\t\t\t<\/div>\n\t\t<div class=\"elementor-element elementor-element-506a0a0 e-con-full e-flex e-con e-parent\" data-id=\"506a0a0\" data-element_type=\"container\" data-e-type=\"container\" data-settings=\"{&quot;background_background&quot;:&quot;classic&quot;}\">\n\t\t\t\t<div class=\"elementor-element elementor-element-2bc6c0a1 elementor-widget__width-inherit elementor-invisible elementor-widget elementor-widget-image\" data-id=\"2bc6c0a1\" data-element_type=\"widget\" data-e-type=\"widget\" data-settings=\"{&quot;_animation&quot;:&quot;fadeIn&quot;}\" data-widget_type=\"image.default\">\n\t\t\t\t<div class=\"elementor-widget-container\">\n\t\t\t\t\t\t\t\t\t\t\t\t\t\t\t<img fetchpriority=\"high\" decoding=\"async\" width=\"2048\" height=\"982\" src=\"https:\/\/vanderlembloemen.nl\/wp-content\/uploads\/2025\/01\/Familiebedrijf-van-der-lem-bloemen-aalsmeer.webp\" class=\"attachment-full size-full wp-image-3231\" alt=\"\" \/>\t\t\t\t\t\t\t\t\t\t\t\t\t\t\t<\/div>\n\t\t\t\t<\/div>\n\t\t\t\t<\/div>\n\t\t<div class=\"elementor-element elementor-element-1cfd29a3 e-flex e-con-boxed e-con e-parent\" data-id=\"1cfd29a3\" data-element_type=\"container\" data-e-type=\"container\" data-settings=\"{&quot;background_background&quot;:&quot;classic&quot;}\">\n\t\t\t\t\t<div class=\"e-con-inner\">\n\t\t<div class=\"elementor-element elementor-element-e66c7a6 e-con-full e-flex e-con e-child\" data-id=\"e66c7a6\" data-element_type=\"container\" data-e-type=\"container\">\n\t\t\t\t<div class=\"elementor-element elementor-element-dc43892 elementor-widget__width-initial elementor-widget-tablet__width-inherit elementor-widget elementor-widget-heading\" data-id=\"dc43892\" data-element_type=\"widget\" data-e-type=\"widget\" data-widget_type=\"heading.default\">\n\t\t\t\t<div class=\"elementor-widget-container\">\n\t\t\t\t\t<h2 class=\"elementor-heading-title elementor-size-default\">Ecco cosa<span style=\"color:#99F327\"> rappresentiamo<\/span> <\/h2>\t\t\t\t<\/div>\n\t\t\t\t<\/div>\n\t\t\t\t<\/div>\n\t\t<div class=\"elementor-element elementor-element-5ebcdb64 e-con-full e-flex e-con e-child\" data-id=\"5ebcdb64\" data-element_type=\"container\" data-e-type=\"container\">\n\t\t\t\t<div class=\"elementor-element elementor-element-25eb358f elementor-widget-divider--view-line elementor-widget elementor-widget-divider\" data-id=\"25eb358f\" data-element_type=\"widget\" data-e-type=\"widget\" data-widget_type=\"divider.default\">\n\t\t\t\t<div class=\"elementor-widget-container\">\n\t\t\t\t\t\t\t<div class=\"elementor-divider\">\n\t\t\t<span class=\"elementor-divider-separator\">\n\t\t\t\t\t\t<\/span>\n\t\t<\/div>\n\t\t\t\t\t\t<\/div>\n\t\t\t\t<\/div>\n\t\t\t\t<div class=\"elementor-element elementor-element-402d97f0 elementor-widget elementor-widget-icon-box\" data-id=\"402d97f0\" data-element_type=\"widget\" data-e-type=\"widget\" data-widget_type=\"icon-box.default\">\n\t\t\t\t<div class=\"elementor-widget-container\">\n\t\t\t\t\t\t\t<div class=\"elementor-icon-box-wrapper\">\n\n\t\t\t\n\t\t\t\t\t\t<div class=\"elementor-icon-box-content\">\n\n\t\t\t\t\t\t\t\t\t<h3 class=\"elementor-icon-box-title\">\n\t\t\t\t\t\t<span  >\n\t\t\t\t\t\t\tPersonale e orientato al cliente\t\t\t\t\t\t<\/span>\n\t\t\t\t\t<\/h3>\n\t\t\t\t\n\t\t\t\t\t\t\t\t\t<p class=\"elementor-icon-box-description\">\n\t\t\t\t\t\tNoi di Van der Lem Flowers siamo vicini ai nostri clienti. Ascoltiamo i loro desideri e offriamo soluzioni personalizzate che si adattano perfettamente alle loro esigenze. \t\t\t\t\t<\/p>\n\t\t\t\t\n\t\t\t<\/div>\n\t\t\t\n\t\t<\/div>\n\t\t\t\t\t\t<\/div>\n\t\t\t\t<\/div>\n\t\t\t\t<\/div>\n\t\t<div class=\"elementor-element elementor-element-472eeb3 e-con-full e-flex e-con e-child\" data-id=\"472eeb3\" data-element_type=\"container\" data-e-type=\"container\">\n\t\t\t\t<div class=\"elementor-element elementor-element-c309b4c elementor-widget-divider--view-line elementor-widget elementor-widget-divider\" data-id=\"c309b4c\" data-element_type=\"widget\" data-e-type=\"widget\" data-widget_type=\"divider.default\">\n\t\t\t\t<div class=\"elementor-widget-container\">\n\t\t\t\t\t\t\t<div class=\"elementor-divider\">\n\t\t\t<span class=\"elementor-divider-separator\">\n\t\t\t\t\t\t<\/span>\n\t\t<\/div>\n\t\t\t\t\t\t<\/div>\n\t\t\t\t<\/div>\n\t\t\t\t<div class=\"elementor-element elementor-element-54425418 elementor-widget elementor-widget-icon-box\" data-id=\"54425418\" data-element_type=\"widget\" data-e-type=\"widget\" data-widget_type=\"icon-box.default\">\n\t\t\t\t<div class=\"elementor-widget-container\">\n\t\t\t\t\t\t\t<div class=\"elementor-icon-box-wrapper\">\n\n\t\t\t\n\t\t\t\t\t\t<div class=\"elementor-icon-box-content\">\n\n\t\t\t\t\t\t\t\t\t<h3 class=\"elementor-icon-box-title\">\n\t\t\t\t\t\t<span  >\n\t\t\t\t\t\t\tAffidabile\t\t\t\t\t\t<\/span>\n\t\t\t\t\t<\/h3>\n\t\t\t\t\n\t\t\t\t\t\t\t\t\t<p class=\"elementor-icon-box-description\">\n\t\t\t\t\t\tVan der Lem Flowers offre costantemente la massima qualit\u00e0 grazie alla sua esperienza pluriennale. Ogni ordine viene gestito con cura, dalla selezione dei fiori alla consegna puntuale, per garantire che tutto sia perfetto. \t\t\t\t\t<\/p>\n\t\t\t\t\n\t\t\t<\/div>\n\t\t\t\n\t\t<\/div>\n\t\t\t\t\t\t<\/div>\n\t\t\t\t<\/div>\n\t\t\t\t<\/div>\n\t\t<div class=\"elementor-element elementor-element-57287030 e-con-full e-flex e-con e-child\" data-id=\"57287030\" data-element_type=\"container\" data-e-type=\"container\">\n\t\t\t\t<div class=\"elementor-element elementor-element-defad04 elementor-widget-divider--view-line elementor-widget elementor-widget-divider\" data-id=\"defad04\" data-element_type=\"widget\" data-e-type=\"widget\" data-widget_type=\"divider.default\">\n\t\t\t\t<div class=\"elementor-widget-container\">\n\t\t\t\t\t\t\t<div class=\"elementor-divider\">\n\t\t\t<span class=\"elementor-divider-separator\">\n\t\t\t\t\t\t<\/span>\n\t\t<\/div>\n\t\t\t\t\t\t<\/div>\n\t\t\t\t<\/div>\n\t\t\t\t<div class=\"elementor-element elementor-element-cfbf862 elementor-widget elementor-widget-icon-box\" data-id=\"cfbf862\" data-element_type=\"widget\" data-e-type=\"widget\" data-widget_type=\"icon-box.default\">\n\t\t\t\t<div class=\"elementor-widget-container\">\n\t\t\t\t\t\t\t<div class=\"elementor-icon-box-wrapper\">\n\n\t\t\t\n\t\t\t\t\t\t<div class=\"elementor-icon-box-content\">\n\n\t\t\t\t\t\t\t\t\t<h3 class=\"elementor-icon-box-title\">\n\t\t\t\t\t\t<span  >\n\t\t\t\t\t\t\tInnovazione e crescita\t\t\t\t\t\t<\/span>\n\t\t\t\t\t<\/h3>\n\t\t\t\t\n\t\t\t\t\t\t\t\t\t<p class=\"elementor-icon-box-description\">\n\t\t\t\t\t\tVan der Lem Flowers \u00e8 costantemente alla ricerca di modi innovativi per migliorare i processi e le offerte, in modo da poter fornire sempre i prodotti migliori ai nostri clienti.  \t\t\t\t\t<\/p>\n\t\t\t\t\n\t\t\t<\/div>\n\t\t\t\n\t\t<\/div>\n\t\t\t\t\t\t<\/div>\n\t\t\t\t<\/div>\n\t\t\t\t<\/div>\n\t\t\t\t\t<\/div>\n\t\t\t\t<\/div>\n\t\t<div class=\"elementor-element elementor-element-11a21a0b e-con-full e-flex e-con e-parent\" data-id=\"11a21a0b\" data-element_type=\"container\" data-e-type=\"container\" data-settings=\"{&quot;background_background&quot;:&quot;classic&quot;}\">\n\t\t\t\t<div class=\"elementor-element elementor-element-7046f68e elementor-widget__width-initial elementor-invisible elementor-widget elementor-widget-image\" data-id=\"7046f68e\" data-element_type=\"widget\" data-e-type=\"widget\" data-settings=\"{&quot;_animation&quot;:&quot;fadeIn&quot;}\" data-widget_type=\"image.default\">\n\t\t\t\t<div class=\"elementor-widget-container\">\n\t\t\t\t\t\t\t\t\t\t\t\t\t\t\t<img decoding=\"async\" width=\"800\" height=\"534\" src=\"https:\/\/vanderlembloemen.nl\/wp-content\/uploads\/2025\/01\/Aalsmeer-bloemenveiling-1024x683.jpeg\" class=\"attachment-large size-large wp-image-3032\" alt=\"\" srcset=\"https:\/\/vanderlembloemen.nl\/wp-content\/uploads\/2025\/01\/Aalsmeer-bloemenveiling-1024x683.jpeg 1024w, https:\/\/vanderlembloemen.nl\/wp-content\/uploads\/2025\/01\/Aalsmeer-bloemenveiling-300x200.jpeg 300w, https:\/\/vanderlembloemen.nl\/wp-content\/uploads\/2025\/01\/Aalsmeer-bloemenveiling-768x512.jpeg 768w, https:\/\/vanderlembloemen.nl\/wp-content\/uploads\/2025\/01\/Aalsmeer-bloemenveiling-1536x1025.jpeg 1536w, https:\/\/vanderlembloemen.nl\/wp-content\/uploads\/2025\/01\/Aalsmeer-bloemenveiling.jpeg 2048w\" sizes=\"(max-width: 800px) 100vw, 800px\" \/>\t\t\t\t\t\t\t\t\t\t\t\t\t\t\t<\/div>\n\t\t\t\t<\/div>\n\t\t<div class=\"elementor-element elementor-element-1058b36d e-con-full e-flex elementor-invisible e-con e-child\" data-id=\"1058b36d\" data-element_type=\"container\" data-e-type=\"container\" data-settings=\"{&quot;animation&quot;:&quot;fadeIn&quot;}\">\n\t\t\t\t<div class=\"elementor-element elementor-element-c95a1cf elementor-widget__width-initial elementor-widget-tablet__width-inherit elementor-widget elementor-widget-heading\" data-id=\"c95a1cf\" data-element_type=\"widget\" data-e-type=\"widget\" data-widget_type=\"heading.default\">\n\t\t\t\t<div class=\"elementor-widget-container\">\n\t\t\t\t\t<h2 class=\"elementor-heading-title elementor-size-default\">La nostra<span style=\"color:#99F327\"> missione <\/span> <\/h2>\t\t\t\t<\/div>\n\t\t\t\t<\/div>\n\t\t\t\t<div class=\"elementor-element elementor-element-3d292a1 elementor-widget__width-initial elementor-widget-tablet__width-inherit elementor-widget elementor-widget-text-editor\" data-id=\"3d292a1\" data-element_type=\"widget\" data-e-type=\"widget\" data-widget_type=\"text-editor.default\">\n\t\t\t\t<div class=\"elementor-widget-container\">\n\t\t\t\t\t\t\t\t\t<p><span style=\"font-weight: 400;\">La nostra missione \u00e8 fornire ai nostri clienti fiori e piante della massima qualit\u00e0, nel rispetto delle persone e dell&#8217;ambiente.  <\/span><span style=\"font-weight: 400;\"><br \/><\/span><span style=\"font-weight: 400;\"><br \/><\/span><span style=\"font-weight: 400;\">Da Van der Lem Flowers ci sforziamo di offrire molto di pi\u00f9 che semplici fiori e piante: offriamo una qualit\u00e0 con un significato. La selezione di prodotti di altissima qualit\u00e0 \u00e8 solo l&#8217;inizio. Scegliamo i nostri fiori e le nostre piante con cura affinch\u00e9 i nostri clienti possano sempre contare su freschezza, bellezza e durata.  <\/span><\/p>\n\t\t\t\t\t\t\t\t<\/div>\n\t\t\t\t<\/div>\n\t\t\t\t<\/div>\n\t\t\t\t<\/div>\n\t\t\t\t<\/div>\n\t\t","protected":false},"excerpt":{"rendered":"<p>Chi siamo Una vera azienda familiare Van der Lem Flowers, fondata nel 1997 come azienda a conduzione familiare, d\u00e0 valore a un approccio personale. Ascoltiamo attentamente i desideri dei nostri clienti e offriamo soluzioni su misura. Ci occupiamo di ogni ordine con cura e attenzione, in modo che tu possa sempre contare su fiori e [&hellip;]<\/p>\n","protected":false},"author":1,"featured_media":0,"parent":0,"menu_order":0,"comment_status":"closed","ping_status":"closed","template":"","meta":{"footnotes":""},"class_list":["post-1725","page","type-page","status-publish","hentry"],"yoast_head":"<!-- This site is optimized with the Yoast SEO plugin v27.2 - https:\/\/yoast.com\/product\/yoast-seo-wordpress\/ -->\n<title>Grossista di fiori Van der Lem<\/title>\n<meta name=\"description\" content=\"Van der Lem Flowers, a conduzione familiare, \u00e8 un fiorista all&#039;ingrosso dal 1997. Offriamo un servizio personalizzato e soluzioni su misura per fiori e piante della migliore qualit\u00e0.\" \/>\n<meta name=\"robots\" content=\"index, follow, max-snippet:-1, max-image-preview:large, max-video-preview:-1\" \/>\n<link rel=\"canonical\" href=\"https:\/\/vanderlembloemen.nl\/it\/chi-siamo\/\" \/>\n<meta property=\"og:locale\" content=\"it_IT\" \/>\n<meta property=\"og:type\" content=\"article\" \/>\n<meta property=\"og:title\" content=\"Grossista di fiori Van der Lem\" \/>\n<meta property=\"og:description\" content=\"Van der Lem Flowers, a conduzione familiare, \u00e8 un fiorista all&#039;ingrosso dal 1997. Offriamo un servizio personalizzato e soluzioni su misura per fiori e piante della migliore qualit\u00e0.\" \/>\n<meta property=\"og:url\" content=\"https:\/\/vanderlembloemen.nl\/it\/chi-siamo\/\" \/>\n<meta property=\"og:site_name\" content=\"Van der Lem Bloemen\" \/>\n<meta property=\"article:modified_time\" content=\"2025-01-24T13:26:13+00:00\" \/>\n<meta property=\"og:image\" content=\"https:\/\/vanderlembloemen.nl\/wp-content\/uploads\/2025\/01\/Familiebedrijf-van-der-lem-bloemen-aalsmeer.webp\" \/>\n<meta name=\"twitter:card\" content=\"summary_large_image\" \/>\n<meta name=\"twitter:label1\" content=\"Tempo di lettura stimato\" \/>\n\t<meta name=\"twitter:data1\" content=\"1 minuto\" \/>\n<script type=\"application\/ld+json\" class=\"yoast-schema-graph\">{\"@context\":\"https:\/\/schema.org\",\"@graph\":[{\"@type\":\"WebPage\",\"@id\":\"https:\/\/vanderlembloemen.nl\/it\/chi-siamo\/\",\"url\":\"https:\/\/vanderlembloemen.nl\/it\/chi-siamo\/\",\"name\":\"Grossista di fiori Van der Lem\",\"isPartOf\":{\"@id\":\"https:\/\/vanderlembloemen.nl\/it\/#website\"},\"primaryImageOfPage\":{\"@id\":\"https:\/\/vanderlembloemen.nl\/it\/chi-siamo\/#primaryimage\"},\"image\":{\"@id\":\"https:\/\/vanderlembloemen.nl\/it\/chi-siamo\/#primaryimage\"},\"thumbnailUrl\":\"https:\/\/vanderlembloemen.nl\/wp-content\/uploads\/2025\/01\/Familiebedrijf-van-der-lem-bloemen-aalsmeer.webp\",\"datePublished\":\"2024-09-23T11:00:42+00:00\",\"dateModified\":\"2025-01-24T13:26:13+00:00\",\"description\":\"Van der Lem Flowers, a conduzione familiare, \u00e8 un fiorista all'ingrosso dal 1997. Offriamo un servizio personalizzato e soluzioni su misura per fiori e piante della migliore qualit\u00e0.\",\"breadcrumb\":{\"@id\":\"https:\/\/vanderlembloemen.nl\/it\/chi-siamo\/#breadcrumb\"},\"inLanguage\":\"it-IT\",\"potentialAction\":[{\"@type\":\"ReadAction\",\"target\":[\"https:\/\/vanderlembloemen.nl\/it\/chi-siamo\/\"]}]},{\"@type\":\"ImageObject\",\"inLanguage\":\"it-IT\",\"@id\":\"https:\/\/vanderlembloemen.nl\/it\/chi-siamo\/#primaryimage\",\"url\":\"https:\/\/vanderlembloemen.nl\/wp-content\/uploads\/2025\/01\/Familiebedrijf-van-der-lem-bloemen-aalsmeer.webp\",\"contentUrl\":\"https:\/\/vanderlembloemen.nl\/wp-content\/uploads\/2025\/01\/Familiebedrijf-van-der-lem-bloemen-aalsmeer.webp\"},{\"@type\":\"BreadcrumbList\",\"@id\":\"https:\/\/vanderlembloemen.nl\/it\/chi-siamo\/#breadcrumb\",\"itemListElement\":[{\"@type\":\"ListItem\",\"position\":1,\"name\":\"Home\",\"item\":\"https:\/\/vanderlembloemen.nl\/it\/homepage-2\/\"},{\"@type\":\"ListItem\",\"position\":2,\"name\":\"Chi siamo\"}]},{\"@type\":\"WebSite\",\"@id\":\"https:\/\/vanderlembloemen.nl\/it\/#website\",\"url\":\"https:\/\/vanderlembloemen.nl\/it\/\",\"name\":\"Van der Lem Bloemen\",\"description\":\"\",\"publisher\":{\"@id\":\"https:\/\/vanderlembloemen.nl\/it\/#organization\"},\"potentialAction\":[{\"@type\":\"SearchAction\",\"target\":{\"@type\":\"EntryPoint\",\"urlTemplate\":\"https:\/\/vanderlembloemen.nl\/it\/?s={search_term_string}\"},\"query-input\":{\"@type\":\"PropertyValueSpecification\",\"valueRequired\":true,\"valueName\":\"search_term_string\"}}],\"inLanguage\":\"it-IT\"},{\"@type\":\"Organization\",\"@id\":\"https:\/\/vanderlembloemen.nl\/it\/#organization\",\"name\":\"Van der Lem Bloemen\",\"url\":\"https:\/\/vanderlembloemen.nl\/it\/\",\"logo\":{\"@type\":\"ImageObject\",\"inLanguage\":\"it-IT\",\"@id\":\"https:\/\/vanderlembloemen.nl\/it\/#\/schema\/logo\/image\/\",\"url\":\"https:\/\/vanderlembloemen.nl\/wp-content\/uploads\/2024\/09\/Logo-Van-der-Lem-Bloemen.webp\",\"contentUrl\":\"https:\/\/vanderlembloemen.nl\/wp-content\/uploads\/2024\/09\/Logo-Van-der-Lem-Bloemen.webp\",\"width\":350,\"height\":100,\"caption\":\"Van der Lem Bloemen\"},\"image\":{\"@id\":\"https:\/\/vanderlembloemen.nl\/it\/#\/schema\/logo\/image\/\"}}]}<\/script>\n<!-- \/ Yoast SEO plugin. -->","yoast_head_json":{"title":"Grossista di fiori Van der Lem","description":"Van der Lem Flowers, a conduzione familiare, \u00e8 un fiorista all'ingrosso dal 1997. Offriamo un servizio personalizzato e soluzioni su misura per fiori e piante della migliore qualit\u00e0.","robots":{"index":"index","follow":"follow","max-snippet":"max-snippet:-1","max-image-preview":"max-image-preview:large","max-video-preview":"max-video-preview:-1"},"canonical":"https:\/\/vanderlembloemen.nl\/it\/chi-siamo\/","og_locale":"it_IT","og_type":"article","og_title":"Grossista di fiori Van der Lem","og_description":"Van der Lem Flowers, a conduzione familiare, \u00e8 un fiorista all'ingrosso dal 1997. Offriamo un servizio personalizzato e soluzioni su misura per fiori e piante della migliore qualit\u00e0.","og_url":"https:\/\/vanderlembloemen.nl\/it\/chi-siamo\/","og_site_name":"Van der Lem Bloemen","article_modified_time":"2025-01-24T13:26:13+00:00","og_image":[{"url":"https:\/\/vanderlembloemen.nl\/wp-content\/uploads\/2025\/01\/Familiebedrijf-van-der-lem-bloemen-aalsmeer.webp","type":"","width":"","height":""}],"twitter_card":"summary_large_image","twitter_misc":{"Tempo di lettura stimato":"1 minuto"},"schema":{"@context":"https:\/\/schema.org","@graph":[{"@type":"WebPage","@id":"https:\/\/vanderlembloemen.nl\/it\/chi-siamo\/","url":"https:\/\/vanderlembloemen.nl\/it\/chi-siamo\/","name":"Grossista di fiori Van der Lem","isPartOf":{"@id":"https:\/\/vanderlembloemen.nl\/it\/#website"},"primaryImageOfPage":{"@id":"https:\/\/vanderlembloemen.nl\/it\/chi-siamo\/#primaryimage"},"image":{"@id":"https:\/\/vanderlembloemen.nl\/it\/chi-siamo\/#primaryimage"},"thumbnailUrl":"https:\/\/vanderlembloemen.nl\/wp-content\/uploads\/2025\/01\/Familiebedrijf-van-der-lem-bloemen-aalsmeer.webp","datePublished":"2024-09-23T11:00:42+00:00","dateModified":"2025-01-24T13:26:13+00:00","description":"Van der Lem Flowers, a conduzione familiare, \u00e8 un fiorista all'ingrosso dal 1997. Offriamo un servizio personalizzato e soluzioni su misura per fiori e piante della migliore qualit\u00e0.","breadcrumb":{"@id":"https:\/\/vanderlembloemen.nl\/it\/chi-siamo\/#breadcrumb"},"inLanguage":"it-IT","potentialAction":[{"@type":"ReadAction","target":["https:\/\/vanderlembloemen.nl\/it\/chi-siamo\/"]}]},{"@type":"ImageObject","inLanguage":"it-IT","@id":"https:\/\/vanderlembloemen.nl\/it\/chi-siamo\/#primaryimage","url":"https:\/\/vanderlembloemen.nl\/wp-content\/uploads\/2025\/01\/Familiebedrijf-van-der-lem-bloemen-aalsmeer.webp","contentUrl":"https:\/\/vanderlembloemen.nl\/wp-content\/uploads\/2025\/01\/Familiebedrijf-van-der-lem-bloemen-aalsmeer.webp"},{"@type":"BreadcrumbList","@id":"https:\/\/vanderlembloemen.nl\/it\/chi-siamo\/#breadcrumb","itemListElement":[{"@type":"ListItem","position":1,"name":"Home","item":"https:\/\/vanderlembloemen.nl\/it\/homepage-2\/"},{"@type":"ListItem","position":2,"name":"Chi siamo"}]},{"@type":"WebSite","@id":"https:\/\/vanderlembloemen.nl\/it\/#website","url":"https:\/\/vanderlembloemen.nl\/it\/","name":"Van der Lem Bloemen","description":"","publisher":{"@id":"https:\/\/vanderlembloemen.nl\/it\/#organization"},"potentialAction":[{"@type":"SearchAction","target":{"@type":"EntryPoint","urlTemplate":"https:\/\/vanderlembloemen.nl\/it\/?s={search_term_string}"},"query-input":{"@type":"PropertyValueSpecification","valueRequired":true,"valueName":"search_term_string"}}],"inLanguage":"it-IT"},{"@type":"Organization","@id":"https:\/\/vanderlembloemen.nl\/it\/#organization","name":"Van der Lem Bloemen","url":"https:\/\/vanderlembloemen.nl\/it\/","logo":{"@type":"ImageObject","inLanguage":"it-IT","@id":"https:\/\/vanderlembloemen.nl\/it\/#\/schema\/logo\/image\/","url":"https:\/\/vanderlembloemen.nl\/wp-content\/uploads\/2024\/09\/Logo-Van-der-Lem-Bloemen.webp","contentUrl":"https:\/\/vanderlembloemen.nl\/wp-content\/uploads\/2024\/09\/Logo-Van-der-Lem-Bloemen.webp","width":350,"height":100,"caption":"Van der Lem Bloemen"},"image":{"@id":"https:\/\/vanderlembloemen.nl\/it\/#\/schema\/logo\/image\/"}}]}},"_links":{"self":[{"href":"https:\/\/vanderlembloemen.nl\/it\/wp-json\/wp\/v2\/pages\/1725","targetHints":{"allow":["GET"]}}],"collection":[{"href":"https:\/\/vanderlembloemen.nl\/it\/wp-json\/wp\/v2\/pages"}],"about":[{"href":"https:\/\/vanderlembloemen.nl\/it\/wp-json\/wp\/v2\/types\/page"}],"author":[{"embeddable":true,"href":"https:\/\/vanderlembloemen.nl\/it\/wp-json\/wp\/v2\/users\/1"}],"replies":[{"embeddable":true,"href":"https:\/\/vanderlembloemen.nl\/it\/wp-json\/wp\/v2\/comments?post=1725"}],"version-history":[{"count":26,"href":"https:\/\/vanderlembloemen.nl\/it\/wp-json\/wp\/v2\/pages\/1725\/revisions"}],"predecessor-version":[{"id":3446,"href":"https:\/\/vanderlembloemen.nl\/it\/wp-json\/wp\/v2\/pages\/1725\/revisions\/3446"}],"wp:attachment":[{"href":"https:\/\/vanderlembloemen.nl\/it\/wp-json\/wp\/v2\/media?parent=1725"}],"curies":[{"name":"wp","href":"https:\/\/api.w.org\/{rel}","templated":true}]}}