{"id":1694,"date":"2024-09-23T13:00:26","date_gmt":"2024-09-23T11:00:26","guid":{"rendered":"https:\/\/vanderlembloemen.nl\/zakres-produktow\/"},"modified":"2025-03-17T10:15:22","modified_gmt":"2025-03-17T08:15:22","slug":"zakres-produktow","status":"publish","type":"page","link":"https:\/\/vanderlembloemen.nl\/pl\/zakres-produktow\/","title":{"rendered":"Zakres produkt\u00f3w"},"content":{"rendered":"\t\t<div data-elementor-type=\"wp-page\" data-elementor-id=\"1694\" class=\"elementor elementor-1694 elementor-120\" data-elementor-post-type=\"page\">\n\t\t\t\t<div class=\"elementor-element elementor-element-e9308f8 e-con-full e-flex e-con e-parent\" data-id=\"e9308f8\" data-element_type=\"container\" data-e-type=\"container\" data-settings=\"{&quot;background_background&quot;:&quot;classic&quot;}\">\n\t\t\t\t<div class=\"elementor-element elementor-element-18497a3 elementor-widget elementor-widget-heading\" data-id=\"18497a3\" data-element_type=\"widget\" data-e-type=\"widget\" data-widget_type=\"heading.default\">\n\t\t\t\t<div class=\"elementor-widget-container\">\n\t\t\t\t\t<h2 class=\"elementor-heading-title elementor-size-default\">Zakres produkt\u00f3w<\/h2>\t\t\t\t<\/div>\n\t\t\t\t<\/div>\n\t\t\t\t<\/div>\n\t\t<div class=\"elementor-element elementor-element-7777e72 e-flex e-con-boxed e-con e-parent\" data-id=\"7777e72\" data-element_type=\"container\" data-e-type=\"container\" data-settings=\"{&quot;background_background&quot;:&quot;classic&quot;}\">\n\t\t\t\t\t<div class=\"e-con-inner\">\n\t\t<div class=\"elementor-element elementor-element-777fd39 e-con-full e-flex e-con e-child\" data-id=\"777fd39\" data-element_type=\"container\" data-e-type=\"container\">\n\t\t<div class=\"elementor-element elementor-element-e8078bd e-con-full e-flex e-con e-child\" data-id=\"e8078bd\" data-element_type=\"container\" data-e-type=\"container\">\n\t\t\t\t<div class=\"elementor-element elementor-element-3f97823 animated-slow elementor-invisible elementor-widget elementor-widget-heading\" data-id=\"3f97823\" data-element_type=\"widget\" data-e-type=\"widget\" data-settings=\"{&quot;_animation&quot;:&quot;slideInUp&quot;}\" data-widget_type=\"heading.default\">\n\t\t\t\t<div class=\"elementor-widget-container\">\n\t\t\t\t\t<h2 class=\"elementor-heading-title elementor-size-default\">Odkryj nasz\u0105 <span style=\"color:#99F327\">ofert\u0119 produkt\u00f3w<\/span><\/h2>\t\t\t\t<\/div>\n\t\t\t\t<\/div>\n\t\t\t\t<\/div>\n\t\t\t\t<\/div>\n\t\t<div class=\"elementor-element elementor-element-e03386f e-con-full e-flex e-con e-child\" data-id=\"e03386f\" data-element_type=\"container\" data-e-type=\"container\">\n\t\t\t\t<div class=\"elementor-element elementor-element-ffd19e4 elementor-cta--skin-cover elementor-cta--valign-middle elementor-widget__width-inherit elementor-widget-tablet__width-initial elementor-widget-mobile__width-inherit elementor-animated-content elementor-bg-transform elementor-bg-transform-zoom-in elementor-widget elementor-widget-call-to-action\" data-id=\"ffd19e4\" data-element_type=\"widget\" data-e-type=\"widget\" data-widget_type=\"call-to-action.default\">\n\t\t\t\t<div class=\"elementor-widget-container\">\n\t\t\t\t\t\t\t<a class=\"elementor-cta\" href=\"https:\/\/webshop.vanderlembloemen.nl\/product\/26\/bloem-groep\" target=\"_blank\">\n\t\t\t\t\t<div class=\"elementor-cta__bg-wrapper\">\n\t\t\t\t<div class=\"elementor-cta__bg elementor-bg\" style=\"background-image: url(https:\/\/vanderlembloemen.nl\/wp-content\/uploads\/2025\/01\/Assortiment-Bloemen-Aalsmeer.webp);\" role=\"img\" aria-label=\"Asortyment-kwiaty-Aalsmeer\"><\/div>\n\t\t\t\t<div class=\"elementor-cta__bg-overlay\"><\/div>\n\t\t\t<\/div>\n\t\t\t\t\t\t\t<div class=\"elementor-cta__content\">\n\t\t\t\t\n\t\t\t\t\t\t\t\t\t<h2 class=\"elementor-cta__title elementor-cta__content-item elementor-content-item elementor-animated-item--grow\">\n\t\t\t\t\t\tKwiaty\t\t\t\t\t<\/h2>\n\t\t\t\t\n\t\t\t\t\n\t\t\t\t\t\t\t\t\t<div class=\"elementor-cta__button-wrapper elementor-cta__content-item elementor-content-item elementor-animated-item--grow\">\n\t\t\t\t\t<span class=\"elementor-cta__button elementor-button elementor-size-\">\n\t\t\t\t\t\tZobacz nasze kwiaty\t\t\t\t\t<\/span>\n\t\t\t\t\t<\/div>\n\t\t\t\t\t\t\t<\/div>\n\t\t\t\t\t\t<\/a>\n\t\t\t\t\t\t<\/div>\n\t\t\t\t<\/div>\n\t\t\t\t<div class=\"elementor-element elementor-element-93c1bf1 elementor-cta--skin-cover elementor-cta--valign-middle elementor-widget__width-inherit elementor-widget-tablet__width-initial elementor-widget-mobile__width-inherit elementor-animated-content elementor-bg-transform elementor-bg-transform-zoom-in elementor-widget elementor-widget-call-to-action\" data-id=\"93c1bf1\" data-element_type=\"widget\" data-e-type=\"widget\" data-widget_type=\"call-to-action.default\">\n\t\t\t\t<div class=\"elementor-widget-container\">\n\t\t\t\t\t\t\t<a class=\"elementor-cta\" href=\"https:\/\/webshop.vanderlembloemen.nl\/product\/5\/plants\" target=\"_blank\">\n\t\t\t\t\t<div class=\"elementor-cta__bg-wrapper\">\n\t\t\t\t<div class=\"elementor-cta__bg elementor-bg\" style=\"background-image: url(https:\/\/vanderlembloemen.nl\/wp-content\/uploads\/2024\/09\/Ons-assortiment-planten-768x1024.jpg);\" role=\"img\" aria-label=\"Our-assortment-plants\"><\/div>\n\t\t\t\t<div class=\"elementor-cta__bg-overlay\"><\/div>\n\t\t\t<\/div>\n\t\t\t\t\t\t\t<div class=\"elementor-cta__content\">\n\t\t\t\t\n\t\t\t\t\t\t\t\t\t<h2 class=\"elementor-cta__title elementor-cta__content-item elementor-content-item elementor-animated-item--grow\">\n\t\t\t\t\t\tRo\u015bliny\t\t\t\t\t<\/h2>\n\t\t\t\t\n\t\t\t\t\n\t\t\t\t\t\t\t\t\t<div class=\"elementor-cta__button-wrapper elementor-cta__content-item elementor-content-item elementor-animated-item--grow\">\n\t\t\t\t\t<span class=\"elementor-cta__button elementor-button elementor-size-\">\n\t\t\t\t\t\tZobacz nasze ro\u015bliny\t\t\t\t\t<\/span>\n\t\t\t\t\t<\/div>\n\t\t\t\t\t\t\t<\/div>\n\t\t\t\t\t\t<\/a>\n\t\t\t\t\t\t<\/div>\n\t\t\t\t<\/div>\n\t\t\t\t<div class=\"elementor-element elementor-element-2f52608 elementor-cta--skin-cover elementor-cta--valign-middle elementor-widget__width-inherit elementor-widget-tablet__width-initial elementor-widget-mobile__width-inherit elementor-animated-content elementor-bg-transform elementor-bg-transform-zoom-in elementor-widget elementor-widget-call-to-action\" data-id=\"2f52608\" data-element_type=\"widget\" data-e-type=\"widget\" data-widget_type=\"call-to-action.default\">\n\t\t\t\t<div class=\"elementor-widget-container\">\n\t\t\t\t\t\t\t<a class=\"elementor-cta\" href=\"https:\/\/webshop.vanderlembloemen.nl\/product\/12\/deco\" target=\"_blank\">\n\t\t\t\t\t<div class=\"elementor-cta__bg-wrapper\">\n\t\t\t\t<div class=\"elementor-cta__bg elementor-bg\" style=\"background-image: url(https:\/\/vanderlembloemen.nl\/wp-content\/uploads\/2024\/09\/Ons-assortiment-decoratie-768x1024.jpg);\" role=\"img\" aria-label=\"Us-assortment-decoration\"><\/div>\n\t\t\t\t<div class=\"elementor-cta__bg-overlay\"><\/div>\n\t\t\t<\/div>\n\t\t\t\t\t\t\t<div class=\"elementor-cta__content\">\n\t\t\t\t\n\t\t\t\t\t\t\t\t\t<h2 class=\"elementor-cta__title elementor-cta__content-item elementor-content-item elementor-animated-item--grow\">\n\t\t\t\t\t\tDekoracja\t\t\t\t\t<\/h2>\n\t\t\t\t\n\t\t\t\t\n\t\t\t\t\t\t\t\t\t<div class=\"elementor-cta__button-wrapper elementor-cta__content-item elementor-content-item elementor-animated-item--grow\">\n\t\t\t\t\t<span class=\"elementor-cta__button elementor-button elementor-size-\">\n\t\t\t\t\t\tZobacz nasze dekoracje\t\t\t\t\t<\/span>\n\t\t\t\t\t<\/div>\n\t\t\t\t\t\t\t<\/div>\n\t\t\t\t\t\t<\/a>\n\t\t\t\t\t\t<\/div>\n\t\t\t\t<\/div>\n\t\t\t\t<\/div>\n\t\t\t\t\t<\/div>\n\t\t\t\t<\/div>\n\t\t<div class=\"elementor-element elementor-element-b062333 e-con-full e-flex e-con e-parent\" data-id=\"b062333\" data-element_type=\"container\" data-e-type=\"container\" data-settings=\"{&quot;background_background&quot;:&quot;classic&quot;}\">\n\t\t<div class=\"elementor-element elementor-element-b16a988 e-con-full e-flex e-con e-child\" data-id=\"b16a988\" data-element_type=\"container\" data-e-type=\"container\">\n\t\t\t\t<div class=\"elementor-element elementor-element-256cfe4 elementor-widget__width-initial elementor-widget-tablet__width-inherit elementor-widget-tablet_extra__width-initial elementor-widget elementor-widget-heading\" data-id=\"256cfe4\" data-element_type=\"widget\" data-e-type=\"widget\" data-widget_type=\"heading.default\">\n\t\t\t\t<div class=\"elementor-widget-container\">\n\t\t\t\t\t<h2 class=\"elementor-heading-title elementor-size-default\">Beztroskie<span style=\"color:#99F327\"> zakupy <\/span> <\/h2>\t\t\t\t<\/div>\n\t\t\t\t<\/div>\n\t\t\t\t<div class=\"elementor-element elementor-element-1312a90 elementor-widget__width-initial elementor-widget-tablet__width-inherit elementor-widget-tablet_extra__width-initial elementor-widget elementor-widget-text-editor\" data-id=\"1312a90\" data-element_type=\"widget\" data-e-type=\"widget\" data-widget_type=\"text-editor.default\">\n\t\t\t\t<div class=\"elementor-widget-container\">\n\t\t\t\t\t\t\t\t\t<div class=\"border-borderMain\/50 ring-borderMain\/50 divide-borderMain\/50 dark:divide-borderMainDark\/50 dark:ring-borderMainDark\/50 dark:border-borderMainDark\/50 bg-transparent\">\n<div class=\"mb-md\">\n<div class=\"relative default font-sans text-base text-textMain dark:text-textMainDark selection:bg-super\/50 selection:text-textMain dark:selection:bg-superDuper\/10 dark:selection:text-superDark\">\n<div class=\"min-w-0 break-words [word-break:break-word]\">\n<div dir=\"auto\">\n<div class=\"prose dark:prose-invert inline leading-normal break-words min-w-0 [word-break:break-word]\">Van der Lem Flowers oferuje r\u00f3\u017cne opcje zakup\u00f3w, w tym zakupy zdalne (KOA), sklep internetowy i zam\u00f3wienia e-mail. Klienci mog\u0105 \u0142atwo wybiera\u0107 produkty w po\u017c\u0105danych cenach z domu.  Oszcz\u0119dza to czas, daje kontrol\u0119 nad zakupami i pozwala szybko reagowa\u0107 na zmieniaj\u0105ce si\u0119 potrzeby. Bez fizycznej obecno\u015bci na aukcji, nasi klienci maj\u0105 dost\u0119p do szerokiej gamy wysokiej jako\u015bci kwiat\u00f3w, ro\u015blin i materia\u0142\u00f3w dekoracyjnych. <\/div>\n<\/div>\n<\/div>\n<\/div>\n<\/div>\n<\/div>\n\t\t\t\t\t\t\t\t<\/div>\n\t\t\t\t<\/div>\n\t\t\t\t<\/div>\n\t\t\t\t<\/div>\n\t\t<div class=\"elementor-element elementor-element-4b52665 e-con-full e-flex e-con e-parent\" data-id=\"4b52665\" data-element_type=\"container\" data-e-type=\"container\" data-settings=\"{&quot;background_background&quot;:&quot;classic&quot;}\">\n\t\t\t\t<div class=\"elementor-element elementor-element-711c129 elementor-widget__width-initial elementor-widget elementor-widget-image\" data-id=\"711c129\" data-element_type=\"widget\" data-e-type=\"widget\" data-widget_type=\"image.default\">\n\t\t\t\t<div class=\"elementor-widget-container\">\n\t\t\t\t\t\t\t\t\t\t\t\t\t\t\t<img fetchpriority=\"high\" decoding=\"async\" width=\"800\" height=\"445\" src=\"https:\/\/vanderlembloemen.nl\/wp-content\/uploads\/2024\/11\/Vervoer-bloemen-aalsmeer-e1732285334163-1024x569.jpg\" class=\"attachment-large size-large wp-image-1625\" alt=\"\" srcset=\"https:\/\/vanderlembloemen.nl\/wp-content\/uploads\/2024\/11\/Vervoer-bloemen-aalsmeer-e1732285334163-1024x569.jpg 1024w, https:\/\/vanderlembloemen.nl\/wp-content\/uploads\/2024\/11\/Vervoer-bloemen-aalsmeer-e1732285334163-300x167.jpg 300w, https:\/\/vanderlembloemen.nl\/wp-content\/uploads\/2024\/11\/Vervoer-bloemen-aalsmeer-e1732285334163-768x427.jpg 768w, https:\/\/vanderlembloemen.nl\/wp-content\/uploads\/2024\/11\/Vervoer-bloemen-aalsmeer-e1732285334163-1536x854.jpg 1536w, https:\/\/vanderlembloemen.nl\/wp-content\/uploads\/2024\/11\/Vervoer-bloemen-aalsmeer-e1732285334163.jpg 1625w\" sizes=\"(max-width: 800px) 100vw, 800px\" \/>\t\t\t\t\t\t\t\t\t\t\t\t\t\t\t<\/div>\n\t\t\t\t<\/div>\n\t\t<div class=\"elementor-element elementor-element-d9a143c e-con-full e-flex e-con e-child\" data-id=\"d9a143c\" data-element_type=\"container\" data-e-type=\"container\">\n\t\t\t\t<div class=\"elementor-element elementor-element-99c1f66 elementor-widget__width-initial elementor-widget-tablet__width-inherit elementor-widget elementor-widget-heading\" data-id=\"99c1f66\" data-element_type=\"widget\" data-e-type=\"widget\" data-widget_type=\"heading.default\">\n\t\t\t\t<div class=\"elementor-widget-container\">\n\t\t\t\t\t<h2 class=\"elementor-heading-title elementor-size-default\">Zawsze<span style=\"color:#99F327\"> kupuj wszystko<\/span>, nie potrzebujesz zapas\u00f3w.<\/h2>\t\t\t\t<\/div>\n\t\t\t\t<\/div>\n\t\t\t\t<div class=\"elementor-element elementor-element-2e509ed elementor-widget__width-initial elementor-widget-tablet__width-inherit elementor-widget elementor-widget-text-editor\" data-id=\"2e509ed\" data-element_type=\"widget\" data-e-type=\"widget\" data-widget_type=\"text-editor.default\">\n\t\t\t\t<div class=\"elementor-widget-container\">\n\t\t\t\t\t\t\t\t\t<p>Van der Lem Flowers pracuje z minimalnymi zapasami, aby zagwarantowa\u0107 najwy\u017csz\u0105 \u015bwie\u017co\u015b\u0107. Nasi do\u015bwiadczeni kupcy codziennie wybieraj\u0105 najlepsze kwiaty i ro\u015bliny za po\u015brednictwem aukcji w Aalsmeer i bezpo\u015brednich kontakt\u00f3w z hodowcami. Klienci mog\u0105 samodzielnie wybiera\u0107 produkty za po\u015brednictwem zdalnych zakup\u00f3w, co zapewnia im pe\u0142n\u0105 elastyczno\u015b\u0107 i kontrol\u0119 nad zakupami. To wyj\u0105tkowe podej\u015bcie \u0142\u0105czy przyjazno\u015b\u0107 dla klienta z gwarantowan\u0105 jako\u015bci\u0105, umo\u017cliwiaj\u0105c ka\u017cdemu znalezienie idealnych kwiat\u00f3w w odpowiedniej cenie.   <\/p>\n\t\t\t\t\t\t\t\t<\/div>\n\t\t\t\t<\/div>\n\t\t\t\t<\/div>\n\t\t\t\t<\/div>\n\t\t\t\t<\/div>\n\t\t","protected":false},"excerpt":{"rendered":"<p>Zakres produkt\u00f3w Odkryj nasz\u0105 ofert\u0119 produkt\u00f3w Kwiaty Zobacz nasze kwiaty Ro\u015bliny Zobacz nasze ro\u015bliny Dekoracja Zobacz nasze dekoracje Beztroskie zakupy Van der Lem Flowers oferuje r\u00f3\u017cne opcje zakup\u00f3w, w tym zakupy zdalne (KOA), sklep internetowy i zam\u00f3wienia e-mail. Klienci mog\u0105 \u0142atwo wybiera\u0107 produkty w po\u017c\u0105danych cenach z domu. Oszcz\u0119dza to czas, daje kontrol\u0119 nad zakupami [&hellip;]<\/p>\n","protected":false},"author":1,"featured_media":0,"parent":0,"menu_order":0,"comment_status":"closed","ping_status":"closed","template":"","meta":{"footnotes":""},"class_list":["post-1694","page","type-page","status-publish","hentry"],"yoast_head":"<!-- This site is optimized with the Yoast SEO plugin v27.2 - https:\/\/yoast.com\/product\/yoast-seo-wordpress\/ -->\n<title>Gama kwiat\u00f3w i ro\u015blin<\/title>\n<meta name=\"description\" content=\"Bez konieczno\u015bci fizycznej obecno\u015bci na aukcji, nasi klienci maj\u0105 dost\u0119p do szerokiej gamy wysokiej jako\u015bci kwiat\u00f3w, ro\u015blin i materia\u0142\u00f3w dekoracyjnych.\" \/>\n<meta name=\"robots\" content=\"index, follow, max-snippet:-1, max-image-preview:large, max-video-preview:-1\" \/>\n<link rel=\"canonical\" href=\"https:\/\/vanderlembloemen.nl\/pl\/zakres-produktow\/\" \/>\n<meta property=\"og:locale\" content=\"pl_PL\" \/>\n<meta property=\"og:type\" content=\"article\" \/>\n<meta property=\"og:title\" content=\"Gama kwiat\u00f3w i ro\u015blin\" \/>\n<meta property=\"og:description\" content=\"Bez konieczno\u015bci fizycznej obecno\u015bci na aukcji, nasi klienci maj\u0105 dost\u0119p do szerokiej gamy wysokiej jako\u015bci kwiat\u00f3w, ro\u015blin i materia\u0142\u00f3w dekoracyjnych.\" \/>\n<meta property=\"og:url\" content=\"https:\/\/vanderlembloemen.nl\/pl\/zakres-produktow\/\" \/>\n<meta property=\"og:site_name\" content=\"Van der Lem Bloemen\" \/>\n<meta property=\"article:modified_time\" content=\"2025-03-17T08:15:22+00:00\" \/>\n<meta property=\"og:image\" content=\"https:\/\/vanderlembloemen.nl\/wp-content\/uploads\/2024\/11\/Vervoer-bloemen-aalsmeer-e1732285334163.webp\" \/>\n\t<meta property=\"og:image:width\" content=\"1625\" \/>\n\t<meta property=\"og:image:height\" content=\"903\" \/>\n\t<meta property=\"og:image:type\" content=\"image\/jpeg\" \/>\n<meta name=\"twitter:card\" content=\"summary_large_image\" \/>\n<meta name=\"twitter:label1\" content=\"Szacowany czas czytania\" \/>\n\t<meta name=\"twitter:data1\" content=\"2 minuty\" \/>\n<script type=\"application\/ld+json\" class=\"yoast-schema-graph\">{\"@context\":\"https:\/\/schema.org\",\"@graph\":[{\"@type\":\"WebPage\",\"@id\":\"https:\/\/vanderlembloemen.nl\/pl\/zakres-produktow\/\",\"url\":\"https:\/\/vanderlembloemen.nl\/pl\/zakres-produktow\/\",\"name\":\"Gama kwiat\u00f3w i ro\u015blin\",\"isPartOf\":{\"@id\":\"https:\/\/vanderlembloemen.nl\/pl\/#website\"},\"primaryImageOfPage\":{\"@id\":\"https:\/\/vanderlembloemen.nl\/pl\/zakres-produktow\/#primaryimage\"},\"image\":{\"@id\":\"https:\/\/vanderlembloemen.nl\/pl\/zakres-produktow\/#primaryimage\"},\"thumbnailUrl\":\"https:\/\/vanderlembloemen.nl\/wp-content\/uploads\/2024\/11\/Vervoer-bloemen-aalsmeer-e1732285334163-1024x569.jpg\",\"datePublished\":\"2024-09-23T11:00:26+00:00\",\"dateModified\":\"2025-03-17T08:15:22+00:00\",\"description\":\"Bez konieczno\u015bci fizycznej obecno\u015bci na aukcji, nasi klienci maj\u0105 dost\u0119p do szerokiej gamy wysokiej jako\u015bci kwiat\u00f3w, ro\u015blin i materia\u0142\u00f3w dekoracyjnych.\",\"breadcrumb\":{\"@id\":\"https:\/\/vanderlembloemen.nl\/pl\/zakres-produktow\/#breadcrumb\"},\"inLanguage\":\"pl-PL\",\"potentialAction\":[{\"@type\":\"ReadAction\",\"target\":[\"https:\/\/vanderlembloemen.nl\/pl\/zakres-produktow\/\"]}]},{\"@type\":\"ImageObject\",\"inLanguage\":\"pl-PL\",\"@id\":\"https:\/\/vanderlembloemen.nl\/pl\/zakres-produktow\/#primaryimage\",\"url\":\"https:\/\/vanderlembloemen.nl\/wp-content\/uploads\/2024\/11\/Vervoer-bloemen-aalsmeer-e1732285334163-1024x569.jpg\",\"contentUrl\":\"https:\/\/vanderlembloemen.nl\/wp-content\/uploads\/2024\/11\/Vervoer-bloemen-aalsmeer-e1732285334163-1024x569.jpg\"},{\"@type\":\"BreadcrumbList\",\"@id\":\"https:\/\/vanderlembloemen.nl\/pl\/zakres-produktow\/#breadcrumb\",\"itemListElement\":[{\"@type\":\"ListItem\",\"position\":1,\"name\":\"Home\",\"item\":\"https:\/\/vanderlembloemen.nl\/pl\/strona-glowna-2\/\"},{\"@type\":\"ListItem\",\"position\":2,\"name\":\"Zakres produkt\u00f3w\"}]},{\"@type\":\"WebSite\",\"@id\":\"https:\/\/vanderlembloemen.nl\/pl\/#website\",\"url\":\"https:\/\/vanderlembloemen.nl\/pl\/\",\"name\":\"Van der Lem Bloemen\",\"description\":\"\",\"publisher\":{\"@id\":\"https:\/\/vanderlembloemen.nl\/pl\/#organization\"},\"potentialAction\":[{\"@type\":\"SearchAction\",\"target\":{\"@type\":\"EntryPoint\",\"urlTemplate\":\"https:\/\/vanderlembloemen.nl\/pl\/?s={search_term_string}\"},\"query-input\":{\"@type\":\"PropertyValueSpecification\",\"valueRequired\":true,\"valueName\":\"search_term_string\"}}],\"inLanguage\":\"pl-PL\"},{\"@type\":\"Organization\",\"@id\":\"https:\/\/vanderlembloemen.nl\/pl\/#organization\",\"name\":\"Van der Lem Bloemen\",\"url\":\"https:\/\/vanderlembloemen.nl\/pl\/\",\"logo\":{\"@type\":\"ImageObject\",\"inLanguage\":\"pl-PL\",\"@id\":\"https:\/\/vanderlembloemen.nl\/pl\/#\/schema\/logo\/image\/\",\"url\":\"https:\/\/vanderlembloemen.nl\/wp-content\/uploads\/2024\/09\/Logo-Van-der-Lem-Bloemen.webp\",\"contentUrl\":\"https:\/\/vanderlembloemen.nl\/wp-content\/uploads\/2024\/09\/Logo-Van-der-Lem-Bloemen.webp\",\"width\":350,\"height\":100,\"caption\":\"Van der Lem Bloemen\"},\"image\":{\"@id\":\"https:\/\/vanderlembloemen.nl\/pl\/#\/schema\/logo\/image\/\"}}]}<\/script>\n<!-- \/ Yoast SEO plugin. -->","yoast_head_json":{"title":"Gama kwiat\u00f3w i ro\u015blin","description":"Bez konieczno\u015bci fizycznej obecno\u015bci na aukcji, nasi klienci maj\u0105 dost\u0119p do szerokiej gamy wysokiej jako\u015bci kwiat\u00f3w, ro\u015blin i materia\u0142\u00f3w dekoracyjnych.","robots":{"index":"index","follow":"follow","max-snippet":"max-snippet:-1","max-image-preview":"max-image-preview:large","max-video-preview":"max-video-preview:-1"},"canonical":"https:\/\/vanderlembloemen.nl\/pl\/zakres-produktow\/","og_locale":"pl_PL","og_type":"article","og_title":"Gama kwiat\u00f3w i ro\u015blin","og_description":"Bez konieczno\u015bci fizycznej obecno\u015bci na aukcji, nasi klienci maj\u0105 dost\u0119p do szerokiej gamy wysokiej jako\u015bci kwiat\u00f3w, ro\u015blin i materia\u0142\u00f3w dekoracyjnych.","og_url":"https:\/\/vanderlembloemen.nl\/pl\/zakres-produktow\/","og_site_name":"Van der Lem Bloemen","article_modified_time":"2025-03-17T08:15:22+00:00","og_image":[{"width":1625,"height":903,"url":"https:\/\/vanderlembloemen.nl\/wp-content\/uploads\/2024\/11\/Vervoer-bloemen-aalsmeer-e1732285334163.webp","type":"image\/jpeg"}],"twitter_card":"summary_large_image","twitter_misc":{"Szacowany czas czytania":"2 minuty"},"schema":{"@context":"https:\/\/schema.org","@graph":[{"@type":"WebPage","@id":"https:\/\/vanderlembloemen.nl\/pl\/zakres-produktow\/","url":"https:\/\/vanderlembloemen.nl\/pl\/zakres-produktow\/","name":"Gama kwiat\u00f3w i ro\u015blin","isPartOf":{"@id":"https:\/\/vanderlembloemen.nl\/pl\/#website"},"primaryImageOfPage":{"@id":"https:\/\/vanderlembloemen.nl\/pl\/zakres-produktow\/#primaryimage"},"image":{"@id":"https:\/\/vanderlembloemen.nl\/pl\/zakres-produktow\/#primaryimage"},"thumbnailUrl":"https:\/\/vanderlembloemen.nl\/wp-content\/uploads\/2024\/11\/Vervoer-bloemen-aalsmeer-e1732285334163-1024x569.jpg","datePublished":"2024-09-23T11:00:26+00:00","dateModified":"2025-03-17T08:15:22+00:00","description":"Bez konieczno\u015bci fizycznej obecno\u015bci na aukcji, nasi klienci maj\u0105 dost\u0119p do szerokiej gamy wysokiej jako\u015bci kwiat\u00f3w, ro\u015blin i materia\u0142\u00f3w dekoracyjnych.","breadcrumb":{"@id":"https:\/\/vanderlembloemen.nl\/pl\/zakres-produktow\/#breadcrumb"},"inLanguage":"pl-PL","potentialAction":[{"@type":"ReadAction","target":["https:\/\/vanderlembloemen.nl\/pl\/zakres-produktow\/"]}]},{"@type":"ImageObject","inLanguage":"pl-PL","@id":"https:\/\/vanderlembloemen.nl\/pl\/zakres-produktow\/#primaryimage","url":"https:\/\/vanderlembloemen.nl\/wp-content\/uploads\/2024\/11\/Vervoer-bloemen-aalsmeer-e1732285334163-1024x569.jpg","contentUrl":"https:\/\/vanderlembloemen.nl\/wp-content\/uploads\/2024\/11\/Vervoer-bloemen-aalsmeer-e1732285334163-1024x569.jpg"},{"@type":"BreadcrumbList","@id":"https:\/\/vanderlembloemen.nl\/pl\/zakres-produktow\/#breadcrumb","itemListElement":[{"@type":"ListItem","position":1,"name":"Home","item":"https:\/\/vanderlembloemen.nl\/pl\/strona-glowna-2\/"},{"@type":"ListItem","position":2,"name":"Zakres produkt\u00f3w"}]},{"@type":"WebSite","@id":"https:\/\/vanderlembloemen.nl\/pl\/#website","url":"https:\/\/vanderlembloemen.nl\/pl\/","name":"Van der Lem Bloemen","description":"","publisher":{"@id":"https:\/\/vanderlembloemen.nl\/pl\/#organization"},"potentialAction":[{"@type":"SearchAction","target":{"@type":"EntryPoint","urlTemplate":"https:\/\/vanderlembloemen.nl\/pl\/?s={search_term_string}"},"query-input":{"@type":"PropertyValueSpecification","valueRequired":true,"valueName":"search_term_string"}}],"inLanguage":"pl-PL"},{"@type":"Organization","@id":"https:\/\/vanderlembloemen.nl\/pl\/#organization","name":"Van der Lem Bloemen","url":"https:\/\/vanderlembloemen.nl\/pl\/","logo":{"@type":"ImageObject","inLanguage":"pl-PL","@id":"https:\/\/vanderlembloemen.nl\/pl\/#\/schema\/logo\/image\/","url":"https:\/\/vanderlembloemen.nl\/wp-content\/uploads\/2024\/09\/Logo-Van-der-Lem-Bloemen.webp","contentUrl":"https:\/\/vanderlembloemen.nl\/wp-content\/uploads\/2024\/09\/Logo-Van-der-Lem-Bloemen.webp","width":350,"height":100,"caption":"Van der Lem Bloemen"},"image":{"@id":"https:\/\/vanderlembloemen.nl\/pl\/#\/schema\/logo\/image\/"}}]}},"_links":{"self":[{"href":"https:\/\/vanderlembloemen.nl\/pl\/wp-json\/wp\/v2\/pages\/1694","targetHints":{"allow":["GET"]}}],"collection":[{"href":"https:\/\/vanderlembloemen.nl\/pl\/wp-json\/wp\/v2\/pages"}],"about":[{"href":"https:\/\/vanderlembloemen.nl\/pl\/wp-json\/wp\/v2\/types\/page"}],"author":[{"embeddable":true,"href":"https:\/\/vanderlembloemen.nl\/pl\/wp-json\/wp\/v2\/users\/1"}],"replies":[{"embeddable":true,"href":"https:\/\/vanderlembloemen.nl\/pl\/wp-json\/wp\/v2\/comments?post=1694"}],"version-history":[{"count":11,"href":"https:\/\/vanderlembloemen.nl\/pl\/wp-json\/wp\/v2\/pages\/1694\/revisions"}],"predecessor-version":[{"id":3683,"href":"https:\/\/vanderlembloemen.nl\/pl\/wp-json\/wp\/v2\/pages\/1694\/revisions\/3683"}],"wp:attachment":[{"href":"https:\/\/vanderlembloemen.nl\/pl\/wp-json\/wp\/v2\/media?parent=1694"}],"curies":[{"name":"wp","href":"https:\/\/api.w.org\/{rel}","templated":true}]}}