{"id":1720,"date":"2024-09-23T13:00:42","date_gmt":"2024-09-23T11:00:42","guid":{"rendered":"https:\/\/vanderlembloemen.nl\/o-nas\/"},"modified":"2025-01-24T15:26:13","modified_gmt":"2025-01-24T13:26:13","slug":"o-nas","status":"publish","type":"page","link":"https:\/\/vanderlembloemen.nl\/pl\/o-nas\/","title":{"rendered":"O nas"},"content":{"rendered":"\t\t<div data-elementor-type=\"wp-page\" data-elementor-id=\"1720\" class=\"elementor elementor-1720 elementor-122\" data-elementor-post-type=\"page\">\n\t\t\t\t<div class=\"elementor-element elementor-element-0d7912c e-con-full e-flex e-con e-parent\" data-id=\"0d7912c\" data-element_type=\"container\" data-e-type=\"container\" data-settings=\"{&quot;background_background&quot;:&quot;classic&quot;}\">\n\t\t\t\t<div class=\"elementor-element elementor-element-0a3bc57 elementor-widget elementor-widget-heading\" data-id=\"0a3bc57\" data-element_type=\"widget\" data-e-type=\"widget\" data-widget_type=\"heading.default\">\n\t\t\t\t<div class=\"elementor-widget-container\">\n\t\t\t\t\t<h2 class=\"elementor-heading-title elementor-size-default\">O nas<\/h2>\t\t\t\t<\/div>\n\t\t\t\t<\/div>\n\t\t\t\t<\/div>\n\t\t<div class=\"elementor-element elementor-element-cbd9847 e-con-full e-flex e-con e-child\" data-id=\"cbd9847\" data-element_type=\"container\" data-e-type=\"container\" data-settings=\"{&quot;background_background&quot;:&quot;classic&quot;}\">\n\t\t\t\t<div class=\"elementor-element elementor-element-494697f elementor-widget__width-initial elementor-widget-tablet__width-inherit elementor-invisible elementor-widget elementor-widget-heading\" data-id=\"494697f\" data-element_type=\"widget\" data-e-type=\"widget\" data-settings=\"{&quot;_animation&quot;:&quot;fadeIn&quot;}\" data-widget_type=\"heading.default\">\n\t\t\t\t<div class=\"elementor-widget-container\">\n\t\t\t\t\t<h2 class=\"elementor-heading-title elementor-size-default\"><div> Prawdziwa firma <span style=\"color:#99F327\"> rodzinna<\/span> <\/h2>\t\t\t\t<\/div>\n\t\t\t\t<\/div>\n\t\t\t\t<div class=\"elementor-element elementor-element-a407662 elementor-widget__width-initial elementor-widget-tablet__width-inherit elementor-widget-tablet_extra__width-initial elementor-invisible elementor-widget elementor-widget-text-editor\" data-id=\"a407662\" data-element_type=\"widget\" data-e-type=\"widget\" data-settings=\"{&quot;_animation&quot;:&quot;fadeIn&quot;}\" data-widget_type=\"text-editor.default\">\n\t\t\t\t<div class=\"elementor-widget-container\">\n\t\t\t\t\t\t\t\t\t<p>Firma Van der Lem Flowers, za\u0142o\u017cona w 1997 roku jako firma rodzinna, ceni sobie indywidualne podej\u015bcie. Uwa\u017cnie s\u0142uchamy \u017cycze\u0144 naszych klient\u00f3w i oferujemy rozwi\u0105zania dostosowane do ich potrzeb. Dbamy o ka\u017cde zam\u00f3wienie z trosk\u0105 i uwag\u0105, dzi\u0119ki czemu zawsze mo\u017cesz liczy\u0107 na kwiaty i ro\u015bliny najwy\u017cszej jako\u015bci.    <\/p>\n\t\t\t\t\t\t\t\t<\/div>\n\t\t\t\t<\/div>\n\t\t\t\t<\/div>\n\t\t<div class=\"elementor-element elementor-element-506a0a0 e-con-full e-flex e-con e-parent\" data-id=\"506a0a0\" data-element_type=\"container\" data-e-type=\"container\" data-settings=\"{&quot;background_background&quot;:&quot;classic&quot;}\">\n\t\t\t\t<div class=\"elementor-element elementor-element-2bc6c0a1 elementor-widget__width-inherit elementor-invisible elementor-widget elementor-widget-image\" data-id=\"2bc6c0a1\" data-element_type=\"widget\" data-e-type=\"widget\" data-settings=\"{&quot;_animation&quot;:&quot;fadeIn&quot;}\" data-widget_type=\"image.default\">\n\t\t\t\t<div class=\"elementor-widget-container\">\n\t\t\t\t\t\t\t\t\t\t\t\t\t\t\t<img fetchpriority=\"high\" decoding=\"async\" width=\"2048\" height=\"982\" src=\"https:\/\/vanderlembloemen.nl\/wp-content\/uploads\/2025\/01\/Familiebedrijf-van-der-lem-bloemen-aalsmeer.webp\" class=\"attachment-full size-full wp-image-3232\" alt=\"\" \/>\t\t\t\t\t\t\t\t\t\t\t\t\t\t\t<\/div>\n\t\t\t\t<\/div>\n\t\t\t\t<\/div>\n\t\t<div class=\"elementor-element elementor-element-1cfd29a3 e-flex e-con-boxed e-con e-parent\" data-id=\"1cfd29a3\" data-element_type=\"container\" data-e-type=\"container\" data-settings=\"{&quot;background_background&quot;:&quot;classic&quot;}\">\n\t\t\t\t\t<div class=\"e-con-inner\">\n\t\t<div class=\"elementor-element elementor-element-e66c7a6 e-con-full e-flex e-con e-child\" data-id=\"e66c7a6\" data-element_type=\"container\" data-e-type=\"container\">\n\t\t\t\t<div class=\"elementor-element elementor-element-dc43892 elementor-widget__width-initial elementor-widget-tablet__width-inherit elementor-widget elementor-widget-heading\" data-id=\"dc43892\" data-element_type=\"widget\" data-e-type=\"widget\" data-widget_type=\"heading.default\">\n\t\t\t\t<div class=\"elementor-widget-container\">\n\t\t\t\t\t<h2 class=\"elementor-heading-title elementor-size-default\">To jest to, za czym si\u0119<span style=\"color:#99F327\"> opowiadamy<\/span> <\/h2>\t\t\t\t<\/div>\n\t\t\t\t<\/div>\n\t\t\t\t<\/div>\n\t\t<div class=\"elementor-element elementor-element-5ebcdb64 e-con-full e-flex e-con e-child\" data-id=\"5ebcdb64\" data-element_type=\"container\" data-e-type=\"container\">\n\t\t\t\t<div class=\"elementor-element elementor-element-25eb358f elementor-widget-divider--view-line elementor-widget elementor-widget-divider\" data-id=\"25eb358f\" data-element_type=\"widget\" data-e-type=\"widget\" data-widget_type=\"divider.default\">\n\t\t\t\t<div class=\"elementor-widget-container\">\n\t\t\t\t\t\t\t<div class=\"elementor-divider\">\n\t\t\t<span class=\"elementor-divider-separator\">\n\t\t\t\t\t\t<\/span>\n\t\t<\/div>\n\t\t\t\t\t\t<\/div>\n\t\t\t\t<\/div>\n\t\t\t\t<div class=\"elementor-element elementor-element-402d97f0 elementor-widget elementor-widget-icon-box\" data-id=\"402d97f0\" data-element_type=\"widget\" data-e-type=\"widget\" data-widget_type=\"icon-box.default\">\n\t\t\t\t<div class=\"elementor-widget-container\">\n\t\t\t\t\t\t\t<div class=\"elementor-icon-box-wrapper\">\n\n\t\t\t\n\t\t\t\t\t\t<div class=\"elementor-icon-box-content\">\n\n\t\t\t\t\t\t\t\t\t<h3 class=\"elementor-icon-box-title\">\n\t\t\t\t\t\t<span  >\n\t\t\t\t\t\t\tOsobiste i zorientowane na klienta\t\t\t\t\t\t<\/span>\n\t\t\t\t\t<\/h3>\n\t\t\t\t\n\t\t\t\t\t\t\t\t\t<p class=\"elementor-icon-box-description\">\n\t\t\t\t\t\tW Van der Lem Flowers jeste\u015bmy blisko naszych klient\u00f3w. S\u0142uchamy ich \u017cycze\u0144 i oferujemy spersonalizowane rozwi\u0105zania, kt\u00f3re idealnie odpowiadaj\u0105 ich potrzebom. \t\t\t\t\t<\/p>\n\t\t\t\t\n\t\t\t<\/div>\n\t\t\t\n\t\t<\/div>\n\t\t\t\t\t\t<\/div>\n\t\t\t\t<\/div>\n\t\t\t\t<\/div>\n\t\t<div class=\"elementor-element elementor-element-472eeb3 e-con-full e-flex e-con e-child\" data-id=\"472eeb3\" data-element_type=\"container\" data-e-type=\"container\">\n\t\t\t\t<div class=\"elementor-element elementor-element-c309b4c elementor-widget-divider--view-line elementor-widget elementor-widget-divider\" data-id=\"c309b4c\" data-element_type=\"widget\" data-e-type=\"widget\" data-widget_type=\"divider.default\">\n\t\t\t\t<div class=\"elementor-widget-container\">\n\t\t\t\t\t\t\t<div class=\"elementor-divider\">\n\t\t\t<span class=\"elementor-divider-separator\">\n\t\t\t\t\t\t<\/span>\n\t\t<\/div>\n\t\t\t\t\t\t<\/div>\n\t\t\t\t<\/div>\n\t\t\t\t<div class=\"elementor-element elementor-element-54425418 elementor-widget elementor-widget-icon-box\" data-id=\"54425418\" data-element_type=\"widget\" data-e-type=\"widget\" data-widget_type=\"icon-box.default\">\n\t\t\t\t<div class=\"elementor-widget-container\">\n\t\t\t\t\t\t\t<div class=\"elementor-icon-box-wrapper\">\n\n\t\t\t\n\t\t\t\t\t\t<div class=\"elementor-icon-box-content\">\n\n\t\t\t\t\t\t\t\t\t<h3 class=\"elementor-icon-box-title\">\n\t\t\t\t\t\t<span  >\n\t\t\t\t\t\t\tNiezawodny\t\t\t\t\t\t<\/span>\n\t\t\t\t\t<\/h3>\n\t\t\t\t\n\t\t\t\t\t\t\t\t\t<p class=\"elementor-icon-box-description\">\n\t\t\t\t\t\tVan der Lem Flowers konsekwentnie zapewnia najwy\u017csz\u0105 jako\u015b\u0107 dzi\u0119ki naszemu wieloletniemu do\u015bwiadczeniu. Ka\u017cde zam\u00f3wienie jest starannie obs\u0142ugiwane, od wyboru kwiat\u00f3w po terminow\u0105 dostaw\u0119, zapewniaj\u0105c, \u017ce wszystko jest idealne. \t\t\t\t\t<\/p>\n\t\t\t\t\n\t\t\t<\/div>\n\t\t\t\n\t\t<\/div>\n\t\t\t\t\t\t<\/div>\n\t\t\t\t<\/div>\n\t\t\t\t<\/div>\n\t\t<div class=\"elementor-element elementor-element-57287030 e-con-full e-flex e-con e-child\" data-id=\"57287030\" data-element_type=\"container\" data-e-type=\"container\">\n\t\t\t\t<div class=\"elementor-element elementor-element-defad04 elementor-widget-divider--view-line elementor-widget elementor-widget-divider\" data-id=\"defad04\" data-element_type=\"widget\" data-e-type=\"widget\" data-widget_type=\"divider.default\">\n\t\t\t\t<div class=\"elementor-widget-container\">\n\t\t\t\t\t\t\t<div class=\"elementor-divider\">\n\t\t\t<span class=\"elementor-divider-separator\">\n\t\t\t\t\t\t<\/span>\n\t\t<\/div>\n\t\t\t\t\t\t<\/div>\n\t\t\t\t<\/div>\n\t\t\t\t<div class=\"elementor-element elementor-element-cfbf862 elementor-widget elementor-widget-icon-box\" data-id=\"cfbf862\" data-element_type=\"widget\" data-e-type=\"widget\" data-widget_type=\"icon-box.default\">\n\t\t\t\t<div class=\"elementor-widget-container\">\n\t\t\t\t\t\t\t<div class=\"elementor-icon-box-wrapper\">\n\n\t\t\t\n\t\t\t\t\t\t<div class=\"elementor-icon-box-content\">\n\n\t\t\t\t\t\t\t\t\t<h3 class=\"elementor-icon-box-title\">\n\t\t\t\t\t\t<span  >\n\t\t\t\t\t\t\tInnowacyjno\u015b\u0107 i wzrost\t\t\t\t\t\t<\/span>\n\t\t\t\t\t<\/h3>\n\t\t\t\t\n\t\t\t\t\t\t\t\t\t<p class=\"elementor-icon-box-description\">\n\t\t\t\t\t\tVan der Lem Flowers nieustannie poszukuje innowacyjnych sposob\u00f3w ulepszania proces\u00f3w i ofert, aby zawsze dostarcza\u0107 naszym klientom najlepsze produkty.  \t\t\t\t\t<\/p>\n\t\t\t\t\n\t\t\t<\/div>\n\t\t\t\n\t\t<\/div>\n\t\t\t\t\t\t<\/div>\n\t\t\t\t<\/div>\n\t\t\t\t<\/div>\n\t\t\t\t\t<\/div>\n\t\t\t\t<\/div>\n\t\t<div class=\"elementor-element elementor-element-11a21a0b e-con-full e-flex e-con e-parent\" data-id=\"11a21a0b\" data-element_type=\"container\" data-e-type=\"container\" data-settings=\"{&quot;background_background&quot;:&quot;classic&quot;}\">\n\t\t\t\t<div class=\"elementor-element elementor-element-7046f68e elementor-widget__width-initial elementor-invisible elementor-widget elementor-widget-image\" data-id=\"7046f68e\" data-element_type=\"widget\" data-e-type=\"widget\" data-settings=\"{&quot;_animation&quot;:&quot;fadeIn&quot;}\" data-widget_type=\"image.default\">\n\t\t\t\t<div class=\"elementor-widget-container\">\n\t\t\t\t\t\t\t\t\t\t\t\t\t\t\t<img decoding=\"async\" width=\"800\" height=\"534\" src=\"https:\/\/vanderlembloemen.nl\/wp-content\/uploads\/2025\/01\/Aalsmeer-bloemenveiling-1024x683.jpeg\" class=\"attachment-large size-large wp-image-3033\" alt=\"\" srcset=\"https:\/\/vanderlembloemen.nl\/wp-content\/uploads\/2025\/01\/Aalsmeer-bloemenveiling-1024x683.jpeg 1024w, https:\/\/vanderlembloemen.nl\/wp-content\/uploads\/2025\/01\/Aalsmeer-bloemenveiling-300x200.jpeg 300w, https:\/\/vanderlembloemen.nl\/wp-content\/uploads\/2025\/01\/Aalsmeer-bloemenveiling-768x512.jpeg 768w, https:\/\/vanderlembloemen.nl\/wp-content\/uploads\/2025\/01\/Aalsmeer-bloemenveiling-1536x1025.jpeg 1536w, https:\/\/vanderlembloemen.nl\/wp-content\/uploads\/2025\/01\/Aalsmeer-bloemenveiling.jpeg 2048w\" sizes=\"(max-width: 800px) 100vw, 800px\" \/>\t\t\t\t\t\t\t\t\t\t\t\t\t\t\t<\/div>\n\t\t\t\t<\/div>\n\t\t<div class=\"elementor-element elementor-element-1058b36d e-con-full e-flex elementor-invisible e-con e-child\" data-id=\"1058b36d\" data-element_type=\"container\" data-e-type=\"container\" data-settings=\"{&quot;animation&quot;:&quot;fadeIn&quot;}\">\n\t\t\t\t<div class=\"elementor-element elementor-element-c95a1cf elementor-widget__width-initial elementor-widget-tablet__width-inherit elementor-widget elementor-widget-heading\" data-id=\"c95a1cf\" data-element_type=\"widget\" data-e-type=\"widget\" data-widget_type=\"heading.default\">\n\t\t\t\t<div class=\"elementor-widget-container\">\n\t\t\t\t\t<h2 class=\"elementor-heading-title elementor-size-default\">Nasza<span style=\"color:#99F327\"> misja <\/span> <\/h2>\t\t\t\t<\/div>\n\t\t\t\t<\/div>\n\t\t\t\t<div class=\"elementor-element elementor-element-3d292a1 elementor-widget__width-initial elementor-widget-tablet__width-inherit elementor-widget elementor-widget-text-editor\" data-id=\"3d292a1\" data-element_type=\"widget\" data-e-type=\"widget\" data-widget_type=\"text-editor.default\">\n\t\t\t\t<div class=\"elementor-widget-container\">\n\t\t\t\t\t\t\t\t\t<p><span style=\"font-weight: 400;\">Nasz\u0105 misj\u0105 jest dostarczanie klientom najwy\u017cszej jako\u015bci kwiat\u00f3w i ro\u015blin, z dba\u0142o\u015bci\u0105 o ludzi i \u015brodowisko.  <\/span><span style=\"font-weight: 400;\"><br \/><\/span><span style=\"font-weight: 400;\"><br \/><\/span><span style=\"font-weight: 400;\">W Van der Lem Flowers staramy si\u0119 oferowa\u0107 co\u015b wi\u0119cej ni\u017c tylko kwiaty i ro\u015bliny &#8211; dostarczamy jako\u015b\u0107 z sensem. Wyb\u00f3r najwy\u017cszej jako\u015bci produkt\u00f3w to dopiero pocz\u0105tek. Starannie dobieramy kwiaty i ro\u015bliny, aby nasi klienci zawsze mogli liczy\u0107 na \u015bwie\u017co\u015b\u0107, pi\u0119kno i trwa\u0142o\u015b\u0107.  <\/span><\/p>\n\t\t\t\t\t\t\t\t<\/div>\n\t\t\t\t<\/div>\n\t\t\t\t<\/div>\n\t\t\t\t<\/div>\n\t\t\t\t<\/div>\n\t\t","protected":false},"excerpt":{"rendered":"<p>O nas Prawdziwa firma rodzinna Firma Van der Lem Flowers, za\u0142o\u017cona w 1997 roku jako firma rodzinna, ceni sobie indywidualne podej\u015bcie. Uwa\u017cnie s\u0142uchamy \u017cycze\u0144 naszych klient\u00f3w i oferujemy rozwi\u0105zania dostosowane do ich potrzeb. Dbamy o ka\u017cde zam\u00f3wienie z trosk\u0105 i uwag\u0105, dzi\u0119ki czemu zawsze mo\u017cesz liczy\u0107 na kwiaty i ro\u015bliny najwy\u017cszej jako\u015bci. To jest to, [&hellip;]<\/p>\n","protected":false},"author":1,"featured_media":0,"parent":0,"menu_order":0,"comment_status":"closed","ping_status":"closed","template":"","meta":{"footnotes":""},"class_list":["post-1720","page","type-page","status-publish","hentry"],"yoast_head":"<!-- This site is optimized with the Yoast SEO plugin v27.2 - https:\/\/yoast.com\/product\/yoast-seo-wordpress\/ -->\n<title>Hurtownia kwiat\u00f3w Van der Lem<\/title>\n<meta name=\"description\" content=\"Rodzinna kwiaciarnia Van der Lem Flowers prowadzi sprzeda\u017c hurtow\u0105 od 1997 roku. Oferujemy osobist\u0105 obs\u0142ug\u0119 i indywidualne rozwi\u0105zania w zakresie kwiat\u00f3w i ro\u015blin najwy\u017cszej jako\u015bci.\" \/>\n<meta name=\"robots\" content=\"index, follow, max-snippet:-1, max-image-preview:large, max-video-preview:-1\" \/>\n<link rel=\"canonical\" href=\"https:\/\/vanderlembloemen.nl\/pl\/o-nas\/\" \/>\n<meta property=\"og:locale\" content=\"pl_PL\" \/>\n<meta property=\"og:type\" content=\"article\" \/>\n<meta property=\"og:title\" content=\"Hurtownia kwiat\u00f3w Van der Lem\" \/>\n<meta property=\"og:description\" content=\"Rodzinna kwiaciarnia Van der Lem Flowers prowadzi sprzeda\u017c hurtow\u0105 od 1997 roku. Oferujemy osobist\u0105 obs\u0142ug\u0119 i indywidualne rozwi\u0105zania w zakresie kwiat\u00f3w i ro\u015blin najwy\u017cszej jako\u015bci.\" \/>\n<meta property=\"og:url\" content=\"https:\/\/vanderlembloemen.nl\/pl\/o-nas\/\" \/>\n<meta property=\"og:site_name\" content=\"Van der Lem Bloemen\" \/>\n<meta property=\"article:modified_time\" content=\"2025-01-24T13:26:13+00:00\" \/>\n<meta property=\"og:image\" content=\"https:\/\/vanderlembloemen.nl\/wp-content\/uploads\/2025\/01\/Familiebedrijf-van-der-lem-bloemen-aalsmeer.webp\" \/>\n<meta name=\"twitter:card\" content=\"summary_large_image\" \/>\n<meta name=\"twitter:label1\" content=\"Szacowany czas czytania\" \/>\n\t<meta name=\"twitter:data1\" content=\"1 minuta\" \/>\n<script type=\"application\/ld+json\" class=\"yoast-schema-graph\">{\"@context\":\"https:\/\/schema.org\",\"@graph\":[{\"@type\":\"WebPage\",\"@id\":\"https:\/\/vanderlembloemen.nl\/pl\/o-nas\/\",\"url\":\"https:\/\/vanderlembloemen.nl\/pl\/o-nas\/\",\"name\":\"Hurtownia kwiat\u00f3w Van der Lem\",\"isPartOf\":{\"@id\":\"https:\/\/vanderlembloemen.nl\/pl\/#website\"},\"primaryImageOfPage\":{\"@id\":\"https:\/\/vanderlembloemen.nl\/pl\/o-nas\/#primaryimage\"},\"image\":{\"@id\":\"https:\/\/vanderlembloemen.nl\/pl\/o-nas\/#primaryimage\"},\"thumbnailUrl\":\"https:\/\/vanderlembloemen.nl\/wp-content\/uploads\/2025\/01\/Familiebedrijf-van-der-lem-bloemen-aalsmeer.webp\",\"datePublished\":\"2024-09-23T11:00:42+00:00\",\"dateModified\":\"2025-01-24T13:26:13+00:00\",\"description\":\"Rodzinna kwiaciarnia Van der Lem Flowers prowadzi sprzeda\u017c hurtow\u0105 od 1997 roku. Oferujemy osobist\u0105 obs\u0142ug\u0119 i indywidualne rozwi\u0105zania w zakresie kwiat\u00f3w i ro\u015blin najwy\u017cszej jako\u015bci.\",\"breadcrumb\":{\"@id\":\"https:\/\/vanderlembloemen.nl\/pl\/o-nas\/#breadcrumb\"},\"inLanguage\":\"pl-PL\",\"potentialAction\":[{\"@type\":\"ReadAction\",\"target\":[\"https:\/\/vanderlembloemen.nl\/pl\/o-nas\/\"]}]},{\"@type\":\"ImageObject\",\"inLanguage\":\"pl-PL\",\"@id\":\"https:\/\/vanderlembloemen.nl\/pl\/o-nas\/#primaryimage\",\"url\":\"https:\/\/vanderlembloemen.nl\/wp-content\/uploads\/2025\/01\/Familiebedrijf-van-der-lem-bloemen-aalsmeer.webp\",\"contentUrl\":\"https:\/\/vanderlembloemen.nl\/wp-content\/uploads\/2025\/01\/Familiebedrijf-van-der-lem-bloemen-aalsmeer.webp\"},{\"@type\":\"BreadcrumbList\",\"@id\":\"https:\/\/vanderlembloemen.nl\/pl\/o-nas\/#breadcrumb\",\"itemListElement\":[{\"@type\":\"ListItem\",\"position\":1,\"name\":\"Home\",\"item\":\"https:\/\/vanderlembloemen.nl\/pl\/strona-glowna-2\/\"},{\"@type\":\"ListItem\",\"position\":2,\"name\":\"O nas\"}]},{\"@type\":\"WebSite\",\"@id\":\"https:\/\/vanderlembloemen.nl\/pl\/#website\",\"url\":\"https:\/\/vanderlembloemen.nl\/pl\/\",\"name\":\"Van der Lem Bloemen\",\"description\":\"\",\"publisher\":{\"@id\":\"https:\/\/vanderlembloemen.nl\/pl\/#organization\"},\"potentialAction\":[{\"@type\":\"SearchAction\",\"target\":{\"@type\":\"EntryPoint\",\"urlTemplate\":\"https:\/\/vanderlembloemen.nl\/pl\/?s={search_term_string}\"},\"query-input\":{\"@type\":\"PropertyValueSpecification\",\"valueRequired\":true,\"valueName\":\"search_term_string\"}}],\"inLanguage\":\"pl-PL\"},{\"@type\":\"Organization\",\"@id\":\"https:\/\/vanderlembloemen.nl\/pl\/#organization\",\"name\":\"Van der Lem Bloemen\",\"url\":\"https:\/\/vanderlembloemen.nl\/pl\/\",\"logo\":{\"@type\":\"ImageObject\",\"inLanguage\":\"pl-PL\",\"@id\":\"https:\/\/vanderlembloemen.nl\/pl\/#\/schema\/logo\/image\/\",\"url\":\"https:\/\/vanderlembloemen.nl\/wp-content\/uploads\/2024\/09\/Logo-Van-der-Lem-Bloemen.webp\",\"contentUrl\":\"https:\/\/vanderlembloemen.nl\/wp-content\/uploads\/2024\/09\/Logo-Van-der-Lem-Bloemen.webp\",\"width\":350,\"height\":100,\"caption\":\"Van der Lem Bloemen\"},\"image\":{\"@id\":\"https:\/\/vanderlembloemen.nl\/pl\/#\/schema\/logo\/image\/\"}}]}<\/script>\n<!-- \/ Yoast SEO plugin. -->","yoast_head_json":{"title":"Hurtownia kwiat\u00f3w Van der Lem","description":"Rodzinna kwiaciarnia Van der Lem Flowers prowadzi sprzeda\u017c hurtow\u0105 od 1997 roku. Oferujemy osobist\u0105 obs\u0142ug\u0119 i indywidualne rozwi\u0105zania w zakresie kwiat\u00f3w i ro\u015blin najwy\u017cszej jako\u015bci.","robots":{"index":"index","follow":"follow","max-snippet":"max-snippet:-1","max-image-preview":"max-image-preview:large","max-video-preview":"max-video-preview:-1"},"canonical":"https:\/\/vanderlembloemen.nl\/pl\/o-nas\/","og_locale":"pl_PL","og_type":"article","og_title":"Hurtownia kwiat\u00f3w Van der Lem","og_description":"Rodzinna kwiaciarnia Van der Lem Flowers prowadzi sprzeda\u017c hurtow\u0105 od 1997 roku. Oferujemy osobist\u0105 obs\u0142ug\u0119 i indywidualne rozwi\u0105zania w zakresie kwiat\u00f3w i ro\u015blin najwy\u017cszej jako\u015bci.","og_url":"https:\/\/vanderlembloemen.nl\/pl\/o-nas\/","og_site_name":"Van der Lem Bloemen","article_modified_time":"2025-01-24T13:26:13+00:00","og_image":[{"url":"https:\/\/vanderlembloemen.nl\/wp-content\/uploads\/2025\/01\/Familiebedrijf-van-der-lem-bloemen-aalsmeer.webp","type":"","width":"","height":""}],"twitter_card":"summary_large_image","twitter_misc":{"Szacowany czas czytania":"1 minuta"},"schema":{"@context":"https:\/\/schema.org","@graph":[{"@type":"WebPage","@id":"https:\/\/vanderlembloemen.nl\/pl\/o-nas\/","url":"https:\/\/vanderlembloemen.nl\/pl\/o-nas\/","name":"Hurtownia kwiat\u00f3w Van der Lem","isPartOf":{"@id":"https:\/\/vanderlembloemen.nl\/pl\/#website"},"primaryImageOfPage":{"@id":"https:\/\/vanderlembloemen.nl\/pl\/o-nas\/#primaryimage"},"image":{"@id":"https:\/\/vanderlembloemen.nl\/pl\/o-nas\/#primaryimage"},"thumbnailUrl":"https:\/\/vanderlembloemen.nl\/wp-content\/uploads\/2025\/01\/Familiebedrijf-van-der-lem-bloemen-aalsmeer.webp","datePublished":"2024-09-23T11:00:42+00:00","dateModified":"2025-01-24T13:26:13+00:00","description":"Rodzinna kwiaciarnia Van der Lem Flowers prowadzi sprzeda\u017c hurtow\u0105 od 1997 roku. Oferujemy osobist\u0105 obs\u0142ug\u0119 i indywidualne rozwi\u0105zania w zakresie kwiat\u00f3w i ro\u015blin najwy\u017cszej jako\u015bci.","breadcrumb":{"@id":"https:\/\/vanderlembloemen.nl\/pl\/o-nas\/#breadcrumb"},"inLanguage":"pl-PL","potentialAction":[{"@type":"ReadAction","target":["https:\/\/vanderlembloemen.nl\/pl\/o-nas\/"]}]},{"@type":"ImageObject","inLanguage":"pl-PL","@id":"https:\/\/vanderlembloemen.nl\/pl\/o-nas\/#primaryimage","url":"https:\/\/vanderlembloemen.nl\/wp-content\/uploads\/2025\/01\/Familiebedrijf-van-der-lem-bloemen-aalsmeer.webp","contentUrl":"https:\/\/vanderlembloemen.nl\/wp-content\/uploads\/2025\/01\/Familiebedrijf-van-der-lem-bloemen-aalsmeer.webp"},{"@type":"BreadcrumbList","@id":"https:\/\/vanderlembloemen.nl\/pl\/o-nas\/#breadcrumb","itemListElement":[{"@type":"ListItem","position":1,"name":"Home","item":"https:\/\/vanderlembloemen.nl\/pl\/strona-glowna-2\/"},{"@type":"ListItem","position":2,"name":"O nas"}]},{"@type":"WebSite","@id":"https:\/\/vanderlembloemen.nl\/pl\/#website","url":"https:\/\/vanderlembloemen.nl\/pl\/","name":"Van der Lem Bloemen","description":"","publisher":{"@id":"https:\/\/vanderlembloemen.nl\/pl\/#organization"},"potentialAction":[{"@type":"SearchAction","target":{"@type":"EntryPoint","urlTemplate":"https:\/\/vanderlembloemen.nl\/pl\/?s={search_term_string}"},"query-input":{"@type":"PropertyValueSpecification","valueRequired":true,"valueName":"search_term_string"}}],"inLanguage":"pl-PL"},{"@type":"Organization","@id":"https:\/\/vanderlembloemen.nl\/pl\/#organization","name":"Van der Lem Bloemen","url":"https:\/\/vanderlembloemen.nl\/pl\/","logo":{"@type":"ImageObject","inLanguage":"pl-PL","@id":"https:\/\/vanderlembloemen.nl\/pl\/#\/schema\/logo\/image\/","url":"https:\/\/vanderlembloemen.nl\/wp-content\/uploads\/2024\/09\/Logo-Van-der-Lem-Bloemen.webp","contentUrl":"https:\/\/vanderlembloemen.nl\/wp-content\/uploads\/2024\/09\/Logo-Van-der-Lem-Bloemen.webp","width":350,"height":100,"caption":"Van der Lem Bloemen"},"image":{"@id":"https:\/\/vanderlembloemen.nl\/pl\/#\/schema\/logo\/image\/"}}]}},"_links":{"self":[{"href":"https:\/\/vanderlembloemen.nl\/pl\/wp-json\/wp\/v2\/pages\/1720","targetHints":{"allow":["GET"]}}],"collection":[{"href":"https:\/\/vanderlembloemen.nl\/pl\/wp-json\/wp\/v2\/pages"}],"about":[{"href":"https:\/\/vanderlembloemen.nl\/pl\/wp-json\/wp\/v2\/types\/page"}],"author":[{"embeddable":true,"href":"https:\/\/vanderlembloemen.nl\/pl\/wp-json\/wp\/v2\/users\/1"}],"replies":[{"embeddable":true,"href":"https:\/\/vanderlembloemen.nl\/pl\/wp-json\/wp\/v2\/comments?post=1720"}],"version-history":[{"count":24,"href":"https:\/\/vanderlembloemen.nl\/pl\/wp-json\/wp\/v2\/pages\/1720\/revisions"}],"predecessor-version":[{"id":3447,"href":"https:\/\/vanderlembloemen.nl\/pl\/wp-json\/wp\/v2\/pages\/1720\/revisions\/3447"}],"wp:attachment":[{"href":"https:\/\/vanderlembloemen.nl\/pl\/wp-json\/wp\/v2\/media?parent=1720"}],"curies":[{"name":"wp","href":"https:\/\/api.w.org\/{rel}","templated":true}]}}